{"id":107,"date":"2024-10-09T16:33:56","date_gmt":"2024-10-09T16:33:56","guid":{"rendered":"http:\/\/neuroleak.fr\/?page_id=107"},"modified":"2025-12-11T10:01:32","modified_gmt":"2025-12-11T09:01:32","slug":"jusqua-quel-age-acheter-une-voiture-electrique","status":"publish","type":"page","link":"https:\/\/neuroleak.fr\/?page_id=107","title":{"rendered":"ECOLO-Jusqu&rsquo;\u00e0 quel age acheter une voiture \u00e9lectrique ?"},"content":{"rendered":"\n<p><br><strong>Vous avez 70 ans ou plus, les m\u00e9dias et votre entourage vous incitent \u00e0 changer de voiture pour un mod\u00e8les \u00e9lectrique ? montrez leur l&rsquo;erreur  \u00e9cologique et \u00e9conomique de leur conseils<\/strong><\/p>\n\n\n\n<figure class=\"wp-block-image size-full\"><img loading=\"lazy\" decoding=\"async\" width=\"150\" height=\"150\" src=\"https:\/\/neuroleak.fr\/wp-content\/uploads\/2024\/11\/Ours_cd1-1-1-2-150x150-2.jpg\" alt=\"\" class=\"wp-image-569\"\/><\/figure>\n\n\n\n<p>Jusqu&rsquo;\u00e0 quel age acheter une voiture \u00e9lectrique ?<br>Acheter une voiture \u00e9lectrique peut avoir plusieurs motivations , mais dans cette \u00e9tude , deux sont retenues:<br>-une justification \u00e9cologique<br>-une justification \u00e9conomique<br>Cette \u00e9tude a pour cadre la femme ou l&rsquo;homme moyen ; la femme moyenne vit 86 ans et l&rsquo;homme moyen vit 80 ans, apr\u00e8s 65 ans un conducteur moyen parcourt 8000 km par an et une conductrice moyenne parcourt 5000 km par an.<\/p>\n\n\n\n<figure class=\"wp-block-image size-full is-resized\"><img loading=\"lazy\" decoding=\"async\" width=\"200\" height=\"169\" src=\"https:\/\/neuroleak.fr\/wp-content\/uploads\/2024\/11\/Automobile75ans-1-2.bmp\" alt=\"\" class=\"wp-image-568\" style=\"width:614px;height:auto\"\/><\/figure>\n\n\n\n<hr class=\"wp-block-separator has-alpha-channel-opacity\"\/>\n\n\n\n<p>Si vous faites l&rsquo;acquisition d&rsquo;un v\u00e9hicule pour des raisons \u00e9cologiques , il faut consid\u00e9rer les param\u00e8tres suivants:<br>CO2 produit pour fabriquer une voiture \u00e9lectrique (CFE): 10 000 kg<br>CO2 produit pour fabriquer une voiture thermique (CFT): 6000 kg<br>Nombre de km parcouru par an: Nk<br>Nombre d&rsquo;ann\u00e9es de conduite :Na<br>CO2 produit ou n\u00e9cessaire par km pour une voiture \u00e9lectrique (CEE):0.08kg\/km<br>CO2 produit par une voiture \u00e9lectrique (CET):0.13 kg\/km<br>Avec ces donn\u00e9es , on peut r\u00e9pondre \u00e0 la question de savoir au bout de combien de temps les quantit\u00e9s de CO2 \u00e9mises sont \u00e9gales:<\/p>\n\n\n\n<p>CFE+CEE*<em>Nk<\/em>*Na=CFT+CET<em>*Nk<\/em>*Na et l&rsquo;on tire <\/p>\n\n\n\n<p>Na=(CFE-CFT)\/(CET*<em>Nk-CEE<\/em>*Nk)<\/p>\n\n\n\n<p>L&rsquo;\u00e9quilibre est atteint en 10 ans pour un homme et 16 ans pour une femme<br>Donc pour un homme ou une femme , n&rsquo;achetez pas de voiture \u00e9lectrique apr\u00e9s 70 ans pour faire un b\u00e9n\u00e9fice \u00e9cologique.<\/p>\n\n\n\n<hr class=\"wp-block-separator has-alpha-channel-opacity\"\/>\n\n\n\n<p>Si vous faites l&rsquo;acquisition d&rsquo;un v\u00e9hicule pour des raisons \u00e9conomiques, il faut consid\u00e9rer les param\u00e8tres suivants:<br>Le prix moyen d&rsquo;achat d&rsquo;une voiture moyenne \u00e9lectrique (PAE): 45 000 euros<br>Le prix moyen d&rsquo;achat d&rsquo;une voiture moyenne thermique (PAT): 25 000 euros<br>Nombre de km parcouru par an: Nk<br>Nombre d&rsquo;ann\u00e9es de conduite :Na<br>Co\u00fbt de la consommation \u00e9lectrique par km (CE):de 0.08 \u00e0 0.11 euros suivant les bornes de recharge<br>En exemple , le co\u00fbt d&rsquo;une recharge sur une borne Ionity de 50kw est de 0,4euros par kwh et une voiture consomme 0,2 kwh\/km<br>Co\u00fbt de la consommation \u00e9lectrique avec une borne \u00e0 domicile :0,04euros\/km<br>Co\u00fbt de la consommation thermique par km (CT):0,12 euros\/km<br>Avec ces donn\u00e9es , on peut r\u00e9pondre \u00e0 la question de savoir au bout de combien de temps les d\u00e9penses sont \u00e9gales:<\/p>\n\n\n\n<p>PAE+CE*<em>Nk*<\/em>Na=PAT+CT*<em>Nk*<\/em>Na et l&rsquo;on tire :<\/p>\n\n\n\n<p>Na=(PAE-PAT)\/(CT*Nk-CE-Nk)<\/p>\n\n\n\n<p>En restant optimiste avec une consommation \u00e9lectrique de 0,08 euros\/km on obtient un \u00e9quilibre des d\u00e9penses apr\u00e8s 62 ans pour les hommes et 100 ans pour les femmes.<\/p>\n\n\n\n<p>Si vous faites 20000 km\/an et que votre voiture \u00e9lectrique ne co\u00fbte que 10000 euros de plus qu&rsquo;une voiture thermique , on obtient alors un \u00e9quilibre des d\u00e9penses apr\u00e8s 12,5 ans.<br><\/p>\n\n\n\n<div class=\"wp-block-group alignfull has-base-color has-contrast-background-color has-text-color has-background has-link-color wp-elements-e2a3ccfeff26f08e2718f19df67cdbcc has-global-padding is-layout-constrained wp-container-core-group-is-layout-d89aad35 wp-block-group-is-layout-constrained\" style=\"margin-top:0;margin-bottom:0;padding-top:var(--wp--preset--spacing--50);padding-right:var(--wp--preset--spacing--50);padding-bottom:var(--wp--preset--spacing--50);padding-left:var(--wp--preset--spacing--50)\">\n<h2 class=\"wp-block-heading has-text-align-left has-base-color has-text-color has-link-color wp-elements-51fb1d198d3df7d9775d6c654584aaa0\" style=\"font-size:clamp(1.502rem, 1.502rem + ((1vw - 0.2rem) * 1.663), 2.5rem);letter-spacing:-0.02em\">Cette r\u00e9flexion est valable dans les conditions actuelles , voila ce que l&rsquo;on peut rapidement en conclure:<\/h2>\n\n\n\n<p><br><strong><em>A ce jour , une op\u00e9ration rentable est  , si vous roulez plus de 20000 km\/an , d&rsquo;acheter un v\u00e9hicule \u00e9lectrique que vous garderez 12 ans.<\/em><\/strong><\/p>\n\n\n\n<p><strong><em>Donc , pour faire des \u00e9conomies ,  n&rsquo;achetez plus de v\u00e9hicule \u00e9lectrique apr\u00e8s 68 ans si vous roulez beaucoup ; n&rsquo;achetez pas avant 60 ans , si vous ne faites que 10000km\/an.<\/em><\/strong><\/p>\n\n\n\n<p><strong><em>La solution r\u00e9ellement \u00e9conomique est d&rsquo;acheter un v\u00e9hicule \u00e9lectrique peu co\u00fbteux que vous pourrez recharger chez vous.<\/em><\/strong><\/p>\n\n\n\n<p><\/p>\n<\/div>\n","protected":false},"excerpt":{"rendered":"<p>Vous avez 70 ans ou plus, les m\u00e9dias et votre entourage vous incitent \u00e0 changer de voiture pour un mod\u00e8les \u00e9lectrique ? montrez leur l&rsquo;erreur \u00e9cologique et \u00e9conomique de leur conseils Jusqu&rsquo;\u00e0 quel age acheter une voiture \u00e9lectrique ?Acheter une voiture \u00e9lectrique peut avoir plusieurs motivations , mais dans cette \u00e9tude , deux sont retenues:-une [&hellip;]<\/p>\n","protected":false},"author":1,"featured_media":0,"parent":0,"menu_order":0,"comment_status":"closed","ping_status":"closed","template":"","meta":{"footnotes":""},"class_list":["post-107","page","type-page","status-publish","hentry"],"_links":{"self":[{"href":"https:\/\/neuroleak.fr\/index.php?rest_route=\/wp\/v2\/pages\/107","targetHints":{"allow":["GET"]}}],"collection":[{"href":"https:\/\/neuroleak.fr\/index.php?rest_route=\/wp\/v2\/pages"}],"about":[{"href":"https:\/\/neuroleak.fr\/index.php?rest_route=\/wp\/v2\/types\/page"}],"author":[{"embeddable":true,"href":"https:\/\/neuroleak.fr\/index.php?rest_route=\/wp\/v2\/users\/1"}],"replies":[{"embeddable":true,"href":"https:\/\/neuroleak.fr\/index.php?rest_route=%2Fwp%2Fv2%2Fcomments&post=107"}],"version-history":[{"count":5,"href":"https:\/\/neuroleak.fr\/index.php?rest_route=\/wp\/v2\/pages\/107\/revisions"}],"predecessor-version":[{"id":976,"href":"https:\/\/neuroleak.fr\/index.php?rest_route=\/wp\/v2\/pages\/107\/revisions\/976"}],"wp:attachment":[{"href":"https:\/\/neuroleak.fr\/index.php?rest_route=%2Fwp%2Fv2%2Fmedia&parent=107"}],"curies":[{"name":"wp","href":"https:\/\/api.w.org\/{rel}","templated":true}]}}