{"id":11,"date":"2024-09-15T08:39:45","date_gmt":"2024-09-15T08:39:45","guid":{"rendered":"http:\/\/neuroleak.fr\/?page_id=2"},"modified":"2025-12-11T10:05:58","modified_gmt":"2025-12-11T09:05:58","slug":"sample-page","status":"publish","type":"page","link":"https:\/\/neuroleak.fr\/?page_id=11","title":{"rendered":"NOUS-Pourquoi ici https"},"content":{"rendered":"\n<div class=\"wp-block-group has-global-padding is-layout-constrained wp-block-group-is-layout-constrained\">\n<p>Pourquoi quelques fois <s><mark style=\"background-color:rgba(0, 0, 0, 0)\" class=\"has-inline-color has-accent-3-color\">https<\/mark><\/s>  (ex:neuroleak.eu) et pas https (ex:neuroleak.fr)<\/p>\n<\/div>\n\n\n\n<p>Un certificat HTTPS garantit simplement que la connexion entre l&rsquo;utilisateur et le site est chiffr\u00e9e, ce qui prot\u00e8ge les donn\u00e9es \u00e9chang\u00e9es contre des interceptions potentielles par des tiers.<br>Cependant, <strong>HTTPS ne signifie pas<\/strong> que le site est fiable, honn\u00eate, ou exempt d&rsquo;activit\u00e9s malveillantes.<\/p>\n\n\n\n<p>Des \u00e9tudes ont r\u00e9v\u00e9l\u00e9 qu&rsquo;environ 70 \u00e0 80 % des sites de phishing utilisent d\u00e9sormais HTTPS, le <strong>HTTPS est souvent utilis\u00e9 pour tromper les utilisateurs sur la s\u00e9curit\u00e9 r\u00e9elle d\u2019un site.<\/strong><\/p>\n\n\n\n<blockquote class=\"wp-block-quote has-background-color has-foreground-background-color has-text-color has-background has-link-color wp-elements-cd59e6652472b5cc81d5c85654913f9d is-layout-flow wp-block-quote-is-layout-flow\">\n<p>Voici ce que disent les navigateurs courants avec un site<strong> <s><mark style=\"background-color:rgba(0, 0, 0, 0)\" class=\"has-inline-color has-accent-3-color\">https<\/mark><\/s><\/strong> , ils devraient dire exactement la m\u00eame chose avec les sites <strong>https<\/strong>, sans changer aucune lettre puisque le cryptage de la communication est le m\u00eame en <strong> <s><mark style=\"background-color:rgba(0, 0, 0, 0)\" class=\"has-inline-color has-accent-3-color\">https<\/mark><\/s><\/strong> et en https:<\/p>\n\n\n\n<p><em>EDGE ou BRAVE et AUTRES navigateurs disent avec <s><mark style=\"background-color:rgba(0, 0, 0, 0)\" class=\"has-inline-color has-accent-3-color\"> https:<\/mark><\/s><\/em><em> \/\/<\/em> &lt;&lt;Votre connexion n\u2019est pas priv\u00e9e<br>Les utilisateurs malveillants essaient peut-\u00eatre de voler vos informations de XXX.XXX.XXX.XXX (par exemple, les mots de passe, les messages ou les cartes de cr\u00e9dit)<\/p>\n\n\n\n<p><strong>DigiCert, GlobalSign, Comodo et bien d&rsquo;autres vous saluent bien.<\/strong><\/p>\n\n\n\n<p><em><strong><mark style=\"background-color:#cfcabe\" class=\"has-inline-color has-accent-3-color\">ICI , consultations sans cookies, sans tra\u00e7age L&rsquo; internet comme dans les annees 1990<\/mark> <\/strong><\/em><\/p>\n<\/blockquote>\n\n\n\n<figure class=\"wp-block-video\"><video height=\"480\" style=\"aspect-ratio: 856 \/ 480;\" width=\"856\" controls src=\"https:\/\/neuroleak.fr\/wp-content\/uploads\/2025\/07\/Maison2.mp4\"><\/video><\/figure>\n\n\n\n<figure class=\"wp-block-image size-large is-resized\"><img loading=\"lazy\" decoding=\"async\" width=\"1024\" height=\"809\" src=\"https:\/\/neuroleak.fr\/wp-content\/uploads\/2025\/07\/A20250526_104317-1024x809.jpg\" alt=\"\" class=\"wp-image-919\" style=\"width:284px;height:auto\" srcset=\"https:\/\/neuroleak.fr\/wp-content\/uploads\/2025\/07\/A20250526_104317-1024x809.jpg 1024w, https:\/\/neuroleak.fr\/wp-content\/uploads\/2025\/07\/A20250526_104317-300x237.jpg 300w, https:\/\/neuroleak.fr\/wp-content\/uploads\/2025\/07\/A20250526_104317-768x606.jpg 768w, https:\/\/neuroleak.fr\/wp-content\/uploads\/2025\/07\/A20250526_104317-1536x1213.jpg 1536w, https:\/\/neuroleak.fr\/wp-content\/uploads\/2025\/07\/A20250526_104317.jpg 1920w\" sizes=\"auto, (max-width: 1024px) 100vw, 1024px\" \/><\/figure>\n\n\n\n<p><\/p>\n","protected":false},"excerpt":{"rendered":"<p>Pourquoi quelques fois https (ex:neuroleak.eu) et pas https (ex:neuroleak.fr) Un certificat HTTPS garantit simplement que la connexion entre l&rsquo;utilisateur et le site est chiffr\u00e9e, ce qui prot\u00e8ge les donn\u00e9es \u00e9chang\u00e9es contre des interceptions potentielles par des tiers.Cependant, HTTPS ne signifie pas que le site est fiable, honn\u00eate, ou exempt d&rsquo;activit\u00e9s malveillantes. Des \u00e9tudes ont r\u00e9v\u00e9l\u00e9 [&hellip;]<\/p>\n","protected":false},"author":1,"featured_media":0,"parent":0,"menu_order":0,"comment_status":"closed","ping_status":"open","template":"","meta":{"footnotes":""},"class_list":["post-11","page","type-page","status-publish","hentry"],"_links":{"self":[{"href":"https:\/\/neuroleak.fr\/index.php?rest_route=\/wp\/v2\/pages\/11","targetHints":{"allow":["GET"]}}],"collection":[{"href":"https:\/\/neuroleak.fr\/index.php?rest_route=\/wp\/v2\/pages"}],"about":[{"href":"https:\/\/neuroleak.fr\/index.php?rest_route=\/wp\/v2\/types\/page"}],"author":[{"embeddable":true,"href":"https:\/\/neuroleak.fr\/index.php?rest_route=\/wp\/v2\/users\/1"}],"replies":[{"embeddable":true,"href":"https:\/\/neuroleak.fr\/index.php?rest_route=%2Fwp%2Fv2%2Fcomments&post=11"}],"version-history":[{"count":14,"href":"https:\/\/neuroleak.fr\/index.php?rest_route=\/wp\/v2\/pages\/11\/revisions"}],"predecessor-version":[{"id":981,"href":"https:\/\/neuroleak.fr\/index.php?rest_route=\/wp\/v2\/pages\/11\/revisions\/981"}],"wp:attachment":[{"href":"https:\/\/neuroleak.fr\/index.php?rest_route=%2Fwp%2Fv2%2Fmedia&parent=11"}],"curies":[{"name":"wp","href":"https:\/\/api.w.org\/{rel}","templated":true}]}}