{"id":115,"date":"2024-10-28T15:35:53","date_gmt":"2024-10-28T15:35:53","guid":{"rendered":"http:\/\/neuroleak.fr\/?page_id=115"},"modified":"2025-12-11T09:59:02","modified_gmt":"2025-12-11T08:59:02","slug":"pib-de-riche-pib-de-pauvre","status":"publish","type":"page","link":"https:\/\/neuroleak.fr\/?page_id=115","title":{"rendered":"ELUS-PIB de riche, PIB de pauvre"},"content":{"rendered":"\n<p><br><strong>Des \u00e9conomistes et des politiques tr\u00e8s souvent employ\u00e9s du secteur public, dissip\u00e9s \u00e0 l\u2019\u00e9cole primaire , donnent d\u2019excellents conseils aux mis\u00e9rables retrait\u00e9s du priv\u00e9, on va finir par y croire &#8230;<\/strong><\/p>\n\n\n\n<div class=\"wp-block-group alignfull has-accent-background-color has-background has-global-padding is-layout-constrained wp-container-core-group-is-layout-669513ed wp-block-group-is-layout-constrained\" style=\"margin-top:0;margin-bottom:0;padding-top:var(--wp--preset--spacing--50);padding-right:var(--wp--preset--spacing--50);padding-bottom:var(--wp--preset--spacing--50);padding-left:var(--wp--preset--spacing--50)\">\n<div class=\"wp-block-columns alignwide is-layout-flex wp-container-core-columns-is-layout-1da03c2a wp-block-columns-is-layout-flex\">\n<div class=\"wp-block-column is-vertically-aligned-stretch is-layout-flow wp-block-column-is-layout-flow\" style=\"flex-basis:50%\">\n<div class=\"wp-block-group is-vertical is-content-justification-stretch is-layout-flex wp-container-core-group-is-layout-444d5ee8 wp-block-group-is-layout-flex\" style=\"min-height:100%\">\n<p class=\"has-heading-font-family has-x-large-font-size\" style=\"line-height:1.2\">En 2021: un <strong>d\u00e9ficit de 26 Md d&rsquo;euros<\/strong> dans les caisses de retraite du secteur publique, et , <strong>0.9 Md d&rsquo;euros d&rsquo;exc\u00e9dants<\/strong> dans les caisses de retraite du priv\u00e9. 21% d&rsquo;erreur sur un calcul relatif a ses employ\u00e9s, une population embauch\u00e9e, comptabilis\u00e9e et pay\u00e9e par l&rsquo;Etat , un nombre qui \u00e9volue depuis des ann\u00e9es en pente douce. Une insulte au calcul mental ?<\/p>\n\n\n\n<p>NOTE: &lt;&lt;Pardon M&rsquo;sieur, on&rsquo;pouvait pas savoir . On nous a dit qu&rsquo;\u00e9quilibrer les retraites du priv\u00e9 et du public, c&rsquo;\u00e9tait d&rsquo;additionner le montant des deux caisses puis diviser le r\u00e9sultat par deux. &gt;&gt;<\/p>\n<\/div>\n<\/div>\n\n\n\n<div class=\"wp-block-column is-vertically-aligned-center is-layout-flow wp-block-column-is-layout-flow\" style=\"flex-basis:50%\">\n<figure class=\"wp-block-image size-full is-style-default\"><img loading=\"lazy\" decoding=\"async\" width=\"200\" height=\"232\" src=\"https:\/\/neuroleak.fr\/wp-content\/uploads\/2024\/11\/Ours_rolls-2-3.jpg\" alt=\"\" class=\"wp-image-551\" style=\"aspect-ratio:3\/4;object-fit:cover\"\/><\/figure>\n<\/div>\n<\/div>\n<\/div>\n\n\n\n<div class=\"wp-block-group alignfull has-base-background-color has-background has-global-padding is-layout-constrained wp-container-core-group-is-layout-d89aad35 wp-block-group-is-layout-constrained\" style=\"margin-top:0;margin-bottom:0;padding-top:var(--wp--preset--spacing--50);padding-right:var(--wp--preset--spacing--50);padding-bottom:var(--wp--preset--spacing--50);padding-left:var(--wp--preset--spacing--50)\">\n<div class=\"wp-block-columns alignwide is-layout-flex wp-container-core-columns-is-layout-549b0c86 wp-block-columns-is-layout-flex\">\n<div class=\"wp-block-column has-global-padding is-content-justification-left is-layout-constrained wp-container-core-column-is-layout-4f15e8fe wp-block-column-is-layout-constrained\" style=\"flex-basis:40%\">\n<p><\/p>\n<\/div>\n\n\n\n<div class=\"wp-block-column is-layout-flow wp-container-core-column-is-layout-119bc444 wp-block-column-is-layout-flow\" style=\"flex-basis:60%\">\n<p class=\"has-heading-font-family has-x-large-font-size\" style=\"line-height:1.2\">Non, nos hauts fonctionnaires n&rsquo;ont pas pour usage d&rsquo;insulter leurs administr\u00e9s, on en d\u00e9duit que c&rsquo;est un petit mensonge \u00e0 destination de l&rsquo;Europe et aux \u00e9lecteurs Fran\u00e7ais . D&rsquo;ailleurs, ces petits mensonges , touchants , amusent nos partenaires Europ\u00e9ens qui nous accordent leur mansu\u00e9tude pour nos divertissements . A l&rsquo;exemple du PIB, embrouill\u00e9 m\u00eame par d&rsquo;anciens ministres qui nous enseignent qu&rsquo;une croissance du chiffre PIB , est un traceur d&rsquo;enrichissement du pays. Pour preuve de ce dogme , le 20\/09\/24 sur F.I Me P. M. laisse entendre que la \u00ab\u00a0croissance du pays \u00a0\u00bb en 22-23 est due aux achats \u00e0 l&rsquo;\u00e9tranger , faisant un amalgame avec le PIB dont l&rsquo;augmentation \u00e9tait due an partie aux 100 Md Euros de d\u00e9penses hospitali\u00e8res covid suppl\u00e9mentaires, et aux emprunts associ\u00e9s.<\/p>\n\n\n\n<p class=\"has-heading-font-family has-x-large-font-size\" style=\"line-height:1.2\"><\/p>\n\n\n\n<div class=\"wp-block-columns is-layout-flex wp-container-core-columns-is-layout-87beb0d0 wp-block-columns-is-layout-flex\">\n<div class=\"wp-block-column is-layout-flow wp-block-column-is-layout-flow\">\n<p class=\"wp-container-content-9cfa9a5a\"><\/p>\n<\/div>\n<\/div>\n<\/div>\n<\/div>\n<\/div>\n\n\n\n<div class=\"wp-block-group alignfull has-global-padding is-layout-constrained wp-container-core-group-is-layout-d89aad35 wp-block-group-is-layout-constrained\" style=\"margin-top:0;margin-bottom:0;padding-top:var(--wp--preset--spacing--50);padding-right:var(--wp--preset--spacing--50);padding-bottom:var(--wp--preset--spacing--50);padding-left:var(--wp--preset--spacing--50)\"><\/div>\n\n\n\n<div class=\"wp-block-group alignfull has-base-color has-contrast-background-color has-text-color has-background has-link-color wp-elements-f90267df0d64025015a46fee27cd092e has-global-padding is-layout-constrained wp-container-core-group-is-layout-d89aad35 wp-block-group-is-layout-constrained\" style=\"margin-top:0;margin-bottom:0;padding-top:var(--wp--preset--spacing--50);padding-right:var(--wp--preset--spacing--50);padding-bottom:var(--wp--preset--spacing--50);padding-left:var(--wp--preset--spacing--50)\">\n<h2 class=\"wp-block-heading alignwide has-base-color has-text-color has-link-color wp-elements-a3cc15a9ff30a4d8e6c5fef27fd61838\" style=\"font-size:clamp(2.066rem, 2.066rem + ((1vw - 0.2rem) * 2.723), 3.7rem);letter-spacing:-0.02em\">Analyse a 2 euros<\/h2>\n\n\n\n<div class=\"wp-block-group alignwide is-layout-flow wp-block-group-is-layout-flow\">\n<hr class=\"wp-block-separator has-text-color has-base-color has-alpha-channel-opacity has-base-background-color has-background is-style-wide\" style=\"margin-top:var(--wp--preset--spacing--30);margin-bottom:var(--wp--preset--spacing--30)\"\/>\n\n\n\n<h3 class=\"wp-block-heading alignwide has-base-2-color has-text-color has-link-color wp-elements-85b37233be04526b9c2a06a4e2037f89\">1- C&rsquo;est vrai, l&rsquo;Etat s&rsquo;est <strong>enrichi <\/strong>avec un doigt sur un PIB croissant durant cette p\u00e9riode , les fonctionnaires \u00e9conomistes, pour cette performance ont sans doute \u00e9t\u00e9 prim\u00e9s. <br>2- C&rsquo;est vrai, que la France s&rsquo;est<strong> apauvrie<\/strong> durant cette m\u00eame p\u00e9riode, une \u00ab\u00a0croissance\u00a0\u00bb d\u00e9ficitaire du commerce ext\u00e9rieur, une dette augment\u00e9e, des fran\u00e7ais sans doute d\u00e9prim\u00e9s.<br>3-La suite, ce raisonnement appliqu\u00e9 aux retrait\u00e9s: \u00ab\u00a0les retraites (du secteur public) sont et seront le principal moteur, <strong>grace a leur d\u00e9ficit<\/strong>, de la croissance du PIB \u00e0 venir, chauffeur,<strong> appuyez sur le champignon .<\/strong><\/h3>\n<\/div>\n<\/div>\n\n\n\n<div class=\"wp-block-group alignfull has-global-padding is-layout-constrained wp-container-core-group-is-layout-d89aad35 wp-block-group-is-layout-constrained\" style=\"margin-top:0;margin-bottom:0;padding-top:var(--wp--preset--spacing--50);padding-right:var(--wp--preset--spacing--50);padding-bottom:var(--wp--preset--spacing--50);padding-left:var(--wp--preset--spacing--50)\">\n<div class=\"wp-block-columns alignwide are-vertically-aligned-center is-layout-flex wp-container-core-columns-is-layout-47c06fe3 wp-block-columns-is-layout-flex\">\n<div class=\"wp-block-column is-vertically-aligned-center is-layout-flow wp-block-column-is-layout-flow\" style=\"flex-basis:50%\">\n<h2 class=\"wp-block-heading\"><\/h2>\n<\/div>\n<\/div>\n<\/div>\n","protected":false},"excerpt":{"rendered":"<p>Des \u00e9conomistes et des politiques tr\u00e8s souvent employ\u00e9s du secteur public, dissip\u00e9s \u00e0 l\u2019\u00e9cole primaire , donnent d\u2019excellents conseils aux mis\u00e9rables retrait\u00e9s du priv\u00e9, on va finir par y croire &#8230; En 2021: un d\u00e9ficit de 26 Md d&rsquo;euros dans les caisses de retraite du secteur publique, et , 0.9 Md d&rsquo;euros d&rsquo;exc\u00e9dants dans les [&hellip;]<\/p>\n","protected":false},"author":1,"featured_media":0,"parent":0,"menu_order":0,"comment_status":"closed","ping_status":"closed","template":"","meta":{"footnotes":""},"class_list":["post-115","page","type-page","status-publish","hentry"],"_links":{"self":[{"href":"https:\/\/neuroleak.fr\/index.php?rest_route=\/wp\/v2\/pages\/115","targetHints":{"allow":["GET"]}}],"collection":[{"href":"https:\/\/neuroleak.fr\/index.php?rest_route=\/wp\/v2\/pages"}],"about":[{"href":"https:\/\/neuroleak.fr\/index.php?rest_route=\/wp\/v2\/types\/page"}],"author":[{"embeddable":true,"href":"https:\/\/neuroleak.fr\/index.php?rest_route=\/wp\/v2\/users\/1"}],"replies":[{"embeddable":true,"href":"https:\/\/neuroleak.fr\/index.php?rest_route=%2Fwp%2Fv2%2Fcomments&post=115"}],"version-history":[{"count":9,"href":"https:\/\/neuroleak.fr\/index.php?rest_route=\/wp\/v2\/pages\/115\/revisions"}],"predecessor-version":[{"id":970,"href":"https:\/\/neuroleak.fr\/index.php?rest_route=\/wp\/v2\/pages\/115\/revisions\/970"}],"wp:attachment":[{"href":"https:\/\/neuroleak.fr\/index.php?rest_route=%2Fwp%2Fv2%2Fmedia&parent=115"}],"curies":[{"name":"wp","href":"https:\/\/api.w.org\/{rel}","templated":true}]}}