{"id":125,"date":"2024-10-15T16:07:50","date_gmt":"2024-10-15T16:07:50","guid":{"rendered":"http:\/\/neuroleak.fr\/?page_id=125"},"modified":"2025-12-11T09:58:05","modified_gmt":"2025-12-11T08:58:05","slug":"secu-cq","status":"publish","type":"page","link":"https:\/\/neuroleak.fr\/?page_id=125","title":{"rendered":"ELUS-La S\u00e9cu S\u00e9flou"},"content":{"rendered":"\n<p><br><strong>Encore un coup des politiques et \u00e9conomistes pour nous faire comprendre que le citoyen moyen est incapable de comprendre cette montagne budg\u00e9taire. Facile et hon\u00eate, vu que eux-m\u00eames ne comprennent pas les chiffres contradictoires d\u00e9clar\u00e9s.<\/strong><\/p>\n\n\n\n<div class=\"wp-block-group alignfull has-global-padding is-layout-constrained wp-container-core-group-is-layout-490fa1db wp-block-group-is-layout-constrained\" style=\"padding-top:var(--wp--preset--spacing--50);padding-right:var(--wp--preset--spacing--50);padding-bottom:var(--wp--preset--spacing--50);padding-left:var(--wp--preset--spacing--50)\">\n<div class=\"wp-block-group has-global-padding is-layout-constrained wp-container-core-group-is-layout-650790e1 wp-block-group-is-layout-constrained\">\n<h1 class=\"wp-block-heading has-text-align-center has-x-large-font-size\">De 1980 a nos jours<\/h1>\n\n\n\n<div style=\"height:1.25rem\" aria-hidden=\"true\" class=\"wp-block-spacer\"><\/div>\n\n\n\n<p class=\"has-text-align-center\">Avec esp\u00e9rance de vie 85.7 ans \u00e0 la naissance, un PIB de 2850Md\u20ac <strong>c&rsquo;est toujours la f\u00eate chez Hippocrate<\/strong><\/p>\n\n\n\n<div style=\"height:1.25rem\" aria-hidden=\"true\" class=\"wp-block-spacer\"><\/div>\n\n\n\n<div class=\"wp-block-buttons is-content-justification-center is-layout-flex wp-container-core-buttons-is-layout-a89b3969 wp-block-buttons-is-layout-flex\"><\/div>\n<\/div>\n\n\n\n<div style=\"height:var(--wp--preset--spacing--30)\" aria-hidden=\"true\" class=\"wp-block-spacer\"><\/div>\n\n\n\n<figure class=\"wp-block-image alignwide size-full is-style-default\"><img loading=\"lazy\" decoding=\"async\" width=\"300\" height=\"254\" src=\"https:\/\/neuroleak.fr\/wp-content\/uploads\/2024\/11\/Doctor-Bear-1-1-300x254-1.jpg\" alt=\"\" class=\"wp-image-585\"\/><\/figure>\n<\/div>\n\n\n\n<div class=\"wp-block-group alignfull has-base-2-background-color has-background has-global-padding is-layout-constrained wp-container-core-group-is-layout-669513ed wp-block-group-is-layout-constrained\" style=\"margin-top:0;margin-bottom:0;padding-top:var(--wp--preset--spacing--50);padding-right:var(--wp--preset--spacing--50);padding-bottom:var(--wp--preset--spacing--50);padding-left:var(--wp--preset--spacing--50)\">\n<div class=\"wp-block-group is-vertical is-content-justification-center is-layout-flex wp-container-core-group-is-layout-52b864f0 wp-block-group-is-layout-flex\">\n<h2 class=\"wp-block-heading has-text-align-center is-style-asterisk\">Une passion pour cr\u00e9er des vieux<\/h2>\n\n\n\n<div style=\"height:0px\" aria-hidden=\"true\" class=\"wp-block-spacer wp-container-content-4f2ccadb\"><\/div>\n\n\n\n<p class=\"has-text-align-center\">De 1980 \u00e0 nos jours, un succ\u00e8s \u00e9conomique incontestable qui fait des en\/vieux dans toute l&rsquo;Europe .<\/p>\n<\/div>\n\n\n\n<div class=\"wp-block-columns alignwide is-layout-flex wp-container-core-columns-is-layout-d0bbbce0 wp-block-columns-is-layout-flex\">\n<div class=\"wp-block-column is-layout-flow wp-container-core-column-is-layout-e3d1c41b wp-block-column-is-layout-flow\">\n<h3 class=\"wp-block-heading has-text-align-left is-style-asterisk has-body-font-family has-medium-font-size\" style=\"font-style:normal;font-weight:600\">Les Faits:<\/h3>\n\n\n\n<p><\/p>\n\n\n\n<p class=\"has-text-align-left\">-En<strong> 1980<\/strong>, la population fran\u00e7aise \u00e9tait d&rsquo;environ <strong>56,8 millions<\/strong> d&rsquo;habitants, avec esp\u00e9rance de vie 74,5 ans a la naissance<br>.-En <strong>2020<\/strong>, la population fran\u00e7aise est d&rsquo;environ <strong>67,1 millions<\/strong> d&rsquo;habitants, avec esp\u00e9rance de vie 82.5 ans a la naissance.<br><br>-En <strong>1980<\/strong> Un an de vie coutait <strong>3790<\/strong> Euro, le revenu moyen par habitant en France \u00e9tait d&rsquo;environ 10 500 Euros.<br>-En <strong>2020<\/strong> Un an de vie coutait <strong>6328<\/strong> Euro, le revenu moyen par habitant en France \u00e9tait d&rsquo;environ 21 500 Euros.<br><\/p>\n\n\n\n<p><strong><em>LES DONNEES SORTIES D&rsquo;UN FLOU ARTISTIQUEMENT ENTRETENU DEPUIS 2020 PAR NOS ELITES<\/em><\/strong><\/p>\n\n\n\n<p class=\"has-text-align-left\">2019 : selon le ministre de l&rsquo;\u00e9poque, les remboursements de la SS pour soins = 102Md\u20ac<br>2019 : selon la s\u00e9curit\u00e9 sociale \u00e0 l&rsquo;\u00e9poque, les remboursements de la SS pour soins = 170Md\u20ac<br>1980 : selon la s\u00e9curit\u00e9 sociale \u00e0 l&rsquo;\u00e9poque, les remboursements de la SS pour soins = 1.9 Md\u20ac (4.3MdE en Euro actualis\u00e9s)<br><strong>2019: les honoraires<\/strong> pay\u00e9s aux m\u00e9decins seraient de 30MdE pour 226 000 m\u00e9decins donc: <strong>132 000\u20ac\/m\u00e9decin<\/strong><br><strong>1980: les honoraires<\/strong> pay\u00e9s aux m\u00e9decins \u00e9taient inf\u00e9rieurs a 4.3MdE pour 125 000 m\u00e9decins donc inf\u00e9rieurs a: <strong>35 000\u20ac\/m\u00e9decin<\/strong><\/p>\n<\/div>\n<\/div>\n\n\n\n<div style=\"height:var(--wp--preset--spacing--20)\" aria-hidden=\"true\" class=\"wp-block-spacer\"><\/div>\n\n\n\n<div class=\"wp-block-columns alignwide is-layout-flex wp-container-core-columns-is-layout-d0bbbce0 wp-block-columns-is-layout-flex\">\n<div class=\"wp-block-column is-layout-flow wp-container-core-column-is-layout-e3d1c41b wp-block-column-is-layout-flow\"><\/div>\n<\/div>\n\n\n\n<p class=\"has-contrast-3-background-color has-background\" style=\"margin-top:0;margin-right:0;margin-bottom:0;margin-left:0;font-size:clamp(14px, 0.875rem + ((1vw - 3.2px) * 0.625), 20px);\"><strong>LE CONSTAT<\/strong><\/p>\n\n\n\n<p class=\"has-contrast-3-background-color has-background\" style=\"margin-top:0;margin-right:0;margin-bottom:0;margin-left:0;font-size:clamp(14px, 0.875rem + ((1vw - 3.2px) * 0.625), 20px);\"><br>Le nombre de professionnels de la sant\u00e9 , <strong>en 1980<\/strong> \u00e9tait de 700 000 pour 57M habitants, les Fran\u00e7ais semblaient alors <strong>satisfaits<\/strong> avec <strong>1 soigneur pour 81 habitants<\/strong> (125 000 m\u00e9decins)<br>Le nombre de professionnels de la sant\u00e9, <strong>en 2023<\/strong> \u00e9tait de 1 220 000 pour 67M habitants, les Fran\u00e7ais sont tr\u00e8s <strong>m\u00e9contents<\/strong>  avec <strong>1 soigneur pour 54 habitants<\/strong> (226 000 m\u00e9decins)<\/p>\n\n\n\n<p class=\"has-contrast-3-background-color has-background\" style=\"margin-top:0;margin-right:0;margin-bottom:0;margin-left:0;font-size:clamp(14px, 0.875rem + ((1vw - 3.2px) * 0.625), 20px);\">&#8211; Avec 12,5% du PIB en 1980, nos soignants pensaient trop au travail et pas assez aux vacances.<br>&#8211; Bravo pour la performance qui a multipli\u00e9 par 5.7 en 44 ans un chiffre d&rsquo;affaires dans un environnement ou la ressource a \u00e9t\u00e9 multipli\u00e9e simplement par 2<\/p>\n\n\n\n<p class=\"has-contrast-3-background-color has-background\" style=\"font-size:clamp(14px, 0.875rem + ((1vw - 3.2px) * 0.104), 15px);\"><\/p>\n<\/div>\n\n\n\n<div class=\"wp-block-group alignfull has-base-color has-contrast-background-color has-text-color has-background has-global-padding is-layout-constrained wp-container-core-group-is-layout-ef3d885c wp-block-group-is-layout-constrained\" style=\"margin-top:0;margin-bottom:0;padding-top:var(--wp--preset--spacing--60);padding-right:var(--wp--preset--spacing--60);padding-bottom:var(--wp--preset--spacing--60);padding-left:var(--wp--preset--spacing--60)\">\n<div class=\"wp-block-group has-global-padding is-layout-constrained wp-container-core-group-is-layout-d1eeeed6 wp-block-group-is-layout-constrained\">\n<p class=\"has-text-align-left has-base-color has-text-color has-heading-font-family has-large-font-size\" style=\"line-height:1\"><em><span style=\"\"><span style=\"font-size: 37.4533px;\">LES SOLUTIONS GRATUITES par  TBB pour faire taire les m\u00e9contents<br><br><\/span><\/span>A) Pour r\u00e8gler le probl\u00e8me li\u00e9 a la sensation du manque de personnel de sant\u00e9:<\/em><\/p>\n\n\n\n<p class=\"has-text-align-left has-base-color has-text-color has-heading-font-family has-large-font-size\" style=\"line-height:1\"><em>Il suffit de d\u00e9placer 22 millions de Fran\u00e7ais en exc\u00e9dant, vers les plages du sud-ouest, celles de la Corse et de la m\u00e9diterran\u00e9e pour les rapprocher des offres de soins, et retrouver ainsi , la qui\u00e9tude de 1980.<\/em><\/p>\n\n\n\n<p class=\"has-text-align-left has-base-color has-text-color has-heading-font-family has-large-font-size\" style=\"line-height:1\"><em>B) Pour faire taire les insinueurs ironisant sur un chiffre d&rsquo;affaire si fortement augment\u00e9:<br>-Utiliser la technique CGT SNCF: vous descendez d&rsquo;une lign\u00e9e qui a trop travaill\u00e9 jusqu&rsquo;au si\u00e8cle dernier, pour la France, vous m\u00e9ritez bien quelques compensations.<\/em><br><br><em>C)Recadrer les dermatologues en leur r\u00e9v\u00e9lant que leur entrainement \u00ab\u00a0forcing Botox\u00a0\u00bb est sans avenir, Elon Musk ayant d\u00e9cid\u00e9 de ne pas ramener d&rsquo; E.T rid\u00e9s comme de vieilles pommes depuis Mars.<\/em><\/p>\n<\/div>\n\n\n\n<p><\/p>\n\n\n\n<div class=\"wp-block-group has-global-padding is-layout-constrained wp-container-core-group-is-layout-d1eeeed6 wp-block-group-is-layout-constrained\">\n<p><\/p>\n\n\n\n<p class=\"has-text-align-left has-base-color has-text-color has-heading-font-family has-large-font-size\" style=\"line-height:1\"><\/p>\n\n\n\n<div style=\"height:var(--wp--preset--spacing--10)\" aria-hidden=\"true\" class=\"wp-block-spacer\"><\/div>\n\n\n\n<div class=\"wp-block-group is-vertical is-content-justification-center is-nowrap is-layout-flex wp-container-core-group-is-layout-2dc08cea wp-block-group-is-layout-flex\">\n\n\n<p class=\"has-text-align-center\" style=\"margin-top:var(--wp--preset--spacing--10);margin-bottom:0\"><\/p>\n\n\n\n<p class=\"has-text-align-center has-contrast-3-color has-text-color has-small-font-size\" style=\"font-style:normal;font-weight:300\"><\/p>\n<\/div>\n<\/div>\n<\/div>\n\n\n\n<div class=\"wp-block-group alignfull has-global-padding is-layout-constrained wp-container-core-group-is-layout-d89aad35 wp-block-group-is-layout-constrained\" style=\"margin-top:0;margin-bottom:0;padding-top:var(--wp--preset--spacing--50);padding-right:var(--wp--preset--spacing--50);padding-bottom:var(--wp--preset--spacing--50);padding-left:var(--wp--preset--spacing--50)\"><\/div>\n\n\n\n<div class=\"wp-block-group alignfull has-global-padding is-layout-constrained wp-container-core-group-is-layout-d89aad35 wp-block-group-is-layout-constrained\" style=\"margin-top:0;margin-bottom:0;padding-top:var(--wp--preset--spacing--50);padding-right:var(--wp--preset--spacing--50);padding-bottom:var(--wp--preset--spacing--50);padding-left:var(--wp--preset--spacing--50)\">\n<div class=\"wp-block-group alignwide has-base-2-background-color has-background has-global-padding is-layout-constrained wp-container-core-group-is-layout-39412042 wp-block-group-is-layout-constrained\" style=\"border-radius:16px;padding-top:var(--wp--preset--spacing--40);padding-right:var(--wp--preset--spacing--50);padding-bottom:var(--wp--preset--spacing--40);padding-left:var(--wp--preset--spacing--50)\">\n<h2 class=\"wp-block-heading has-text-align-center has-x-large-font-size\">Join 900+ subscribers<\/h2>\n\n\n\n<p class=\"has-text-align-center\">Stay in the loop with everything you need to know.<\/p>\n\n\n\n<div class=\"wp-block-buttons is-content-justification-center is-layout-flex wp-container-core-buttons-is-layout-a89b3969 wp-block-buttons-is-layout-flex\">\n<div class=\"wp-block-button\"><a class=\"wp-block-button__link wp-element-button\">Sign up<\/a><\/div>\n<\/div>\n\n\n\n<div style=\"height:var(--wp--preset--spacing--10)\" aria-hidden=\"true\" class=\"wp-block-spacer\"><\/div>\n<\/div>\n<\/div>\n","protected":false},"excerpt":{"rendered":"<p>Encore un coup des politiques et \u00e9conomistes pour nous faire comprendre que le citoyen moyen est incapable de comprendre cette montagne budg\u00e9taire. Facile et hon\u00eate, vu que eux-m\u00eames ne comprennent pas les chiffres contradictoires d\u00e9clar\u00e9s. De 1980 a nos jours Avec esp\u00e9rance de vie 85.7 ans \u00e0 la naissance, un PIB de 2850Md\u20ac c&rsquo;est toujours [&hellip;]<\/p>\n","protected":false},"author":1,"featured_media":0,"parent":0,"menu_order":0,"comment_status":"closed","ping_status":"closed","template":"","meta":{"footnotes":""},"class_list":["post-125","page","type-page","status-publish","hentry"],"_links":{"self":[{"href":"https:\/\/neuroleak.fr\/index.php?rest_route=\/wp\/v2\/pages\/125","targetHints":{"allow":["GET"]}}],"collection":[{"href":"https:\/\/neuroleak.fr\/index.php?rest_route=\/wp\/v2\/pages"}],"about":[{"href":"https:\/\/neuroleak.fr\/index.php?rest_route=\/wp\/v2\/types\/page"}],"author":[{"embeddable":true,"href":"https:\/\/neuroleak.fr\/index.php?rest_route=\/wp\/v2\/users\/1"}],"replies":[{"embeddable":true,"href":"https:\/\/neuroleak.fr\/index.php?rest_route=%2Fwp%2Fv2%2Fcomments&post=125"}],"version-history":[{"count":14,"href":"https:\/\/neuroleak.fr\/index.php?rest_route=\/wp\/v2\/pages\/125\/revisions"}],"predecessor-version":[{"id":968,"href":"https:\/\/neuroleak.fr\/index.php?rest_route=\/wp\/v2\/pages\/125\/revisions\/968"}],"wp:attachment":[{"href":"https:\/\/neuroleak.fr\/index.php?rest_route=%2Fwp%2Fv2%2Fmedia&parent=125"}],"curies":[{"name":"wp","href":"https:\/\/api.w.org\/{rel}","templated":true}]}}