{"id":13,"date":"2024-09-15T08:39:45","date_gmt":"2024-09-15T08:39:45","guid":{"rendered":"http:\/\/neuroleak.fr\/?page_id=3"},"modified":"2025-12-11T10:03:26","modified_gmt":"2025-12-11T09:03:26","slug":"confidentialite","status":"publish","type":"page","link":"https:\/\/neuroleak.fr\/?page_id=13","title":{"rendered":"NOUS-Confidentialit\u00e9 CookieZero"},"content":{"rendered":"\n<h2 class=\"wp-block-heading\"><\/h2>\n\n\n\n<p><em>Chez TBB nous avons adopt\u00e9 le \u00ab <strong>CookieZero<\/strong> \u00bb pour un \u00e9quilibre entre fonctionnalit\u00e9 et respect de la vie priv\u00e9e, <strong>une vision de l&rsquo;avenir de l&rsquo;internet<\/strong>, avec une morale des ann\u00e9es 1990<\/em><\/p>\n\n\n\n<p class=\"has-cyan-bluish-gray-background-color has-background\">Denis and Christian are two retired former business leaders, having spent their lives in the technical field, always far, by choice, from the financial world. As technicians they know how to run machines, but they have never seen financiers or politicians run a non-rusting economy: why run a cog smoothly when you can enjoy the jolts? In this site, some deliberately positive thoughts in a somewhat greedy world.<br> <mark style=\"background-color:rgba(0, 0, 0, 0)\" class=\"has-inline-color has-accent-3-color\"><strong>Main data sources<\/strong><\/mark> <strong>OCDE<\/strong> (OECD): <strong>data-explorer.oecd.org<\/strong> <a href=\"https:\/\/www.oecd.org\/en\/data.html\">https:\/\/www.oecd.org\/en\/data.html<\/a><\/p>\n\n\n\n<figure class=\"wp-block-image size-full\"><img loading=\"lazy\" decoding=\"async\" width=\"200\" height=\"205\" src=\"https:\/\/neuroleak.fr\/wp-content\/uploads\/2024\/11\/jeuaddiction-1.jpg\" alt=\"\" class=\"wp-image-380\"\/><\/figure>\n\n\n\n<h2 class=\"wp-block-heading has-x-large-font-size\">ZERO Comment(s)<\/h2>\n\n\n\n<p><\/p>\n\n\n\n<h2 class=\"wp-block-heading has-x-large-font-size\">ZERO extract policy<\/h2>\n\n\n\n<p> Visitors to the website can download and extract any location data from images on the website.<\/p>\n\n\n\n<h2 class=\"wp-block-heading has-x-large-font-size\">ZERO Cookie(s)<\/h2>\n\n\n\n<p><\/p>\n\n\n\n<h2 class=\"wp-block-heading has-x-large-font-size\">ZERO Embedded content from other websites<\/h2>\n\n\n\n<p><\/p>\n\n\n\n<h2 class=\"wp-block-heading has-x-large-font-size\">ZERO share data<\/h2>\n\n\n\n<p><\/p>\n\n\n\n<h2 class=\"wp-block-heading has-x-large-font-size\">ZERO retain of data<\/h2>\n\n\n\n<h2 class=\"wp-block-heading has-x-large-font-size\">ZERO right(s) because ZERO retain<\/h2>\n\n\n\n<p><\/p>\n\n\n\n<h2 class=\"wp-block-heading has-x-large-font-size\">ZERO sent data because ZERO retain<\/h2>\n\n\n\n<p class=\"has-text-align-center has-background-color has-foreground-background-color has-text-color has-background has-link-color has-medium-font-size wp-elements-70b2c8ea3bc98bdf8a11171228cb2b54\">&lt;&lt;C<strong>ontact form 100% reserved for complimentary remarks.&gt;&gt;<\/strong> <br>(D.Tr\u03a9mp)<\/p>\n\n\n\n<p><\/p>\n\n\n\n<div class=\"wp-block-group has-global-padding is-layout-constrained wp-block-group-is-layout-constrained\">\n<div class=\"wp-block-contact-form-7-contact-form-selector\">\n<div class=\"wpcf7 no-js\" id=\"wpcf7-f500-o1\" lang=\"fr-FR\" dir=\"ltr\" data-wpcf7-id=\"500\">\n<div class=\"screen-reader-response\"><p role=\"status\" aria-live=\"polite\" aria-atomic=\"true\"><\/p> <ul><\/ul><\/div>\n<form action=\"\/index.php?rest_route=%2Fwp%2Fv2%2Fpages%2F13#wpcf7-f500-o1\" method=\"post\" class=\"wpcf7-form init\" aria-label=\"Formulaire de contact\" novalidate=\"novalidate\" data-status=\"init\">\n<div style=\"display: none;\">\n<input type=\"hidden\" name=\"_wpcf7\" value=\"500\" \/>\n<input type=\"hidden\" name=\"_wpcf7_version\" value=\"6.0\" \/>\n<input type=\"hidden\" name=\"_wpcf7_locale\" value=\"fr_FR\" \/>\n<input type=\"hidden\" name=\"_wpcf7_unit_tag\" value=\"wpcf7-f500-o1\" \/>\n<input type=\"hidden\" name=\"_wpcf7_container_post\" value=\"0\" \/>\n<input type=\"hidden\" name=\"_wpcf7_posted_data_hash\" value=\"\" \/>\n<\/div>\n<p><label> Votre nom<br \/>\n<span class=\"wpcf7-form-control-wrap\" data-name=\"your-name\"><input size=\"40\" maxlength=\"400\" class=\"wpcf7-form-control wpcf7-text wpcf7-validates-as-required\" autocomplete=\"name\" aria-required=\"true\" aria-invalid=\"false\" value=\"\" type=\"text\" name=\"your-name\" \/><\/span> <\/label>\n<\/p>\n<p><label> Votre e-mail<br \/>\n<span class=\"wpcf7-form-control-wrap\" data-name=\"your-email\"><input size=\"40\" maxlength=\"400\" class=\"wpcf7-form-control wpcf7-email wpcf7-validates-as-required wpcf7-text wpcf7-validates-as-email\" autocomplete=\"email\" aria-required=\"true\" aria-invalid=\"false\" value=\"\" type=\"email\" name=\"your-email\" \/><\/span> <\/label>\n<\/p>\n<p><label> Objet<br \/>\n<span class=\"wpcf7-form-control-wrap\" data-name=\"your-subject\"><input size=\"40\" maxlength=\"400\" class=\"wpcf7-form-control wpcf7-text wpcf7-validates-as-required\" aria-required=\"true\" aria-invalid=\"false\" value=\"\" type=\"text\" name=\"your-subject\" \/><\/span> <\/label>\n<\/p>\n<p><label> Votre message (facultatif)<br \/>\n<span class=\"wpcf7-form-control-wrap\" data-name=\"your-message\"><textarea cols=\"40\" rows=\"10\" maxlength=\"2000\" class=\"wpcf7-form-control wpcf7-textarea\" aria-invalid=\"false\" name=\"your-message\"><\/textarea><\/span> <\/label>\n<\/p>\n<p><input class=\"wpcf7-form-control wpcf7-submit has-spinner\" type=\"submit\" value=\"Envoyer\" \/>\n<\/p><div class=\"wpcf7-response-output\" aria-hidden=\"true\"><\/div>\n<\/form>\n<\/div>\n<\/div>\n<\/div>\n\n\n\n<div class=\"wp-block-group alignfull has-global-padding is-layout-constrained wp-container-core-group-is-layout-d89aad35 wp-block-group-is-layout-constrained\" style=\"margin-top:0;margin-bottom:0;padding-top:var(--wp--preset--spacing--50);padding-right:var(--wp--preset--spacing--50);padding-bottom:var(--wp--preset--spacing--50);padding-left:var(--wp--preset--spacing--50)\">\n<h2 class=\"wp-block-heading alignwide has-medium-font-size\" style=\"margin-top:0;margin-bottom:var(--wp--preset--spacing--40);line-height:1\">The Brain Bypass:<\/h2>\n\n\n\n<pre class=\"wp-block-preformatted\" style=\"font-size:0.5rem\">raison sociale : TBB<br>forme juridique : N\/A<br>adresse du si\u00e8ge social : 11 Imp. C. P\u00e2tures 57070 Metz<br>TBB1@neuroleak.fr   TBB2@neuroleak.fr  neuroleak.eu<br>nom du directeur de publication : C.Pivovard<br>Nom domaine : propri\u00e9t\u00e9 C.Pivovard , g\u00e9r\u00e9 par OVH<br>Mails h\u00e9berg\u00e9s chez: OVH  <br>num\u00e9ro d\u2019inscription au RCS : N\/A<br>num\u00e9ro d\u2019identification fiscale EORI: N\/A<br>num\u00e9ro de TVA intracommunautaire:  N\/A<br>montant du capital social: N\/A<br>conditions g\u00e9n\u00e9rales de ventes: Aucune transaction commerciale sur ce site<br>CGV : aucune<\/pre>\n\n\n\n<div class=\"wp-block-group alignwide has-global-padding is-layout-constrained wp-block-group-is-layout-constrained\">\n<div class=\"wp-block-query alignwide is-layout-flow wp-block-query-is-layout-flow\"><ul class=\"wp-block-post-template is-layout-flow wp-block-post-template-is-layout-flow\"><li class=\"wp-block-post post-1 post type-post status-publish format-standard hentry category-non-classe\">\n\n<hr class=\"wp-block-separator has-text-color has-contrast-3-color has-alpha-channel-opacity has-contrast-3-background-color has-background alignwide is-style-wide\"\/>\n\n\n\n<div class=\"wp-block-columns alignwide are-vertically-aligned-center is-layout-flex wp-container-core-columns-is-layout-33233fb6 wp-block-columns-is-layout-flex\" style=\"margin-top:var(--wp--preset--spacing--20);margin-bottom:var(--wp--preset--spacing--20)\">\n<div class=\"wp-block-column is-vertically-aligned-center is-layout-flow wp-block-column-is-layout-flow\" style=\"flex-basis:72%\"><\/div>\n\n\n\n<div class=\"wp-block-column is-vertically-aligned-center is-layout-flow wp-block-column-is-layout-flow\" style=\"flex-basis:28%\"><div class=\"wp-block-template-part\">\n<div class=\"wp-block-group has-global-padding is-layout-constrained wp-block-group-is-layout-constrained\"><\/div>\n<\/div><\/div>\n<\/div>\n\n<\/li><li class=\"wp-block-post post-48 post type-post status-publish format-standard hentry category-uncategorized\">\n\n<hr class=\"wp-block-separator has-text-color has-contrast-3-color has-alpha-channel-opacity has-contrast-3-background-color has-background alignwide is-style-wide\"\/>\n\n\n\n<div class=\"wp-block-columns alignwide are-vertically-aligned-center is-layout-flex wp-container-core-columns-is-layout-33233fb6 wp-block-columns-is-layout-flex\" style=\"margin-top:var(--wp--preset--spacing--20);margin-bottom:var(--wp--preset--spacing--20)\">\n<div class=\"wp-block-column is-vertically-aligned-center is-layout-flow wp-block-column-is-layout-flow\" style=\"flex-basis:72%\"><\/div>\n\n\n\n<div class=\"wp-block-column is-vertically-aligned-center is-layout-flow wp-block-column-is-layout-flow\" style=\"flex-basis:28%\"><div class=\"wp-block-template-part\">\n<div class=\"wp-block-group has-global-padding is-layout-constrained wp-block-group-is-layout-constrained\"><\/div>\n<\/div><\/div>\n<\/div>\n\n<\/li><\/ul><\/div>\n\n\n\n<div class=\"wp-block-columns is-layout-flex wp-container-core-columns-is-layout-28f84493 wp-block-columns-is-layout-flex\">\n<div class=\"wp-block-column is-layout-flow wp-block-column-is-layout-flow\" style=\"flex-basis:100%\"><\/div>\n<\/div>\n<\/div>\n<\/div>\n","protected":false},"excerpt":{"rendered":"<p>Chez TBB nous avons adopt\u00e9 le \u00ab CookieZero \u00bb pour un \u00e9quilibre entre fonctionnalit\u00e9 et respect de la vie priv\u00e9e, une vision de l&rsquo;avenir de l&rsquo;internet, avec une morale des ann\u00e9es 1990 Denis and Christian are two retired former business leaders, having spent their lives in the technical field, always far, by choice, from the [&hellip;]<\/p>\n","protected":false},"author":1,"featured_media":0,"parent":0,"menu_order":0,"comment_status":"closed","ping_status":"closed","template":"","meta":{"footnotes":""},"class_list":["post-13","page","type-page","status-publish","hentry"],"_links":{"self":[{"href":"https:\/\/neuroleak.fr\/index.php?rest_route=\/wp\/v2\/pages\/13","targetHints":{"allow":["GET"]}}],"collection":[{"href":"https:\/\/neuroleak.fr\/index.php?rest_route=\/wp\/v2\/pages"}],"about":[{"href":"https:\/\/neuroleak.fr\/index.php?rest_route=\/wp\/v2\/types\/page"}],"author":[{"embeddable":true,"href":"https:\/\/neuroleak.fr\/index.php?rest_route=\/wp\/v2\/users\/1"}],"replies":[{"embeddable":true,"href":"https:\/\/neuroleak.fr\/index.php?rest_route=%2Fwp%2Fv2%2Fcomments&post=13"}],"version-history":[{"count":22,"href":"https:\/\/neuroleak.fr\/index.php?rest_route=\/wp\/v2\/pages\/13\/revisions"}],"predecessor-version":[{"id":979,"href":"https:\/\/neuroleak.fr\/index.php?rest_route=\/wp\/v2\/pages\/13\/revisions\/979"}],"wp:attachment":[{"href":"https:\/\/neuroleak.fr\/index.php?rest_route=%2Fwp%2Fv2%2Fmedia&parent=13"}],"curies":[{"name":"wp","href":"https:\/\/api.w.org\/{rel}","templated":true}]}}