{"id":15,"date":"2024-09-16T07:51:02","date_gmt":"2024-09-16T07:51:02","guid":{"rendered":"http:\/\/neuroleak.fr\/?page_id=11"},"modified":"2025-12-11T10:09:13","modified_gmt":"2025-12-11T09:09:13","slug":"new-page","status":"publish","type":"page","link":"https:\/\/neuroleak.fr\/?page_id=15","title":{"rendered":"ECOLO-R\u00e9sonner D\u00e9raisonnablement"},"content":{"rendered":"\n<p><br><strong>La chasse \u00e0 tout ce qui est vieux,sent mauvais, est ouverte .Les odeurs artificielles des int\u00e9rieurs sont des C.O.V (carbone organique volatile) et  ce sont les particules fines des cierges qui ont noirci nos cath\u00e9drales et les poumons des catholiques (pas les \u00e2mes)<\/strong><\/p>\n\n\n\n<div class=\"wp-block-group alignfull has-accent-background-color has-background has-global-padding is-layout-constrained wp-container-core-group-is-layout-669513ed wp-block-group-is-layout-constrained\" style=\"margin-top:0;margin-bottom:0;padding-top:var(--wp--preset--spacing--50);padding-right:var(--wp--preset--spacing--50);padding-bottom:var(--wp--preset--spacing--50);padding-left:var(--wp--preset--spacing--50)\">\n<div class=\"wp-block-columns alignwide is-layout-flex wp-container-core-columns-is-layout-1da03c2a wp-block-columns-is-layout-flex\">\n<div class=\"wp-block-column is-vertically-aligned-stretch is-layout-flow wp-block-column-is-layout-flow\" style=\"flex-basis:50%\">\n<div class=\"wp-block-group is-vertical is-content-justification-stretch is-layout-flex wp-container-core-group-is-layout-444d5ee8 wp-block-group-is-layout-flex\" style=\"min-height:100%\">\n<p class=\"has-heading-font-family has-x-large-font-size\" style=\"line-height:1.2\">Il y a en moyenne 36 millions de v\u00e9hicules en France qui changent leurs 4 pneus tous les 4 ans.<\/p>\n\n\n\n<div class=\"wp-block-group has-global-padding is-content-justification-left is-layout-constrained wp-container-core-group-is-layout-9fe8ed88 wp-block-group-is-layout-constrained\">\n<div class=\"wp-block-buttons is-layout-flex wp-block-buttons-is-layout-flex\">\n<div class=\"wp-block-button\"><a class=\"wp-block-button__link wp-element-button\">Avec Crit&rsquo;air , on fait ce que l&rsquo;on pneu<\/a><\/div>\n<\/div>\n<\/div>\n<\/div>\n<\/div>\n\n\n\n<div class=\"wp-block-column is-vertically-aligned-center is-layout-flow wp-block-column-is-layout-flow\" style=\"flex-basis:50%\">\n<figure class=\"wp-block-image size-full is-style-default\"><img loading=\"lazy\" decoding=\"async\" width=\"200\" height=\"208\" src=\"https:\/\/neuroleak.fr\/wp-content\/uploads\/2024\/11\/pneus-1-1-2.jpg\" alt=\"\" class=\"wp-image-541\" style=\"aspect-ratio:3\/4;object-fit:cover\"\/><\/figure>\n<\/div>\n<\/div>\n<\/div>\n\n\n\n<div class=\"wp-block-group alignfull has-base-background-color has-background has-global-padding is-layout-constrained wp-container-core-group-is-layout-d89aad35 wp-block-group-is-layout-constrained\" style=\"margin-top:0;margin-bottom:0;padding-top:var(--wp--preset--spacing--50);padding-right:var(--wp--preset--spacing--50);padding-bottom:var(--wp--preset--spacing--50);padding-left:var(--wp--preset--spacing--50)\">\n<div class=\"wp-block-columns alignwide is-layout-flex wp-container-core-columns-is-layout-549b0c86 wp-block-columns-is-layout-flex\">\n<div class=\"wp-block-column is-layout-flow wp-container-core-column-is-layout-119bc444 wp-block-column-is-layout-flow\" style=\"flex-basis:60%\">\n<p class=\"has-heading-font-family has-medium-font-size\" style=\"line-height:1.2\">Chaque pneu, avant replacement a perdu environ 1 kg de mati\u00e8re, dont de 10 a 30% ont \u00e9t\u00e9 r\u00e9duits en particules fines de taille inf\u00e9rieure \u00e0 PM2.5. Et la, les pauvres et les vieux , encore propri\u00e9taires de v\u00e9hicules thermiques pourront d\u00e9culpabiliser. Crit&rsquo;air justifie, entre autres crit\u00e8res, la chasse aux vehicules thermiques sur la quantit\u00e9 de particules fines inf\u00e9rieures a PM2.5 \u00e9mises par ces moteurs . En France , ces v\u00e9hicules \u00e9mettent, chaque ann\u00e9e, <strong>800 Tonnes<\/strong> de ces particules inf\u00e9rieures \u00e0 PM2.5 . Cette flotte de v\u00e9hicules, remplac\u00e9e ou non, continuera a produire <strong>7800 Tonnes<\/strong> de ces particules issues des <strong>pneumatiques<\/strong> . Donc, pour 10% de particules, la cible de crit&rsquo;air ,les industriels, \u00e9lus et \u00e9conomistes l\u00e9gitiment une mesure qui va r\u00e9duire s\u00e9rieusement le niveau de vie de 20% des fran\u00e7ais oblig\u00e9s au changement de v\u00e9hicule, au profit de 0.1% de Fran\u00e7ais actionnaires, d\u00e9ja ais\u00e9s, devant b\u00e9n\u00e9ficier d&rsquo; un nouveau jack-pot . Pas de chance \u00e9galement pour ces actionnaires, les manufacturiers Chinois vont remporter cette partie de monopoly biais\u00e9e . Ne jetez pas la pierre \u00e0 vos \u00e9lus Fran\u00e7ais, d&rsquo;autres pays Europ\u00e9ens ont aussi invent\u00e9 des crit\u00e8res a 2 neurones, mais adapt\u00e9s \u00e0 la sensibilit\u00e9 de leurs administr\u00e9s, c&rsquo;\u00e9tait la base du jeu.<\/p>\n\n\n\n<p class=\"has-heading-font-family has-x-large-font-size\" style=\"line-height:1.2\">Un raisonnement bypass\u00e9:<\/p>\n\n\n\n<p><\/p>\n<\/div>\n<\/div>\n<\/div>\n\n\n\n<div class=\"wp-block-group alignfull has-base-color has-contrast-background-color has-text-color has-background has-link-color wp-elements-960c4bd07c81e85ffd9099ca97f15497 has-global-padding is-layout-constrained wp-container-core-group-is-layout-d89aad35 wp-block-group-is-layout-constrained\" style=\"margin-top:0;margin-bottom:0;padding-top:var(--wp--preset--spacing--50);padding-right:var(--wp--preset--spacing--50);padding-bottom:var(--wp--preset--spacing--50);padding-left:var(--wp--preset--spacing--50)\">\n<h2 class=\"wp-block-heading alignwide has-base-color has-text-color has-link-color has-x-large-font-size wp-elements-3d9718da3cf4dfcebc034e9abe2c0b36\" style=\"letter-spacing:-0.02em\">The Brain Bypass: <em>une analyse \u00e0 2 neurones<\/em><\/h2>\n\n\n\n<p>Eliminer les tron\u00e7ons de route avec revetement rugueux intentionnellement d\u00e9pos\u00e9s pour augmenter la sensation de vitesse des automobilistes,  un peu de bruit et de particules pour les riverains, mais des applaudissements de certaines associations, qui font chaud au coeur des \u00e9lus. Il y a peu de kilom\u00e8tres concern\u00e9s, mais tr\u00e8s largement suffisants pour d\u00e9passer les 1% vis\u00e9s par crit&rsquo;air.<\/p>\n\n\n\n<p>Et gr\u00e2ce \u00e0 crit&rsquo;air, les oxydes d&rsquo;azote, quelle est l&rsquo;analyse des deux neurones ? Regardez simplement les r\u00e9sultats des mesures des polluants atmosph\u00e9riques, souvent retransmises par m\u00e9t\u00e9o France. En dehors des axes de circulation, Il n&rsquo;y a aucune corr\u00e9lation entre l&rsquo;importance de la circulation et les teneurs en NOx dans la r\u00e9gion .D&rsquo;ailleurs, pour des r\u00e9sultats \u00e9difiants, on ne mesure pas les NOx et dehors des trajets routiers. On peut humer les centrales thermiques, gouter les engrais, et jeter une pellet\u00e9e de pellets dans notre nouvelle chaudi\u00e8re a bois prim\u00e9e \u00e0 l&rsquo;achat, si on habite pas tout contre un trajet autoroutier.<\/p>\n<\/div>\n\n\n\n<p><\/p>\n","protected":false},"excerpt":{"rendered":"<p>La chasse \u00e0 tout ce qui est vieux,sent mauvais, est ouverte .Les odeurs artificielles des int\u00e9rieurs sont des C.O.V (carbone organique volatile) et ce sont les particules fines des cierges qui ont noirci nos cath\u00e9drales et les poumons des catholiques (pas les \u00e2mes) Il y a en moyenne 36 millions de v\u00e9hicules en France qui [&hellip;]<\/p>\n","protected":false},"author":1,"featured_media":0,"parent":0,"menu_order":0,"comment_status":"closed","ping_status":"closed","template":"","meta":{"footnotes":""},"class_list":["post-15","page","type-page","status-publish","hentry"],"_links":{"self":[{"href":"https:\/\/neuroleak.fr\/index.php?rest_route=\/wp\/v2\/pages\/15","targetHints":{"allow":["GET"]}}],"collection":[{"href":"https:\/\/neuroleak.fr\/index.php?rest_route=\/wp\/v2\/pages"}],"about":[{"href":"https:\/\/neuroleak.fr\/index.php?rest_route=\/wp\/v2\/types\/page"}],"author":[{"embeddable":true,"href":"https:\/\/neuroleak.fr\/index.php?rest_route=\/wp\/v2\/users\/1"}],"replies":[{"embeddable":true,"href":"https:\/\/neuroleak.fr\/index.php?rest_route=%2Fwp%2Fv2%2Fcomments&post=15"}],"version-history":[{"count":9,"href":"https:\/\/neuroleak.fr\/index.php?rest_route=\/wp\/v2\/pages\/15\/revisions"}],"predecessor-version":[{"id":985,"href":"https:\/\/neuroleak.fr\/index.php?rest_route=\/wp\/v2\/pages\/15\/revisions\/985"}],"wp:attachment":[{"href":"https:\/\/neuroleak.fr\/index.php?rest_route=%2Fwp%2Fv2%2Fmedia&parent=15"}],"curies":[{"name":"wp","href":"https:\/\/api.w.org\/{rel}","templated":true}]}}