{"id":170,"date":"2024-10-28T20:04:03","date_gmt":"2024-10-28T20:04:03","guid":{"rendered":"http:\/\/neuroleak.fr\/?page_id=170"},"modified":"2025-12-11T10:05:07","modified_gmt":"2025-12-11T09:05:07","slug":"la-gravite-du-trou-noir","status":"publish","type":"page","link":"https:\/\/neuroleak.fr\/?page_id=170","title":{"rendered":"X-La gravit\u00e9 du trou noir"},"content":{"rendered":"\n<p><br><strong>Ceci n\u2019est pas \u00e0 lire, car purement ironique.<\/strong><\/p>\n\n\n\n<div class=\"wp-block-group alignfull has-accent-background-color has-background has-global-padding is-layout-constrained wp-container-core-group-is-layout-669513ed wp-block-group-is-layout-constrained\" style=\"margin-top:0;margin-bottom:0;padding-top:var(--wp--preset--spacing--50);padding-right:var(--wp--preset--spacing--50);padding-bottom:var(--wp--preset--spacing--50);padding-left:var(--wp--preset--spacing--50)\">\n<div class=\"wp-block-columns alignwide is-layout-flex wp-container-core-columns-is-layout-1da03c2a wp-block-columns-is-layout-flex\">\n<div class=\"wp-block-column is-vertically-aligned-stretch is-layout-flow wp-block-column-is-layout-flow\" style=\"flex-basis:50%\">\n<div class=\"wp-block-group is-vertical is-content-justification-stretch is-layout-flex wp-container-core-group-is-layout-444d5ee8 wp-block-group-is-layout-flex\" style=\"min-height:100%\">\n<p class=\"has-heading-font-family has-x-large-font-size\" style=\"line-height:1.2\">Un trou noir est en mesure de faire d\u00e9vier la trajectoire de la lumi\u00e8re lorsqu&rsquo;elle passe \u00e0 proximit\u00e9. Alors moi, DSK, avec mon quotient intellectuel, on m&rsquo;a tr\u00e8s souvent dit que j&rsquo;\u00e9tais une lumi\u00e8re.<\/p>\n\n\n\n<div class=\"wp-block-group has-global-padding is-content-justification-left is-layout-constrained wp-container-core-group-is-layout-9fe8ed88 wp-block-group-is-layout-constrained\">\n<p class=\"wp-container-content-0733e5d0\">D\u00e9sol\u00e9 pour cet expos\u00e9 peu comment\u00e9.<\/p>\n\n\n\n<div class=\"wp-block-buttons is-layout-flex wp-block-buttons-is-layout-flex\"><\/div>\n<\/div>\n<\/div>\n<\/div>\n\n\n\n<div class=\"wp-block-column is-vertically-aligned-center is-layout-flow wp-block-column-is-layout-flow\" style=\"flex-basis:50%\">\n<figure class=\"wp-block-image size-full is-style-default\"><img loading=\"lazy\" decoding=\"async\" width=\"916\" height=\"1024\" src=\"https:\/\/neuroleak.fr\/wp-content\/uploads\/2024\/11\/oursmagic1-916x1024-2-1-1.jpg\" alt=\"\" class=\"wp-image-560\" style=\"aspect-ratio:3\/4;object-fit:cover\" srcset=\"https:\/\/neuroleak.fr\/wp-content\/uploads\/2024\/11\/oursmagic1-916x1024-2-1-1.jpg 916w, https:\/\/neuroleak.fr\/wp-content\/uploads\/2024\/11\/oursmagic1-916x1024-2-1-1-268x300.jpg 268w, https:\/\/neuroleak.fr\/wp-content\/uploads\/2024\/11\/oursmagic1-916x1024-2-1-1-768x859.jpg 768w\" sizes=\"auto, (max-width: 916px) 100vw, 916px\" \/><\/figure>\n<\/div>\n<\/div>\n<\/div>\n\n\n\n<div class=\"wp-block-group alignfull has-base-color has-contrast-background-color has-text-color has-background has-link-color wp-elements-0f65a00bfa602eaabf363ea7b143ca91 has-global-padding is-layout-constrained wp-container-core-group-is-layout-d89aad35 wp-block-group-is-layout-constrained\" style=\"margin-top:0;margin-bottom:0;padding-top:var(--wp--preset--spacing--50);padding-right:var(--wp--preset--spacing--50);padding-bottom:var(--wp--preset--spacing--50);padding-left:var(--wp--preset--spacing--50)\">\n<h2 class=\"wp-block-heading alignwide has-base-color has-text-color has-link-color wp-elements-57b6184891588ed162eaaf9a74a0a133\" style=\"font-size:clamp(2.288rem, 2.288rem + ((1vw - 0.2rem) * 3.187), 4.2rem);letter-spacing:-0.02em\">INTERLUDE<\/h2>\n\n\n\n<div class=\"wp-block-group alignwide is-layout-flow wp-block-group-is-layout-flow\">\n<p class=\"has-contrast-1-color has-text-color has-link-color wp-elements-8a6244d0256af1d148be9c6f8727b5fe\"><\/p>\n\n\n\n<h3 class=\"wp-block-heading alignwide has-base-2-color has-text-color has-link-color wp-elements-2b48e081fa8cb2218cbd4bcc07055d1d\"><\/h3>\n\n\n\n<p class=\"has-contrast-1-color has-text-color has-link-color wp-elements-fd80cbc4a0cac631590615625d7a53f3\">On peut le ralentir le photon lorsqu&rsquo;il traverse certaines mati\u00e8res, mais acc\u00e9l\u00e8re t-il de fa\u00e7on foudroyante lorsqu&rsquo;il en ressort ? Ni l&rsquo;un, ni l&rsquo;autre, il butine plus ou moins selon les mati\u00e8res travers\u00e9es, puis, un autre, reprend sa vitesse initiale.<\/p>\n\n\n\n<p>Depuis le Maroc, en vacances.. Bien \u00e0 vous. <\/p>\n\n\n\n<div style=\"margin-top:var(--wp--preset--spacing--10);margin-bottom:0;height:var(--wp--preset--spacing--10)\" aria-hidden=\"true\" class=\"wp-block-spacer\"><\/div>\n<\/div>\n<\/div>\n","protected":false},"excerpt":{"rendered":"<p>Ceci n\u2019est pas \u00e0 lire, car purement ironique. Un trou noir est en mesure de faire d\u00e9vier la trajectoire de la lumi\u00e8re lorsqu&rsquo;elle passe \u00e0 proximit\u00e9. Alors moi, DSK, avec mon quotient intellectuel, on m&rsquo;a tr\u00e8s souvent dit que j&rsquo;\u00e9tais une lumi\u00e8re. D\u00e9sol\u00e9 pour cet expos\u00e9 peu comment\u00e9. INTERLUDE On peut le ralentir le photon [&hellip;]<\/p>\n","protected":false},"author":1,"featured_media":0,"parent":0,"menu_order":0,"comment_status":"closed","ping_status":"closed","template":"","meta":{"footnotes":""},"class_list":["post-170","page","type-page","status-publish","hentry"],"_links":{"self":[{"href":"https:\/\/neuroleak.fr\/index.php?rest_route=\/wp\/v2\/pages\/170","targetHints":{"allow":["GET"]}}],"collection":[{"href":"https:\/\/neuroleak.fr\/index.php?rest_route=\/wp\/v2\/pages"}],"about":[{"href":"https:\/\/neuroleak.fr\/index.php?rest_route=\/wp\/v2\/types\/page"}],"author":[{"embeddable":true,"href":"https:\/\/neuroleak.fr\/index.php?rest_route=\/wp\/v2\/users\/1"}],"replies":[{"embeddable":true,"href":"https:\/\/neuroleak.fr\/index.php?rest_route=%2Fwp%2Fv2%2Fcomments&post=170"}],"version-history":[{"count":8,"href":"https:\/\/neuroleak.fr\/index.php?rest_route=\/wp\/v2\/pages\/170\/revisions"}],"predecessor-version":[{"id":980,"href":"https:\/\/neuroleak.fr\/index.php?rest_route=\/wp\/v2\/pages\/170\/revisions\/980"}],"wp:attachment":[{"href":"https:\/\/neuroleak.fr\/index.php?rest_route=%2Fwp%2Fv2%2Fmedia&parent=170"}],"curies":[{"name":"wp","href":"https:\/\/api.w.org\/{rel}","templated":true}]}}