{"id":174,"date":"2024-10-29T17:04:16","date_gmt":"2024-10-29T17:04:16","guid":{"rendered":"http:\/\/neuroleak.fr\/?page_id=174"},"modified":"2025-12-11T10:02:13","modified_gmt":"2025-12-11T09:02:13","slug":"le-tournoi-des-soins","status":"publish","type":"page","link":"https:\/\/neuroleak.fr\/?page_id=174","title":{"rendered":"ELUS-Le Tournoi des Soins"},"content":{"rendered":"\n<p><br><strong>Beaucoup, peut \u00eatre trop, de choses \u00e0 dire \u00e0 propos de la S\u00e9curit\u00e9 sociale. Dans ce constat nous commen\u00e7ons par jeter des fleurs (non trait\u00e9es) aux principaux acteurs<\/strong><\/p>\n\n\n\n<div class=\"wp-block-group alignfull has-accent-background-color has-background has-global-padding is-layout-constrained wp-container-core-group-is-layout-669513ed wp-block-group-is-layout-constrained\" style=\"margin-top:0;margin-bottom:0;padding-top:var(--wp--preset--spacing--50);padding-right:var(--wp--preset--spacing--50);padding-bottom:var(--wp--preset--spacing--50);padding-left:var(--wp--preset--spacing--50)\">\n<div class=\"wp-block-columns alignwide is-layout-flex wp-container-core-columns-is-layout-1da03c2a wp-block-columns-is-layout-flex\">\n<div class=\"wp-block-column is-vertically-aligned-stretch is-layout-flow wp-block-column-is-layout-flow\" style=\"flex-basis:50%\">\n<div class=\"wp-block-group is-vertical is-content-justification-stretch is-layout-flex wp-container-core-group-is-layout-444d5ee8 wp-block-group-is-layout-flex\" style=\"min-height:100%\">\n<p class=\"has-heading-font-family has-x-large-font-size\" style=\"line-height:1.2\">Le montant total de la fraude \u00e0 la s\u00e9curit\u00e9 sociale est estim\u00e9 \u00e0 <strong>13Md\u20ac<\/strong><br>Le budget de la s\u00e9curit\u00e9 sociale en 2024 est estim\u00e9 \u00e0 environ <strong>640Md\u20ac<\/strong><br>TBB note: 13Md\u20ac fraud\u00e9s sur 640 ne donne g\u00e9n\u00e9ralement pas motif \u00e0 \u00e9craser un chat (sauf en fin 2024)<\/p>\n\n\n\n<p class=\"has-heading-font-family has-x-large-font-size\" style=\"line-height:1.2\"><\/p>\n\n\n\n<div class=\"wp-block-group has-global-padding is-content-justification-left is-layout-constrained wp-container-core-group-is-layout-9fe8ed88 wp-block-group-is-layout-constrained\">\n<p class=\"wp-container-content-0733e5d0\"><\/p>\n\n\n\n<div class=\"wp-block-buttons is-layout-flex wp-block-buttons-is-layout-flex\"><\/div>\n<\/div>\n<\/div>\n<\/div>\n\n\n\n<div class=\"wp-block-column is-vertically-aligned-center is-layout-flow wp-block-column-is-layout-flow\" style=\"flex-basis:50%\">\n<figure class=\"wp-block-image size-full is-style-default\"><img loading=\"lazy\" decoding=\"async\" width=\"1536\" height=\"1391\" src=\"https:\/\/neuroleak.fr\/wp-content\/uploads\/2024\/11\/ourspodium-1-1-2-1536x1391-1.jpg\" alt=\"\" class=\"wp-image-557\" style=\"aspect-ratio:3\/4;object-fit:cover\" srcset=\"https:\/\/neuroleak.fr\/wp-content\/uploads\/2024\/11\/ourspodium-1-1-2-1536x1391-1.jpg 1536w, https:\/\/neuroleak.fr\/wp-content\/uploads\/2024\/11\/ourspodium-1-1-2-1536x1391-1-300x272.jpg 300w, https:\/\/neuroleak.fr\/wp-content\/uploads\/2024\/11\/ourspodium-1-1-2-1536x1391-1-1024x927.jpg 1024w, https:\/\/neuroleak.fr\/wp-content\/uploads\/2024\/11\/ourspodium-1-1-2-1536x1391-1-768x696.jpg 768w\" sizes=\"auto, (max-width: 1536px) 100vw, 1536px\" \/><\/figure>\n<\/div>\n<\/div>\n<\/div>\n\n\n\n<div class=\"wp-block-group alignfull has-accent-5-background-color has-background has-global-padding is-layout-constrained wp-container-core-group-is-layout-d89aad35 wp-block-group-is-layout-constrained\" style=\"margin-top:0;margin-bottom:0;padding-top:var(--wp--preset--spacing--50);padding-right:var(--wp--preset--spacing--50);padding-bottom:var(--wp--preset--spacing--50);padding-left:var(--wp--preset--spacing--50)\">\n<div class=\"wp-block-columns alignwide is-layout-flex wp-container-core-columns-is-layout-1da03c2a wp-block-columns-is-layout-flex\">\n<div class=\"wp-block-column is-vertically-aligned-center is-layout-flow wp-block-column-is-layout-flow\" style=\"flex-basis:60%\">\n<h2 class=\"wp-block-heading\">Les Faits:<\/h2>\n<\/div>\n\n\n\n<div class=\"wp-block-column is-layout-flow wp-block-column-is-layout-flow\" style=\"flex-basis:40%\"><\/div>\n<\/div>\n\n\n\n<ul class=\"wp-block-list\">\n<li>60% montant fraude a pour origine les entreprises (Travail non d\u00e9clar\u00e9, travail depuis les Bahamas..)<\/li>\n\n\n\n<li>10% a pour origine les professionnels de sant\u00e9 (poker, cabinets d&rsquo; autorhinoradiopolyproth\u00e9sistes\u2026. )<\/li>\n\n\n\n<li>30% est attribu\u00e9 aux assur\u00e9s sociaux (faux certifs .., faux medics \u2026)<\/li>\n\n\n\n<li><\/li>\n\n\n\n<li><\/li>\n\n\n\n<li>Il y a en France:<\/li>\n\n\n\n<li>4.5 millions d&rsquo;entreprises<\/li>\n\n\n\n<li>2,3 millions de professionnels de sant\u00e9<\/li>\n\n\n\n<li>65 millions d&rsquo;assur\u00e9s sociaux<\/li>\n<\/ul>\n\n\n\n<p>TBB qui ne parle que <strong>m\u00e9rite et r\u00e9compenses<\/strong>, a r\u00e9alis\u00e9 un classement de l&rsquo;<strong>\u00e9fficacit\u00e9 frauduleuse<\/strong>, en attribuant la note de 20\/20 au premier:<br><strong>1 er<\/strong> avec 20\/20   : <strong>les entreprises<\/strong><br><strong>2 eme<\/strong> avec 6\/20 : <strong>les professionnels de sant\u00e9<\/strong><br><strong>3 eme<\/strong> avec 1 \/20 : <strong>les assur\u00e9s<\/strong><\/p>\n<\/div>\n\n\n\n<div class=\"wp-block-group alignfull has-base-color has-contrast-background-color has-text-color has-background has-link-color wp-elements-ca596369e946418f4e5ff711d501685e has-global-padding is-layout-constrained wp-container-core-group-is-layout-d89aad35 wp-block-group-is-layout-constrained\" style=\"margin-top:0;margin-bottom:0;padding-top:var(--wp--preset--spacing--50);padding-right:var(--wp--preset--spacing--50);padding-bottom:var(--wp--preset--spacing--50);padding-left:var(--wp--preset--spacing--50)\">\n<h2 class=\"wp-block-heading alignwide has-base-color has-text-color has-link-color wp-elements-a513f88bf8962849bf48be35d3f02968\" style=\"font-size:clamp(4.509rem, 4.509rem + ((1vw - 0.2rem) * 9.152), 10rem);letter-spacing:-0.02em\">TBB synth\u00e8se<\/h2>\n\n\n\n<div class=\"wp-block-group alignwide is-layout-flow wp-block-group-is-layout-flow\">\n<hr class=\"wp-block-separator has-text-color has-base-color has-alpha-channel-opacity has-base-background-color has-background is-style-wide\" style=\"margin-top:var(--wp--preset--spacing--30);margin-bottom:var(--wp--preset--spacing--30)\"\/>\n\n\n\n<h3 class=\"wp-block-heading alignwide has-base-2-color has-text-color has-link-color wp-elements-506fc02535223af315ffd562c20d21e1\">Bravo<\/h3>\n\n\n\n<p class=\"has-contrast-1-color has-text-color has-link-color wp-elements-90ae1c94e2b2315367348a48569fa08c\">TBB: Bravo pour les entreprises, \u00e0 leur d\u00e9charge, c&rsquo;est elles qui cotisent, mais, si elles donnaient moins, il y aurait moins \u00e0 escroquer.<br>TBB Plus mesur\u00e9 pour les professionnels de sant\u00e9, mais peuvent s&rsquo;am\u00e9liorer en rejoignant, plus nombreux, le secteur m\u00e9dical entreprenarial priv\u00e9<br>TBB: Les assur\u00e9s fraudeurs ont encore du chemin devant eux, c&rsquo;est comme l&rsquo;\u00e9quipe de Marseille au foot.<\/p>\n\n\n\n<p class=\"has-contrast-1-color has-text-color has-link-color wp-elements-8a6244d0256af1d148be9c6f8727b5fe\"><\/p>\n\n\n\n<div style=\"margin-top:var(--wp--preset--spacing--10);margin-bottom:0;height:var(--wp--preset--spacing--10)\" aria-hidden=\"true\" class=\"wp-block-spacer\"><\/div>\n<\/div>\n<\/div>\n","protected":false},"excerpt":{"rendered":"<p>Beaucoup, peut \u00eatre trop, de choses \u00e0 dire \u00e0 propos de la S\u00e9curit\u00e9 sociale. Dans ce constat nous commen\u00e7ons par jeter des fleurs (non trait\u00e9es) aux principaux acteurs Le montant total de la fraude \u00e0 la s\u00e9curit\u00e9 sociale est estim\u00e9 \u00e0 13Md\u20acLe budget de la s\u00e9curit\u00e9 sociale en 2024 est estim\u00e9 \u00e0 environ 640Md\u20acTBB note: [&hellip;]<\/p>\n","protected":false},"author":1,"featured_media":0,"parent":0,"menu_order":0,"comment_status":"closed","ping_status":"closed","template":"","meta":{"footnotes":""},"class_list":["post-174","page","type-page","status-publish","hentry"],"_links":{"self":[{"href":"https:\/\/neuroleak.fr\/index.php?rest_route=\/wp\/v2\/pages\/174","targetHints":{"allow":["GET"]}}],"collection":[{"href":"https:\/\/neuroleak.fr\/index.php?rest_route=\/wp\/v2\/pages"}],"about":[{"href":"https:\/\/neuroleak.fr\/index.php?rest_route=\/wp\/v2\/types\/page"}],"author":[{"embeddable":true,"href":"https:\/\/neuroleak.fr\/index.php?rest_route=\/wp\/v2\/users\/1"}],"replies":[{"embeddable":true,"href":"https:\/\/neuroleak.fr\/index.php?rest_route=%2Fwp%2Fv2%2Fcomments&post=174"}],"version-history":[{"count":6,"href":"https:\/\/neuroleak.fr\/index.php?rest_route=\/wp\/v2\/pages\/174\/revisions"}],"predecessor-version":[{"id":977,"href":"https:\/\/neuroleak.fr\/index.php?rest_route=\/wp\/v2\/pages\/174\/revisions\/977"}],"wp:attachment":[{"href":"https:\/\/neuroleak.fr\/index.php?rest_route=%2Fwp%2Fv2%2Fmedia&parent=174"}],"curies":[{"name":"wp","href":"https:\/\/api.w.org\/{rel}","templated":true}]}}