{"id":18,"date":"2024-09-20T15:54:18","date_gmt":"2024-09-20T15:54:18","guid":{"rendered":"http:\/\/neuroleak.fr\/?page_id=18"},"modified":"2026-01-16T12:05:35","modified_gmt":"2026-01-16T11:05:35","slug":"regime-bearbeer","status":"publish","type":"page","link":"https:\/\/neuroleak.fr\/?page_id=18","title":{"rendered":"ECOLO-R\u00e9gime BearBeer"},"content":{"rendered":"\n<p><br><strong>Votre conjoint vous fatigue avec ses conseils de r\u00e9gime<\/strong> <strong>alimentaire<\/strong><strong>, r\u00e9pondez lui que vous allez adopter le r\u00e9gime BearBeer, v\u00e9ritablement efficace et<\/strong> <strong>surtout,<\/strong> <strong>festif<\/strong><\/p>\n\n\n\n<div class=\"wp-block-group alignfull has-accent-background-color has-background has-global-padding is-layout-constrained wp-container-core-group-is-layout-669513ed wp-block-group-is-layout-constrained\" style=\"margin-top:0;margin-bottom:0;padding-top:var(--wp--preset--spacing--50);padding-right:var(--wp--preset--spacing--50);padding-bottom:var(--wp--preset--spacing--50);padding-left:var(--wp--preset--spacing--50)\">\n<div class=\"wp-block-columns alignwide is-layout-flex wp-container-core-columns-is-layout-1da03c2a wp-block-columns-is-layout-flex\">\n<div class=\"wp-block-column is-vertically-aligned-stretch is-layout-flow wp-block-column-is-layout-flow\" style=\"flex-basis:50%\">\n<p class=\"has-heading-font-family has-xx-large-font-size\" style=\"line-height:1.2\">Le BearBeer Fitness<\/p>\n\n\n\n<div class=\"wp-block-group is-vertical is-content-justification-stretch is-layout-flex wp-container-core-group-is-layout-444d5ee8 wp-block-group-is-layout-flex\" style=\"min-height:100%\">\n<p class=\"has-medium-font-size wp-container-content-0733e5d0\">Ce r\u00e9gime consiste \u00e0 transformer la notion noble, mais d\u00e9primante , d&rsquo;une alimentation restreinte en un r\u00e9gime festif , \u00e0 l&rsquo;aide d&rsquo;un breuvage d\u00e9cri\u00e9, a tors , comme typiquement anti-r\u00e9gime.<\/p>\n\n\n\n<p><a href=\"https:\/\/89.159.107.11\/wordpress\/index.php\/confidentialite\/\" data-type=\"page\" data-id=\"3\">About us<\/a><\/p>\n<\/div>\n\n\n\n<p><\/p>\n\n\n\n<div class=\"wp-block-group is-vertical is-content-justification-stretch is-layout-flex wp-container-core-group-is-layout-444d5ee8 wp-block-group-is-layout-flex\" style=\"min-height:100%\">\n<div class=\"wp-block-group has-global-padding is-content-justification-left is-layout-constrained wp-container-core-group-is-layout-9fe8ed88 wp-block-group-is-layout-constrained\">\n<div class=\"wp-block-buttons is-layout-flex wp-block-buttons-is-layout-flex\">\n<div class=\"wp-block-button\"><a class=\"wp-block-button__link wp-element-button\">About us<\/a><\/div>\n<\/div>\n<\/div>\n<\/div>\n<\/div>\n\n\n\n<div class=\"wp-block-column is-vertically-aligned-center is-layout-flow wp-block-column-is-layout-flow\" style=\"flex-basis:50%\">\n<figure class=\"wp-block-image size-full is-style-default\"><img loading=\"lazy\" decoding=\"async\" width=\"200\" height=\"195\" src=\"https:\/\/neuroleak.fr\/wp-content\/uploads\/2024\/11\/BearBeer_html_65723b9af906cd44-3.bmp\" alt=\"\" class=\"wp-image-545\" style=\"aspect-ratio:3\/4;object-fit:cover\"\/><\/figure>\n<\/div>\n<\/div>\n<\/div>\n\n\n\n<div class=\"wp-block-group alignfull has-base-background-color has-background has-global-padding is-layout-constrained wp-container-core-group-is-layout-d89aad35 wp-block-group-is-layout-constrained\" style=\"margin-top:0;margin-bottom:0;padding-top:var(--wp--preset--spacing--50);padding-right:var(--wp--preset--spacing--50);padding-bottom:var(--wp--preset--spacing--50);padding-left:var(--wp--preset--spacing--50)\">\n<div class=\"wp-block-columns alignwide is-layout-flex wp-container-core-columns-is-layout-549b0c86 wp-block-columns-is-layout-flex\">\n<div class=\"wp-block-column is-layout-flow wp-container-core-column-is-layout-119bc444 wp-block-column-is-layout-flow\" style=\"flex-basis:60%\">\n<p class=\"has-text-align-center has-heading-font-family has-medium-font-size\" style=\"margin-top:0;margin-right:0px;margin-bottom:0;margin-left:0px;line-height:1.2\"><em>Nous allons transformer tous les apports caloriques en pintes de bi\u00e8re (50cl=500ml=0.5l ) \u00e0 5.5\u00b0alc. et\/ou \u00e0 0\u00b0alc. pour les int\u00e9gristes. Le r\u00e9gime consiste \u00e0 conserver 25% de son alimentation habituelle, et a compl\u00e8ter jusqu&rsquo;\u00e0 75% de son ancien apport calorique avec de la bi\u00e8re courante (214 calories\/pinte) ou avec de la bi\u00e8re 0% (106 calories\/pinte) Ce r\u00e9gime, si possible, devra s&rsquo;arr\u00eater d\u00e8s que votre perte de poids aura atteint 10 kg<\/em><\/p>\n\n\n\n<p>Appliqu\u00e9 \u00e0 un petit d\u00e9jeuner continental habituel<\/p>\n\n\n\n<figure class=\"wp-block-table is-style-stripes\"><table><tbody><tr><td><sub>INGERER<\/sub><\/td><td>Kcal<\/td><td>0.25xKcal<\/td><td>0.56xKcal<\/td><td>Pinte a 5.5%<\/td><td>Pinte a 0%<\/td><\/tr><tr><td><sub>Pain 2.5T + Beurre 2.5x7g<\/sub><\/td><td>177+125<\/td><td>75<\/td><td>169<\/td><td>394 ml<\/td><td>795 ml<\/td><\/tr><tr><td><sub>Sucre 5+2.5g<\/sub><\/td><td>36<\/td><td>9<\/td><td>20<\/td><td>36 ml<\/td><td>72 ml<\/td><\/tr><tr><td><sup><sub>Cr\u00e8me 39g<\/sub><\/sup><\/td><td>114<\/td><td>28<\/td><td>63<\/td><td>149 ml<\/td><td>300 ml<\/td><\/tr><tr><td><sub>Caf\u00e9 150 ml<\/sub><\/td><td>0<\/td><td>0<\/td><td>0<\/td><td>0<\/td><td>0<\/td><\/tr><tr><td><sub>Confiture 9g<\/sub><\/td><td>23<\/td><td>6<\/td><td>13<\/td><td>21 ml<\/td><td>42 ml<\/td><\/tr><tr><td><sub>P\u00eache fruit<\/sub><\/td><td>63 <\/td><td>15<\/td><td>35<\/td><td>81 ml<\/td><td>165 ml<\/td><\/tr><\/tbody><\/table><\/figure>\n\n\n\n<p>Si vous allez au bureau , optez pour la bi\u00e8re 0%<\/p>\n\n\n\n<p><\/p>\n\n\n\n<p><\/p>\n\n\n\n<div class=\"wp-block-columns is-layout-flex wp-container-core-columns-is-layout-87beb0d0 wp-block-columns-is-layout-flex\">\n<div class=\"wp-block-column is-layout-flow wp-block-column-is-layout-flow\"><\/div>\n<\/div>\n<\/div>\n<\/div>\n<\/div>\n\n\n\n<div class=\"wp-block-group alignfull has-base-color has-contrast-background-color has-text-color has-background has-link-color wp-elements-55ff4e491c069a8fb920f96c506e2e3c has-global-padding is-layout-constrained wp-container-core-group-is-layout-d89aad35 wp-block-group-is-layout-constrained\" style=\"margin-top:0;margin-bottom:0;padding-top:var(--wp--preset--spacing--50);padding-right:var(--wp--preset--spacing--50);padding-bottom:var(--wp--preset--spacing--50);padding-left:var(--wp--preset--spacing--50)\">\n<h2 class=\"wp-block-heading alignwide has-base-color has-text-color has-link-color wp-elements-c4c416c7eb40dfc8a50e7a3bf5146989\" style=\"font-size:clamp(1.502rem, 1.502rem + ((1vw - 0.2rem) * 1.663), 2.5rem);letter-spacing:-0.02em\"><em>Le r\u00e9gime BearBeer r\u00e9sultats bas\u00e9s uniquement sur un petit d\u00e9jeuner<\/em> standard<\/h2>\n\n\n\n<p><em>Vous prenez 1\/4 de votre petit d\u00e9jeuner habituel, vous vous \u00ab\u00a0tapez\u00a0\u00bb 1 Pinte de bi\u00e8re et un Galopin devant votre <strong>conjoint et vos enfants m\u00e9dus\u00e9s<\/strong>. En 1 semaine, avec ce seul effort, vous avez \u00e9conomis\u00e9 134 Kcal, et vous avez perdu <strong>15 grammes de gras<\/strong> !!! . Si vous conduisez , vous pouvez doubler cette quantit\u00e9 de bi\u00e8re en optant pour de la bi\u00e8res sans alcool . Le b\u00e9n\u00e9fice peut \u00eatre double, car chaque journ\u00e9e, vous pouvez <strong>fertiliser 2 m\u00e8tres carr\u00e9s de votre pelouse<\/strong>, a faire p\u00e2lir vos voisins de jalousie.<\/em>(Source: <em>&lt;&lt; Engrais Azot\u00e9 et pipi sur le gazon>><\/em>)<\/p>\n\n\n\n<p class=\"has-large-font-size\">Appliqu\u00e9 a tous vos repas de la journ\u00e9e , vous multipliez par 4 cette performance, soit 3.1 kg perdus en une seule ann\u00e9e non morose.<\/p>\n<\/div>\n\n\n\n<div class=\"wp-block-group alignfull has-global-padding is-layout-constrained wp-container-core-group-is-layout-d89aad35 wp-block-group-is-layout-constrained\" style=\"margin-top:0;margin-bottom:0;padding-top:var(--wp--preset--spacing--50);padding-right:var(--wp--preset--spacing--50);padding-bottom:var(--wp--preset--spacing--50);padding-left:var(--wp--preset--spacing--50)\">\n<div class=\"wp-block-group alignwide has-base-2-background-color has-background is-layout-flow wp-block-group-is-layout-flow\" style=\"border-radius:16px;padding-top:var(--wp--preset--spacing--50);padding-right:var(--wp--preset--spacing--50);padding-bottom:var(--wp--preset--spacing--50);padding-left:var(--wp--preset--spacing--50)\">\n<p class=\"has-text-align-center has-medium-font-size\">Grace \u00e0 ce principe TBB (The Brain Bypass) adopt\u00e9 pour toute votre alimentation journali\u00e8re:<\/p>\n\n\n\n<p class=\"has-medium-font-size\">Vous \u00e9conomisez 3850 Kcal par semaine, soit 420 grammes de gras, sans compter les \u00e9conomies sur les tourn\u00e9es au bistrot, et vous vous musclez en transportant depuis votre supermarch\u00e9 pr\u00e9f\u00e9r\u00e9 18.6 litres de bi\u00e8re, soit 74 canettes (Demis), sans compter, pour les adeptes les plus sobres, d&rsquo;importantes \u00e9conomies annuelles en engrais.<\/p>\n\n\n\n<div style=\"height:var(--wp--preset--spacing--10)\" aria-hidden=\"true\" class=\"wp-block-spacer\"><\/div>\n<\/div>\n<\/div>\n","protected":false},"excerpt":{"rendered":"<p>Votre conjoint vous fatigue avec ses conseils de r\u00e9gime alimentaire, r\u00e9pondez lui que vous allez adopter le r\u00e9gime BearBeer, v\u00e9ritablement efficace et surtout, festif Le BearBeer Fitness Ce r\u00e9gime consiste \u00e0 transformer la notion noble, mais d\u00e9primante , d&rsquo;une alimentation restreinte en un r\u00e9gime festif , \u00e0 l&rsquo;aide d&rsquo;un breuvage d\u00e9cri\u00e9, a tors , comme [&hellip;]<\/p>\n","protected":false},"author":1,"featured_media":0,"parent":0,"menu_order":0,"comment_status":"closed","ping_status":"closed","template":"","meta":{"footnotes":""},"class_list":["post-18","page","type-page","status-publish","hentry"],"_links":{"self":[{"href":"https:\/\/neuroleak.fr\/index.php?rest_route=\/wp\/v2\/pages\/18","targetHints":{"allow":["GET"]}}],"collection":[{"href":"https:\/\/neuroleak.fr\/index.php?rest_route=\/wp\/v2\/pages"}],"about":[{"href":"https:\/\/neuroleak.fr\/index.php?rest_route=\/wp\/v2\/types\/page"}],"author":[{"embeddable":true,"href":"https:\/\/neuroleak.fr\/index.php?rest_route=\/wp\/v2\/users\/1"}],"replies":[{"embeddable":true,"href":"https:\/\/neuroleak.fr\/index.php?rest_route=%2Fwp%2Fv2%2Fcomments&post=18"}],"version-history":[{"count":7,"href":"https:\/\/neuroleak.fr\/index.php?rest_route=\/wp\/v2\/pages\/18\/revisions"}],"predecessor-version":[{"id":1009,"href":"https:\/\/neuroleak.fr\/index.php?rest_route=\/wp\/v2\/pages\/18\/revisions\/1009"}],"wp:attachment":[{"href":"https:\/\/neuroleak.fr\/index.php?rest_route=%2Fwp%2Fv2%2Fmedia&parent=18"}],"curies":[{"name":"wp","href":"https:\/\/api.w.org\/{rel}","templated":true}]}}