{"id":47,"date":"2024-09-22T13:40:14","date_gmt":"2024-09-22T13:40:14","guid":{"rendered":"http:\/\/neuroleak.fr\/?page_id=47"},"modified":"2025-12-11T09:58:31","modified_gmt":"2025-12-11T08:58:31","slug":"le-cspe-edf-gdf-et-les-douaniers","status":"publish","type":"page","link":"https:\/\/neuroleak.fr\/?page_id=47","title":{"rendered":"ELUS-Le CSPE edf-gdf et les douaniers"},"content":{"rendered":"\n<p><br><strong>Dans cette p\u00e9riode bu<\/strong><strong>g\u00e9taire, ou il est de bon ton de racler m\u00e9diatiquement le fond de porte-monnaies \u00e9tatiques, que l\u2019on sait d\u00e9j\u00e0 tr\u00e8s plats, pourquoi ne pas se diriger vers les bourses pos\u00e9es sur l\u2019\u00e9tag\u00e8re ?<\/strong><\/p>\n\n\n\n<div class=\"wp-block-group alignfull has-accent-background-color has-background has-global-padding is-layout-constrained wp-container-core-group-is-layout-669513ed wp-block-group-is-layout-constrained\" style=\"margin-top:0;margin-bottom:0;padding-top:var(--wp--preset--spacing--50);padding-right:var(--wp--preset--spacing--50);padding-bottom:var(--wp--preset--spacing--50);padding-left:var(--wp--preset--spacing--50)\">\n<div class=\"wp-block-columns alignwide is-layout-flex wp-container-core-columns-is-layout-1da03c2a wp-block-columns-is-layout-flex\">\n<div class=\"wp-block-column is-vertically-aligned-stretch is-layout-flow wp-block-column-is-layout-flow\" style=\"flex-basis:50%\">\n<div class=\"wp-block-group is-vertical is-content-justification-stretch is-layout-flex wp-container-core-group-is-layout-444d5ee8 wp-block-group-is-layout-flex\" style=\"min-height:100%\">\n<p class=\"has-heading-font-family has-x-large-font-size\" style=\"line-height:1.2\">Quel comptable n&rsquo;a jamais rev\u00e9 de faire r\u00e9aliser a Bercy une \u00e9conomie de 0.8 Md d&rsquo;Euro et de percevoir, pour ce service 1 Md d&rsquo;Euro sans toucher au portefeuille des Fran\u00e7ais . Nous en connaissons un,  dot\u00e9 de 3 neurones par la nature, et, voici la m\u00e9thode sugg\u00e9r\u00e9e.<\/p>\n\n\n\n<p class=\"wp-container-content-0733e5d0\">Not\u00e9 en page 2 des factures EDF en 2023:<em><strong> cspe : s&rsquo;applique \u00e0 la quantit\u00e9 d&rsquo;\u00e9nergie consomm\u00e9e. Au 1er janvier 2022, le taux comprend d\u00e9sormais la taxe d\u00e9partementale. Cette contribution est revers\u00e9e aux services des douanes.<\/strong><\/em><br><strong>En 2025<\/strong>: le \u00ab\u00a0CSPE\u00a0\u00bb devient \u00ab\u00a0Accise \u00e9lectricit\u00e9\u00bb de 22.5\u20ac\/MWH pour entreprises \u00e0 33.70\u20ac pour les m\u00e9nages et assimil\u00e9s. Et toujours soit disant: &lt;Cette contribution est revers\u00e9e aux services des douanes> . <strong><em>Le budget de la douane en 2025 est de 1.74 Md \u20ac\u00a0, ou vont les 2Md\u20ac qui disparaissent maintenant ?<\/em><\/strong><em> Qui met les doigts dans le pot de confiture ?<\/em><\/p>\n\n\n\n<p class=\"wp-container-content-0733e5d0\"><\/p>\n<\/div>\n<\/div>\n\n\n\n<div class=\"wp-block-column is-vertically-aligned-center is-layout-flow wp-block-column-is-layout-flow\" style=\"flex-basis:50%\">\n<figure class=\"wp-block-image size-full is-style-default\"><img loading=\"lazy\" decoding=\"async\" width=\"200\" height=\"228\" src=\"https:\/\/neuroleak.fr\/wp-content\/uploads\/2024\/11\/comptable-1-1-1-1.jpg\" alt=\"\" class=\"wp-image-588\" style=\"aspect-ratio:3\/4;object-fit:cover\"\/><\/figure>\n<\/div>\n<\/div>\n<\/div>\n\n\n\n<div class=\"wp-block-group alignfull has-global-padding is-layout-constrained wp-container-core-group-is-layout-d89aad35 wp-block-group-is-layout-constrained\" style=\"margin-top:0;margin-bottom:0;padding-top:var(--wp--preset--spacing--50);padding-right:var(--wp--preset--spacing--50);padding-bottom:var(--wp--preset--spacing--50);padding-left:var(--wp--preset--spacing--50)\">\n<div class=\"wp-block-group alignwide has-base-2-background-color has-background is-layout-flow wp-block-group-is-layout-flow\" style=\"border-radius:16px;padding-top:var(--wp--preset--spacing--50);padding-right:var(--wp--preset--spacing--50);padding-bottom:var(--wp--preset--spacing--50);padding-left:var(--wp--preset--spacing--50)\">\n<p>Note : pour 2025 vous pouvez multiplier par 1.35 les chiffres cit\u00e9s ci-dessous.<\/p>\n\n\n\n<p class=\"has-large-font-size\">Sur une facture EDF et\/ou GDF \u00e0 destination d&rsquo;un particulier, la taxe CSPE est annonc\u00e9e comme \u00e9tant revers\u00e9e aux douanes, elle est \u00e9gale \u00e0 0.0225 \u20ac\/kwh (souvent pour atteindre 11% de chaque facture) . EDF produit annuellement 431 TeraWatts, dont 40% a destination des particuliers (1 TeraWatt=1 Md de kW) . Les particuliers, rien qu&rsquo;au travers d&rsquo;EDF versent 431*0.4*0.0225*1 000 000 000 E = 3.8 Md Euro . Ors, le budget allou\u00e9 \u00e0 la douane Fran\u00e7aise est de 2 Md Euros. On peut en d\u00e9duire que le temps de calcul au personnel de Bercy et l&rsquo;amortissement des ordinateurs utilis\u00e9s comptent pour 1.8 Md Euro. Ce compable, sans doute un peu vantard, a assur\u00e9 qu&rsquo;il pouvait traiter cela pour 1 Md d&rsquo;Euro et c\u00e9der gracieusement au budget de la France, les 0.8 Md ainsi \u00e9conomis\u00e9s (<em>calculs \u00e0 minima r\u00e9alis\u00e9 par nous m\u00eames, car toutes les informations de l&rsquo;Etat \u00e0 ce propos sont sont farfelues et contradictoires<\/em>)<\/p>\n<\/div>\n<\/div>\n\n\n\n<div class=\"wp-block-group alignfull has-global-padding is-layout-constrained wp-container-core-group-is-layout-d89aad35 wp-block-group-is-layout-constrained\" style=\"margin-top:0;margin-bottom:0;padding-top:var(--wp--preset--spacing--50);padding-right:var(--wp--preset--spacing--50);padding-bottom:var(--wp--preset--spacing--50);padding-left:var(--wp--preset--spacing--50)\">\n<div class=\"wp-block-columns alignwide are-vertically-aligned-center is-layout-flex wp-container-core-columns-is-layout-47c06fe3 wp-block-columns-is-layout-flex\">\n<div class=\"wp-block-column is-vertically-aligned-center is-layout-flow wp-block-column-is-layout-flow\" style=\"flex-basis:50%\">\n<div class=\"wp-block-buttons is-layout-flex wp-block-buttons-is-layout-flex\"><\/div>\n<\/div>\n\n\n\n<div class=\"wp-block-column is-vertically-aligned-center is-layout-flow wp-block-column-is-layout-flow\" style=\"flex-basis:50%\"><\/div>\n<\/div>\n<\/div>\n\n\n\n<div class=\"wp-block-group alignfull has-base-color has-contrast-background-color has-text-color has-background has-link-color wp-elements-3c4e8102ab2cdf79f22fe4ba726ea4ee has-global-padding is-layout-constrained wp-container-core-group-is-layout-d89aad35 wp-block-group-is-layout-constrained\" style=\"margin-top:0;margin-bottom:0;padding-top:var(--wp--preset--spacing--50);padding-right:var(--wp--preset--spacing--50);padding-bottom:var(--wp--preset--spacing--50);padding-left:var(--wp--preset--spacing--50)\">\n<h2 class=\"wp-block-heading alignwide has-base-color has-text-color has-link-color has-xx-large-font-size wp-elements-d5166bf0a5b0364d34851e3fe75c239b\" style=\"letter-spacing:-0.02em\"><em>Les suggestions :<\/em><\/h2>\n\n\n\n<div class=\"wp-block-group alignwide is-layout-flow wp-block-group-is-layout-flow\">\n<hr class=\"wp-block-separator has-text-color has-base-color has-alpha-channel-opacity has-base-background-color has-background is-style-wide\" style=\"margin-top:var(--wp--preset--spacing--30);margin-bottom:var(--wp--preset--spacing--30)\"\/>\n\n\n\n<p class=\"has-contrast-1-color has-text-color has-link-color has-large-font-size wp-elements-59a4bcba728a7ebeacd9c914a1493d46\"><em>Redonner  au  personnel de Bercy charg\u00e9 de ce sujet une formation en calcul  par un instituteur d&rsquo;\u00e9cole primaire, d\u00e8s que l&rsquo;on en aura trouv\u00e9 un de libre . <\/em><\/p>\n\n\n\n<p class=\"has-contrast-1-color has-text-color has-link-color has-large-font-size wp-elements-adb9d2603e7600c2033c8c667ade7370\"><em>Demander aux ministres et haut fonctionnaires de cesser de mentir comme lorsqu&rsquo;ils \u00e9taient \u00e0 l&rsquo;\u00e9cole primaire.<\/em><\/p>\n\n\n\n<p class=\"has-link-color has-large-font-size wp-elements-a5112faf46ba18bd6c4dcfec2be01477\"><em>Accepter la proposition du comptable \u00e0 trois neurones.<\/em><\/p>\n\n\n\n<div style=\"margin-top:var(--wp--preset--spacing--10);margin-bottom:0;height:var(--wp--preset--spacing--10)\" aria-hidden=\"true\" class=\"wp-block-spacer\"><\/div>\n<\/div>\n<\/div>\n\n\n\n<p><\/p>\n","protected":false},"excerpt":{"rendered":"<p>Dans cette p\u00e9riode bug\u00e9taire, ou il est de bon ton de racler m\u00e9diatiquement le fond de porte-monnaies \u00e9tatiques, que l\u2019on sait d\u00e9j\u00e0 tr\u00e8s plats, pourquoi ne pas se diriger vers les bourses pos\u00e9es sur l\u2019\u00e9tag\u00e8re ? Quel comptable n&rsquo;a jamais rev\u00e9 de faire r\u00e9aliser a Bercy une \u00e9conomie de 0.8 Md d&rsquo;Euro et de percevoir, [&hellip;]<\/p>\n","protected":false},"author":1,"featured_media":0,"parent":0,"menu_order":0,"comment_status":"closed","ping_status":"closed","template":"","meta":{"footnotes":""},"class_list":["post-47","page","type-page","status-publish","hentry"],"_links":{"self":[{"href":"https:\/\/neuroleak.fr\/index.php?rest_route=\/wp\/v2\/pages\/47","targetHints":{"allow":["GET"]}}],"collection":[{"href":"https:\/\/neuroleak.fr\/index.php?rest_route=\/wp\/v2\/pages"}],"about":[{"href":"https:\/\/neuroleak.fr\/index.php?rest_route=\/wp\/v2\/types\/page"}],"author":[{"embeddable":true,"href":"https:\/\/neuroleak.fr\/index.php?rest_route=\/wp\/v2\/users\/1"}],"replies":[{"embeddable":true,"href":"https:\/\/neuroleak.fr\/index.php?rest_route=%2Fwp%2Fv2%2Fcomments&post=47"}],"version-history":[{"count":7,"href":"https:\/\/neuroleak.fr\/index.php?rest_route=\/wp\/v2\/pages\/47\/revisions"}],"predecessor-version":[{"id":969,"href":"https:\/\/neuroleak.fr\/index.php?rest_route=\/wp\/v2\/pages\/47\/revisions\/969"}],"wp:attachment":[{"href":"https:\/\/neuroleak.fr\/index.php?rest_route=%2Fwp%2Fv2%2Fmedia&parent=47"}],"curies":[{"name":"wp","href":"https:\/\/api.w.org\/{rel}","templated":true}]}}