{"id":57,"date":"2024-09-23T18:29:06","date_gmt":"2024-09-23T18:29:06","guid":{"rendered":"http:\/\/neuroleak.fr\/?page_id=57"},"modified":"2025-12-11T10:08:34","modified_gmt":"2025-12-11T09:08:34","slug":"un-instant-de-de-tonte","status":"publish","type":"page","link":"https:\/\/neuroleak.fr\/?page_id=57","title":{"rendered":"ECOLO-Un moment de d\u00e9-tonte"},"content":{"rendered":"\n<p><br><strong>Las d\u2019entendre vos voisins de jardin d\u00e9velopper des th\u00e8mes \u00e9cologiques par dessus la cl\u00f4ture mitoyenne entre deux aller-retours de tondeuse , ce d\u00e9veloppement est fait pour vous et pour les critiques de<\/strong> <strong>votre<\/strong> <strong>famille<\/strong><\/p>\n\n\n\n<div class=\"wp-block-group alignfull has-accent-background-color has-background has-global-padding is-layout-constrained wp-container-core-group-is-layout-669513ed wp-block-group-is-layout-constrained\" style=\"margin-top:0;margin-bottom:0;padding-top:var(--wp--preset--spacing--50);padding-right:var(--wp--preset--spacing--50);padding-bottom:var(--wp--preset--spacing--50);padding-left:var(--wp--preset--spacing--50)\">\n<div class=\"wp-block-columns alignwide is-layout-flex wp-container-core-columns-is-layout-1da03c2a wp-block-columns-is-layout-flex\">\n<div class=\"wp-block-column is-vertically-aligned-stretch is-layout-flow wp-block-column-is-layout-flow\" style=\"flex-basis:50%\">\n<div class=\"wp-block-group is-vertical is-content-justification-stretch is-layout-flex wp-container-core-group-is-layout-444d5ee8 wp-block-group-is-layout-flex\" style=\"min-height:100%\">\n<p class=\"has-heading-font-family has-x-large-font-size\" style=\"line-height:1.2\">Alors que l&rsquo;Europe incite financi\u00e8rement \u00e0 la restauration et l&rsquo;entretien des haies bocag\u00e8res, qu&rsquo;en est-il pour les non-agriculteurs<\/p>\n\n\n\n<p class=\"wp-container-content-0733e5d0\"><\/p>\n\n\n\n<div class=\"wp-block-group has-global-padding is-content-justification-left is-layout-constrained wp-container-core-group-is-layout-9fe8ed88 wp-block-group-is-layout-constrained\">\n<div class=\"wp-block-buttons is-layout-flex wp-block-buttons-is-layout-flex\">\n<div class=\"wp-block-button\"><a class=\"wp-block-button__link wp-element-button\">Agriculteurs:  il n&rsquo;est jamais trop t\u00f4t . r\u00e2ler.<\/a><\/div>\n<\/div>\n<\/div>\n<\/div>\n<\/div>\n\n\n\n<div class=\"wp-block-column is-vertically-aligned-center is-layout-flow wp-block-column-is-layout-flow\" style=\"flex-basis:50%\">\n<figure class=\"wp-block-image size-full is-style-default\"><img loading=\"lazy\" decoding=\"async\" width=\"200\" height=\"267\" src=\"https:\/\/neuroleak.fr\/wp-content\/uploads\/2024\/11\/Bear-Gardner-1-1-2.jpg\" alt=\"\" class=\"wp-image-538\" style=\"aspect-ratio:3\/4;object-fit:cover\"\/><\/figure>\n<\/div>\n<\/div>\n<\/div>\n\n\n\n<div class=\"wp-block-group alignfull has-base-background-color has-background has-global-padding is-layout-constrained wp-container-core-group-is-layout-d89aad35 wp-block-group-is-layout-constrained\" style=\"margin-top:0;margin-bottom:0;padding-top:var(--wp--preset--spacing--50);padding-right:var(--wp--preset--spacing--50);padding-bottom:var(--wp--preset--spacing--50);padding-left:var(--wp--preset--spacing--50)\">\n<div class=\"wp-block-columns alignwide is-layout-flex wp-container-core-columns-is-layout-549b0c86 wp-block-columns-is-layout-flex\">\n<div class=\"wp-block-column has-global-padding is-content-justification-left is-layout-constrained wp-container-core-column-is-layout-4f15e8fe wp-block-column-is-layout-constrained\" style=\"flex-basis:40%\">\n<p><\/p>\n<\/div>\n\n\n\n<div class=\"wp-block-column is-layout-flow wp-container-core-column-is-layout-119bc444 wp-block-column-is-layout-flow\" style=\"flex-basis:60%\">\n<p class=\"has-heading-font-family has-x-large-font-size\" style=\"line-height:1.2\">Il ya a 19 millions de maisons individuelles en France, chateaux exclus, avec un terrain attenant de 880 m\u00e8tres carr\u00e9s en moyenne. En campagne, les haies bocag\u00e8res occupent 1.2 millions d&rsquo;hectares . Si chaque propri\u00e9taire de maison laisse 25% de son terrain non tondu ou cultiv\u00e9, ceci se traduira par 0.42 millions d&rsquo;hectares souvent sans pesticides, pour nos enfants et autre faune. <br>Pour ces terrains il y a 8 millions de tondeuses thermiques ou autres machines fonctionnant 15 heures annuellement et consommant 1 litre d&rsquo;essence par heure. Cette essence va g\u00e9n\u00e9rer 290 000 Tonnes de CO2 annuellement et produire, sur une base de 90 d\u00e9cibels, 11 M\u00e9gawatts d&rsquo;\u00e9nergie sous forme sonore , pour titiller les oreilles de nos voisins.<br>Les oiseaux, insectes , et autres, reviendront-ils dans ces parcelles de jardin situ\u00e9es essentiellement \u00e0 proximit\u00e9 des villes ?<\/p>\n\n\n\n<div class=\"wp-block-columns is-layout-flex wp-container-core-columns-is-layout-87beb0d0 wp-block-columns-is-layout-flex\">\n<div class=\"wp-block-column is-layout-flow wp-block-column-is-layout-flow\">\n<p class=\"wp-container-content-9cfa9a5a\">.<\/p>\n<\/div>\n\n\n\n<div class=\"wp-block-column is-layout-flow wp-block-column-is-layout-flow\">\n<p>.<\/p>\n<\/div>\n<\/div>\n<\/div>\n<\/div>\n<\/div>\n\n\n\n<div class=\"wp-block-group alignfull has-global-padding is-layout-constrained wp-container-core-group-is-layout-d89aad35 wp-block-group-is-layout-constrained\" style=\"margin-top:0;margin-bottom:0;padding-top:var(--wp--preset--spacing--50);padding-right:var(--wp--preset--spacing--50);padding-bottom:var(--wp--preset--spacing--50);padding-left:var(--wp--preset--spacing--50)\"><\/div>\n\n\n\n<div class=\"wp-block-group alignfull has-base-color has-contrast-background-color has-text-color has-background has-link-color wp-elements-81f35b31334bf75d004733ddf467dd08 has-global-padding is-layout-constrained wp-container-core-group-is-layout-d89aad35 wp-block-group-is-layout-constrained\" style=\"margin-top:0;margin-bottom:0;padding-top:var(--wp--preset--spacing--50);padding-right:var(--wp--preset--spacing--50);padding-bottom:var(--wp--preset--spacing--50);padding-left:var(--wp--preset--spacing--50)\">\n<h2 class=\"wp-block-heading alignwide has-base-color has-text-color has-link-color wp-elements-51a3a213056c763817cc8d1f2f9c8070\" style=\"font-size:clamp(36.954px, 2.31rem + ((1vw - 3.2px) * 3.234), 68px);letter-spacing:-0.02em\"><em>Des NEURO-S(C)EPTIQUES ?<\/em><\/h2>\n\n\n\n<div class=\"wp-block-group alignwide is-layout-flow wp-block-group-is-layout-flow\">\n<hr class=\"wp-block-separator has-text-color has-base-color has-alpha-channel-opacity has-base-background-color has-background is-style-wide\" style=\"margin-top:var(--wp--preset--spacing--30);margin-bottom:var(--wp--preset--spacing--30)\"\/>\n\n\n\n<h3 class=\"wp-block-heading alignwide has-base-2-color has-text-color has-link-color wp-elements-168c4d09099d82e710c68f14cd486000\"><em>Ce d\u00e9lire \u00e9cologique , \u00e9logieux pour la paresse, a effectivement un avenir incertain . Avec moins d&rsquo;aides Europ\u00e9ennes relatives aux haies et bocages, les tracteurs ne vont-ils pas quitter les champs pour les villes, et les pneus quitter les jantes pour le bucher ?<\/em><\/h3>\n\n\n\n<p class=\"has-contrast-1-color has-text-color has-link-color wp-elements-c17ca708c331750a61051f9f591483d9\">Les jeunes peuvent attendre, compter les sauterelles et les coccinelles dans le jardin est en passe de devenir un nouveau jeu d&rsquo;enfant<\/p>\n\n\n\n<hr class=\"wp-block-separator has-text-color has-base-color has-alpha-channel-opacity has-base-background-color has-background is-style-wide\" style=\"margin-top:var(--wp--preset--spacing--30);margin-bottom:var(--wp--preset--spacing--30)\"\/>\n\n\n\n<p class=\"has-contrast-1-color has-text-color has-link-color wp-elements-8a6244d0256af1d148be9c6f8727b5fe\"><\/p>\n\n\n\n<div style=\"margin-top:var(--wp--preset--spacing--10);margin-bottom:0;height:var(--wp--preset--spacing--10)\" aria-hidden=\"true\" class=\"wp-block-spacer\"><\/div>\n<\/div>\n<\/div>\n\n\n\n<div class=\"wp-block-group alignfull has-global-padding is-layout-constrained wp-container-core-group-is-layout-d89aad35 wp-block-group-is-layout-constrained\" style=\"margin-top:0;margin-bottom:0;padding-top:var(--wp--preset--spacing--50);padding-right:var(--wp--preset--spacing--50);padding-bottom:var(--wp--preset--spacing--50);padding-left:var(--wp--preset--spacing--50)\">\n<div class=\"wp-block-columns alignwide are-vertically-aligned-center is-layout-flex wp-container-core-columns-is-layout-47c06fe3 wp-block-columns-is-layout-flex\">\n<div class=\"wp-block-column is-vertically-aligned-center is-layout-flow wp-block-column-is-layout-flow\" style=\"flex-basis:50%\"><\/div>\n\n\n\n<div class=\"wp-block-column is-vertically-aligned-center is-layout-flow wp-block-column-is-layout-flow\" style=\"flex-basis:50%\"><\/div>\n<\/div>\n<\/div>\n","protected":false},"excerpt":{"rendered":"<p>Las d\u2019entendre vos voisins de jardin d\u00e9velopper des th\u00e8mes \u00e9cologiques par dessus la cl\u00f4ture mitoyenne entre deux aller-retours de tondeuse , ce d\u00e9veloppement est fait pour vous et pour les critiques de votre famille Alors que l&rsquo;Europe incite financi\u00e8rement \u00e0 la restauration et l&rsquo;entretien des haies bocag\u00e8res, qu&rsquo;en est-il pour les non-agriculteurs Il ya a [&hellip;]<\/p>\n","protected":false},"author":1,"featured_media":0,"parent":0,"menu_order":0,"comment_status":"closed","ping_status":"closed","template":"","meta":{"footnotes":""},"class_list":["post-57","page","type-page","status-publish","hentry"],"_links":{"self":[{"href":"https:\/\/neuroleak.fr\/index.php?rest_route=\/wp\/v2\/pages\/57","targetHints":{"allow":["GET"]}}],"collection":[{"href":"https:\/\/neuroleak.fr\/index.php?rest_route=\/wp\/v2\/pages"}],"about":[{"href":"https:\/\/neuroleak.fr\/index.php?rest_route=\/wp\/v2\/types\/page"}],"author":[{"embeddable":true,"href":"https:\/\/neuroleak.fr\/index.php?rest_route=\/wp\/v2\/users\/1"}],"replies":[{"embeddable":true,"href":"https:\/\/neuroleak.fr\/index.php?rest_route=%2Fwp%2Fv2%2Fcomments&post=57"}],"version-history":[{"count":6,"href":"https:\/\/neuroleak.fr\/index.php?rest_route=\/wp\/v2\/pages\/57\/revisions"}],"predecessor-version":[{"id":984,"href":"https:\/\/neuroleak.fr\/index.php?rest_route=\/wp\/v2\/pages\/57\/revisions\/984"}],"wp:attachment":[{"href":"https:\/\/neuroleak.fr\/index.php?rest_route=%2Fwp%2Fv2%2Fmedia&parent=57"}],"curies":[{"name":"wp","href":"https:\/\/api.w.org\/{rel}","templated":true}]}}