{"id":678,"date":"2024-12-04T10:24:01","date_gmt":"2024-12-04T09:24:01","guid":{"rendered":"https:\/\/neuroleak.fr\/?page_id=678"},"modified":"2025-12-11T09:59:41","modified_gmt":"2025-12-11T08:59:41","slug":"agriculteurs-petits-joueurs","status":"publish","type":"page","link":"https:\/\/neuroleak.fr\/?page_id=678","title":{"rendered":"ECOLO-Agriculteurs: petits joueurs"},"content":{"rendered":"\n<p><br><br><strong>Malgr\u00e9 des efforts dans l\u2019eau, la terre et maintenant l\u2019air, l\u2019impact des agriculteurs reste modeste.Nous avons recherch\u00e9 le moyen de contribuer \u00e0 un r\u00e9tablissement face \u00e0 une corporation qui, elle, a pris beaucoup d\u2019avance<\/strong><\/p>\n\n\n\n<figure class=\"wp-block-image size-full\"><img loading=\"lazy\" decoding=\"async\" width=\"581\" height=\"771\" src=\"https:\/\/neuroleak.fr\/wp-content\/uploads\/2024\/12\/ourspodiumFINAL-1.jpg\" alt=\"\" class=\"wp-image-823\" srcset=\"https:\/\/neuroleak.fr\/wp-content\/uploads\/2024\/12\/ourspodiumFINAL-1.jpg 581w, https:\/\/neuroleak.fr\/wp-content\/uploads\/2024\/12\/ourspodiumFINAL-1-226x300.jpg 226w\" sizes=\"auto, (max-width: 581px) 100vw, 581px\" \/><\/figure>\n\n\n\n<div class=\"wp-block-group alignfull has-accent-background-color has-background has-global-padding is-layout-constrained wp-container-core-group-is-layout-669513ed wp-block-group-is-layout-constrained\" style=\"margin-top:0;margin-bottom:0;padding-top:var(--wp--preset--spacing--50);padding-right:var(--wp--preset--spacing--50);padding-bottom:var(--wp--preset--spacing--50);padding-left:var(--wp--preset--spacing--50)\">\n<div class=\"wp-block-columns alignwide is-layout-flex wp-container-core-columns-is-layout-1da03c2a wp-block-columns-is-layout-flex\">\n<div class=\"wp-block-column is-vertically-aligned-stretch is-layout-flow wp-block-column-is-layout-flow\" style=\"flex-basis:50%\">\n<div class=\"wp-block-group is-vertical is-content-justification-stretch is-layout-flex wp-container-core-group-is-layout-444d5ee8 wp-block-group-is-layout-flex\" style=\"min-height:100%\">\n<p class=\"has-heading-font-family has-x-large-font-size\" style=\"line-height:1.2\">320 points de manifestation annuelles pour les agriculteurs.<\/p>\n\n\n\n<p class=\"has-heading-font-family has-x-large-font-size\" style=\"line-height:1.2\">42 258 \u00e9glises et chapelles paroissiales en France<\/p>\n\n\n\n<p class=\"wp-container-content-0733e5d0\"><\/p>\n<\/div>\n<\/div>\n\n\n\n<div class=\"wp-block-column is-vertically-aligned-center is-layout-flow wp-block-column-is-layout-flow\" style=\"flex-basis:50%\"><\/div>\n<\/div>\n<\/div>\n\n\n\n<div class=\"wp-block-group alignfull has-base-background-color has-background has-global-padding is-layout-constrained wp-container-core-group-is-layout-d89aad35 wp-block-group-is-layout-constrained\" style=\"margin-top:0;margin-bottom:0;padding-top:var(--wp--preset--spacing--50);padding-right:var(--wp--preset--spacing--50);padding-bottom:var(--wp--preset--spacing--50);padding-left:var(--wp--preset--spacing--50)\">\n<div class=\"wp-block-columns alignwide is-layout-flex wp-container-core-columns-is-layout-549b0c86 wp-block-columns-is-layout-flex\">\n<div class=\"wp-block-column is-layout-flow wp-container-core-column-is-layout-119bc444 wp-block-column-is-layout-flow\" style=\"flex-basis:100%\">\n<p class=\"has-heading-font-family has-x-large-font-size\" style=\"line-height:1.2\">Chaque manifestation d\u2019agriculteurs se d\u00e9roule en moyenne en France sur 80 points de manifestation avec la combustion au minimum de 50 kilogrammes de pneumatiques. Chaque kilogramme de pneu produit dans ces conditions de combustion en 40 grammes de particules fines (PM10 et PM2.5), soit au total une \u00e9mission fran\u00e7aise annuelle de <strong>640 kg<\/strong> de particules fines<\/p>\n\n\n\n<p class=\"has-heading-font-family has-x-large-font-size\" style=\"line-height:1.2\">Un seul gramme de cire pour cierge, produit environ <strong>10 \u00e0 50 milligrammes (mg)<\/strong> de particules fines (PM10 et PM2.5)<br>La Ciergerie de Lourdes&nbsp;, avec 1\/3 du march\u00e9 Fran\u00e7ais produit 400 tonnes de cierges par an , ce qui permet de repeindre l&rsquo;int\u00e9rieur des \u00e9glises et les paroissiens avec 40 tonnes de particules fines, soit <strong>120 tonnes<\/strong> annuellement pour l\u2019ensemble de la France<\/p>\n\n\n\n<div class=\"wp-block-columns is-layout-flex wp-container-core-columns-is-layout-87beb0d0 wp-block-columns-is-layout-flex\">\n<div class=\"wp-block-column is-layout-flow wp-block-column-is-layout-flow\">\n<p class=\"wp-container-content-9cfa9a5a\"><\/p>\n<\/div>\n<\/div>\n<\/div>\n<\/div>\n<\/div>\n\n\n\n<h2 class=\"wp-block-heading has-text-align-center has-xx-large-font-size\">Les suggestions de TBB<\/h2>\n\n\n\n<h2 class=\"wp-block-heading alignwide has-base-color has-text-color has-link-color wp-elements-ab14926a8b2d347d1f416f5491bffe57\" style=\"font-size:clamp(2.835rem, 2.835rem + ((1vw - 0.2rem) * 4.442), 5.5rem);letter-spacing:-0.02em\"><em>TBB propose<\/em>:<\/h2>\n\n\n\n<div class=\"wp-block-group alignfull has-base-color has-contrast-background-color has-text-color has-background has-link-color wp-elements-d1e649d51c9f9ca71c6b9cd8939fb3f2 has-global-padding is-layout-constrained wp-container-core-group-is-layout-d89aad35 wp-block-group-is-layout-constrained\" style=\"margin-top:0;margin-bottom:0;padding-top:var(--wp--preset--spacing--50);padding-right:var(--wp--preset--spacing--50);padding-bottom:var(--wp--preset--spacing--50);padding-left:var(--wp--preset--spacing--50)\">\n<div class=\"wp-block-group alignwide is-layout-flow wp-block-group-is-layout-flow\">\n<hr class=\"wp-block-separator has-text-color has-base-color has-alpha-channel-opacity has-base-background-color has-background is-style-wide\" style=\"margin-top:var(--wp--preset--spacing--30);margin-bottom:var(--wp--preset--spacing--30)\"\/>\n\n\n\n<h3 class=\"wp-block-heading alignwide has-base-2-color has-text-color has-link-color wp-elements-e81c1651685836ba75e273f906c0f96a\"><strong><em>Apres une longue r\u00e9flexion ,les membres du TBB, pour relever la cr\u00e9dibilit\u00e9 de la profession en mati\u00e8re de pollution, recommande aux agriculteurs de participer \u00e0  toutes leurs futures manifestations avec un cierge a la main.<\/em><\/strong><br><em>Note: une main reste libre pour tenir la corbeille de qu\u00eate<\/em><\/h3>\n\n\n\n<h3 class=\"wp-block-heading alignwide has-base-2-color has-text-color has-link-color wp-elements-2b48e081fa8cb2218cbd4bcc07055d1d\"><\/h3>\n\n\n\n<p class=\"has-contrast-1-color has-text-color has-link-color wp-elements-8a6244d0256af1d148be9c6f8727b5fe\"><\/p>\n\n\n\n<div style=\"margin-top:var(--wp--preset--spacing--10);margin-bottom:0;height:var(--wp--preset--spacing--10)\" aria-hidden=\"true\" class=\"wp-block-spacer\"><\/div>\n<\/div>\n<\/div>\n\n\n\n<div class=\"wp-block-group alignfull has-global-padding is-layout-constrained wp-container-core-group-is-layout-d89aad35 wp-block-group-is-layout-constrained\" style=\"margin-top:0;margin-bottom:0;padding-top:var(--wp--preset--spacing--50);padding-right:var(--wp--preset--spacing--50);padding-bottom:var(--wp--preset--spacing--50);padding-left:var(--wp--preset--spacing--50)\"><\/div>\n","protected":false},"excerpt":{"rendered":"<p>Malgr\u00e9 des efforts dans l\u2019eau, la terre et maintenant l\u2019air, l\u2019impact des agriculteurs reste modeste.Nous avons recherch\u00e9 le moyen de contribuer \u00e0 un r\u00e9tablissement face \u00e0 une corporation qui, elle, a pris beaucoup d\u2019avance 320 points de manifestation annuelles pour les agriculteurs. 42 258 \u00e9glises et chapelles paroissiales en France Chaque manifestation d\u2019agriculteurs se d\u00e9roule [&hellip;]<\/p>\n","protected":false},"author":1,"featured_media":0,"parent":0,"menu_order":0,"comment_status":"closed","ping_status":"closed","template":"","meta":{"footnotes":""},"class_list":["post-678","page","type-page","status-publish","hentry"],"_links":{"self":[{"href":"https:\/\/neuroleak.fr\/index.php?rest_route=\/wp\/v2\/pages\/678","targetHints":{"allow":["GET"]}}],"collection":[{"href":"https:\/\/neuroleak.fr\/index.php?rest_route=\/wp\/v2\/pages"}],"about":[{"href":"https:\/\/neuroleak.fr\/index.php?rest_route=\/wp\/v2\/types\/page"}],"author":[{"embeddable":true,"href":"https:\/\/neuroleak.fr\/index.php?rest_route=\/wp\/v2\/users\/1"}],"replies":[{"embeddable":true,"href":"https:\/\/neuroleak.fr\/index.php?rest_route=%2Fwp%2Fv2%2Fcomments&post=678"}],"version-history":[{"count":8,"href":"https:\/\/neuroleak.fr\/index.php?rest_route=\/wp\/v2\/pages\/678\/revisions"}],"predecessor-version":[{"id":971,"href":"https:\/\/neuroleak.fr\/index.php?rest_route=\/wp\/v2\/pages\/678\/revisions\/971"}],"wp:attachment":[{"href":"https:\/\/neuroleak.fr\/index.php?rest_route=%2Fwp%2Fv2%2Fmedia&parent=678"}],"curies":[{"name":"wp","href":"https:\/\/api.w.org\/{rel}","templated":true}]}}