{"id":694,"date":"2024-12-05T11:53:56","date_gmt":"2024-12-05T10:53:56","guid":{"rendered":"https:\/\/neuroleak.fr\/?page_id=694"},"modified":"2025-12-11T10:08:08","modified_gmt":"2025-12-11T09:08:08","slug":"vous-avez-dit-previsionnel","status":"publish","type":"page","link":"https:\/\/neuroleak.fr\/?page_id=694","title":{"rendered":"ELUS-Vous avez dit PREVISIONNEL ?"},"content":{"rendered":"\n<p><br><em>Errare humanum est, perseverare diabolicum<\/em><\/p>\n\n\n\n<p><br><strong>La chasse aux erreurs: en 1978 l&rsquo;intelligence artificielle n&rsquo;existait pas, mais son pendant, la connerie naturelle, prenait ses marques<\/strong><\/p>\n\n\n\n<div class=\"wp-block-group alignfull has-accent-background-color has-background has-global-padding is-layout-constrained wp-container-core-group-is-layout-669513ed wp-block-group-is-layout-constrained\" style=\"margin-top:0;margin-bottom:0;padding-top:var(--wp--preset--spacing--50);padding-right:var(--wp--preset--spacing--50);padding-bottom:var(--wp--preset--spacing--50);padding-left:var(--wp--preset--spacing--50)\">\n<div class=\"wp-block-columns alignwide is-layout-flex wp-container-core-columns-is-layout-1da03c2a wp-block-columns-is-layout-flex\">\n<div class=\"wp-block-column is-vertically-aligned-stretch is-layout-flow wp-block-column-is-layout-flow\" style=\"flex-basis:50%\">\n<div class=\"wp-block-group is-vertical is-content-justification-stretch is-layout-flex wp-container-core-group-is-layout-444d5ee8 wp-block-group-is-layout-flex\" style=\"min-height:100%\">\n<p class=\"has-heading-font-family has-x-large-font-size\" style=\"line-height:1.2\">D\u00e9but 2023, \u00e9valuation (Tavares n\u2019\u00e9tait pas d\u00e9put\u00e9) des recettes per\u00e7ues par l\u2019\u00c9tat pour l\u2019ann\u00e9e&nbsp;: Total g\u00e9n\u00e9ral 1 961,1 Md\u20ac, juste apr\u00e8s un passage festif par la buvette de l\u2019assembl\u00e9e.<br>D\u00e9but 2024, information re\u00e7ue \u00e0 la buvette&nbsp;, avec tristesse et banalit\u00e9, le d\u00e9ficit budg\u00e9taire de l\u2019\u00c9tat s\u2019est \u00e9lev\u00e9 \u00e0 173,0 Md\u20ac pour 2023, soit u<strong>ne erreur de 8.8&nbsp;%<\/strong><\/p>\n\n\n\n<p class=\"has-heading-font-family has-x-large-font-size\" style=\"line-height:1.2\">Est-ce une mauvaise manip de la calculette&nbsp;? Encore les piles chinoises en cause&nbsp;?<\/p>\n<\/div>\n<\/div>\n\n\n\n<div class=\"wp-block-column is-vertically-aligned-center is-layout-flow wp-block-column-is-layout-flow\" style=\"flex-basis:50%\">\n<figure class=\"wp-block-image size-full is-style-default\"><img loading=\"lazy\" decoding=\"async\" width=\"791\" height=\"703\" src=\"https:\/\/neuroleak.fr\/wp-content\/uploads\/2024\/12\/OursVieuxMur-1.jpg\" alt=\"\" class=\"wp-image-696\" style=\"aspect-ratio:3\/4;object-fit:cover\" srcset=\"https:\/\/neuroleak.fr\/wp-content\/uploads\/2024\/12\/OursVieuxMur-1.jpg 791w, https:\/\/neuroleak.fr\/wp-content\/uploads\/2024\/12\/OursVieuxMur-1-300x267.jpg 300w, https:\/\/neuroleak.fr\/wp-content\/uploads\/2024\/12\/OursVieuxMur-1-768x683.jpg 768w\" sizes=\"auto, (max-width: 791px) 100vw, 791px\" \/><\/figure>\n<\/div>\n<\/div>\n<\/div>\n\n\n\n<div class=\"wp-block-group alignfull has-base-background-color has-background has-global-padding is-layout-constrained wp-container-core-group-is-layout-d89aad35 wp-block-group-is-layout-constrained\" style=\"margin-top:0;margin-bottom:0;padding-top:var(--wp--preset--spacing--50);padding-right:var(--wp--preset--spacing--50);padding-bottom:var(--wp--preset--spacing--50);padding-left:var(--wp--preset--spacing--50)\">\n<div class=\"wp-block-columns alignwide is-layout-flex wp-container-core-columns-is-layout-549b0c86 wp-block-columns-is-layout-flex\">\n<div class=\"wp-block-column is-layout-flow wp-container-core-column-is-layout-119bc444 wp-block-column-is-layout-flow\" style=\"flex-basis:60%\">\n<p class=\"has-heading-font-family has-medium-font-size\" style=\"line-height:1.2\">De 1978 \u00e0 2023, le d\u00e9ficit budg\u00e9taire de la France a \u00e9volu\u00e9 de 1&nbsp;% a 6&nbsp;% du budget pr\u00e9visionel, comme une horloge fatigu\u00e9e . Le cumul moyen des erreurs gouvernementales, approuv\u00e9es par les d\u00e9put\u00e9s entre 1978 et 2023 est de 115&nbsp;%. Trop pr\u00e9occup\u00e9s par un avenir qui chante (interdit \u00e0 la buvette), personne ne se rend compte de la non-sinc\u00e9rit\u00e9 des budgets pr\u00e9visionnels&nbsp;?<\/p>\n\n\n\n<p class=\"has-heading-font-family has-medium-font-size\" style=\"line-height:1.2\">Les membre de TBB qui n\u2019ont pas s\u00e9ch\u00e9 les cours de morale, de civisme et de calcul, \u00e0 l\u2019\u00e9cole primaire se souviennent de l\u2019instituteur qui tan\u00e7ait les plus mauvais garnements. Mais la soci\u00e9t\u00e9 \u00e9volue, il suffirait d\u2019int\u00e9resser nos \u00e9lus au r\u00e9sultat des erreurs positives et n\u00e9gatives sur ces annonces de budget.<\/p>\n\n\n\n<p class=\"has-heading-font-family has-x-large-font-size\" style=\"line-height:1.2\"><\/p>\n<\/div>\n<\/div>\n<\/div>\n\n\n\n<div class=\"wp-block-group alignfull has-base-color has-contrast-background-color has-text-color has-background has-link-color wp-elements-f50a7911c16fe1e5746efc752c89d181 has-global-padding is-layout-constrained wp-container-core-group-is-layout-d89aad35 wp-block-group-is-layout-constrained\" style=\"margin-top:0;margin-bottom:0;padding-top:var(--wp--preset--spacing--50);padding-right:var(--wp--preset--spacing--50);padding-bottom:var(--wp--preset--spacing--50);padding-left:var(--wp--preset--spacing--50)\">\n<h2 class=\"wp-block-heading alignwide has-base-color has-text-color has-link-color has-x-large-font-size wp-elements-b661978d59a55fbfbdac2df995b73bcc\" style=\"letter-spacing:-0.02em\">The Brain Bypass: une action bas\u00e9e sur la r\u00e9compense<br><em>Note: d&rsquo;importantes \u00e9conomies sont pr\u00e9vues sur ce poste<\/em><\/h2>\n\n\n\n<p>1-<em>Pour les d\u00e9put\u00e9s convaincus de mauvaises pr\u00e9visions syst\u00e9matique: ll faut profiter des p\u00e9riodes si\u00e9g\u00e9es \u00e0 l\u2019assembl\u00e9e pour augmenter les budgets accord\u00e9s aux \u00e9tablissements sociaux et cr\u00e9er des abris <em>dans les jardins du Luxembourg<\/em> pour ces \u00e9ventuels d\u00e9put\u00e9s devenus indigents (\u00e9tat final fr\u00e9quent chez les personnes qui ne savent pas calculer) <\/em><\/p>\n\n\n\n<p>2-<em>Eviter d\u2019investir dans des r\u00e9sidences 5 \u00e9toiles pour les d\u00e9put\u00e9s r\u00e9compens\u00e9s ,qui ont pour vocation de  inoccup\u00e9es (ne pas reproduire le \u00ab&nbsp;Stellantis syndrome&nbsp;\u00bb suite \u00e0 une exp\u00e9rience de 45 ans de budget<\/em>)<br><\/p>\n\n\n\n<p><em>3- Au lieu de perdre un temps fou avec discussions st\u00e9riles et calculs hasardeux pour aboutir \u00e0 un r\u00e9sultat faux, il suffit, une fois pour toute de <strong>prendre le r\u00e9sultat  r\u00e9el de l&rsquo;ann\u00e9e N-1 pour l&rsquo;appliquer \u00e0 l&rsquo;ann\u00e9e N<\/strong>. Fini pour l&rsquo;\u00e9ternit\u00e9 les erreurs et pertes de temps<\/em>, <em>gain de temps mis \u00e0 profit pour augmenter les r\u00e9sultats de l&rsquo;ann\u00e9e N , et partir sereins au budget de N+1<\/em><\/p>\n<\/div>\n\n\n\n<p><\/p>\n","protected":false},"excerpt":{"rendered":"<p>Errare humanum est, perseverare diabolicum La chasse aux erreurs: en 1978 l&rsquo;intelligence artificielle n&rsquo;existait pas, mais son pendant, la connerie naturelle, prenait ses marques D\u00e9but 2023, \u00e9valuation (Tavares n\u2019\u00e9tait pas d\u00e9put\u00e9) des recettes per\u00e7ues par l\u2019\u00c9tat pour l\u2019ann\u00e9e&nbsp;: Total g\u00e9n\u00e9ral 1 961,1 Md\u20ac, juste apr\u00e8s un passage festif par la buvette de l\u2019assembl\u00e9e.D\u00e9but 2024, information [&hellip;]<\/p>\n","protected":false},"author":1,"featured_media":0,"parent":0,"menu_order":0,"comment_status":"closed","ping_status":"closed","template":"","meta":{"footnotes":""},"class_list":["post-694","page","type-page","status-publish","hentry"],"_links":{"self":[{"href":"https:\/\/neuroleak.fr\/index.php?rest_route=\/wp\/v2\/pages\/694","targetHints":{"allow":["GET"]}}],"collection":[{"href":"https:\/\/neuroleak.fr\/index.php?rest_route=\/wp\/v2\/pages"}],"about":[{"href":"https:\/\/neuroleak.fr\/index.php?rest_route=\/wp\/v2\/types\/page"}],"author":[{"embeddable":true,"href":"https:\/\/neuroleak.fr\/index.php?rest_route=\/wp\/v2\/users\/1"}],"replies":[{"embeddable":true,"href":"https:\/\/neuroleak.fr\/index.php?rest_route=%2Fwp%2Fv2%2Fcomments&post=694"}],"version-history":[{"count":10,"href":"https:\/\/neuroleak.fr\/index.php?rest_route=\/wp\/v2\/pages\/694\/revisions"}],"predecessor-version":[{"id":983,"href":"https:\/\/neuroleak.fr\/index.php?rest_route=\/wp\/v2\/pages\/694\/revisions\/983"}],"wp:attachment":[{"href":"https:\/\/neuroleak.fr\/index.php?rest_route=%2Fwp%2Fv2%2Fmedia&parent=694"}],"curies":[{"name":"wp","href":"https:\/\/api.w.org\/{rel}","templated":true}]}}