{"id":75,"date":"2024-09-27T13:47:18","date_gmt":"2024-09-27T13:47:18","guid":{"rendered":"http:\/\/neuroleak.fr\/?page_id=75"},"modified":"2025-12-11T10:02:34","modified_gmt":"2025-12-11T09:02:34","slug":"manger-du-foin-ou-du-boeuf","status":"publish","type":"page","link":"https:\/\/neuroleak.fr\/?page_id=75","title":{"rendered":"ECOLO-Manger du foin ou du Boeuf ?"},"content":{"rendered":"\n<p><br><strong>Trop de conseils fatigants apport\u00e9s par les v\u00e9g\u00e9tariens et\/ou des v\u00e9gans dans votre famille ?prouvez<\/strong> <strong>leur que le vrai civisme est dans votre comportement omnivore<\/strong><\/p>\n\n\n\n<div class=\"wp-block-group alignfull has-accent-background-color has-background has-global-padding is-layout-constrained wp-container-core-group-is-layout-669513ed wp-block-group-is-layout-constrained\" style=\"margin-top:0;margin-bottom:0;padding-top:var(--wp--preset--spacing--50);padding-right:var(--wp--preset--spacing--50);padding-bottom:var(--wp--preset--spacing--50);padding-left:var(--wp--preset--spacing--50)\">\n<div class=\"wp-block-columns alignwide is-layout-flex wp-container-core-columns-is-layout-1da03c2a wp-block-columns-is-layout-flex\">\n<div class=\"wp-block-column is-vertically-aligned-stretch is-layout-flow wp-block-column-is-layout-flow\" style=\"flex-basis:50%\">\n<div class=\"wp-block-group is-vertical is-content-justification-stretch is-layout-flex wp-container-core-group-is-layout-444d5ee8 wp-block-group-is-layout-flex\" style=\"min-height:100%\">\n<p class=\"has-heading-font-family has-x-large-font-size\" style=\"line-height:1.2\">Le m\u00e9thane , avec son pouvoir \u00e0 effet de serre 56 fois plus important que celui du dioxyde de carbone a interpell\u00e9 l \u00e9quipe de TBB: comment l&rsquo;humanit\u00e9 peut-elle , pour une fois, se comporter de mani\u00e8re \u00e9cologiquement efficace.<\/p>\n\n\n\n<div class=\"wp-block-group has-global-padding is-content-justification-left is-layout-constrained wp-container-core-group-is-layout-9fe8ed88 wp-block-group-is-layout-constrained\">\n<div class=\"wp-block-buttons is-layout-flex wp-block-buttons-is-layout-flex\">\n<div class=\"wp-block-button\"><a class=\"wp-block-button__link wp-element-button\">Toute digestion par des mammif\u00e8res produit des gaz, les vaches par le museau, d&rsquo;autres esp\u00e8ces on des \u00e9chappements moins sp\u00e9cialis\u00e9s<\/a><\/div>\n<\/div>\n<\/div>\n<\/div>\n<\/div>\n\n\n\n<div class=\"wp-block-column is-vertically-aligned-center is-layout-flow wp-block-column-is-layout-flow\" style=\"flex-basis:50%\">\n<figure class=\"wp-block-image size-full is-style-default\"><img loading=\"lazy\" decoding=\"async\" width=\"200\" height=\"137\" src=\"https:\/\/neuroleak.fr\/wp-content\/uploads\/2024\/11\/BoeufOufoin-3-2-1.bmp\" alt=\"\" class=\"wp-image-555\" style=\"aspect-ratio:3\/4;object-fit:cover\"\/><\/figure>\n<\/div>\n<\/div>\n<\/div>\n\n\n\n<div class=\"wp-block-group alignfull has-global-padding is-layout-constrained wp-container-core-group-is-layout-d89aad35 wp-block-group-is-layout-constrained\" style=\"margin-top:0;margin-bottom:0;padding-top:var(--wp--preset--spacing--50);padding-right:var(--wp--preset--spacing--50);padding-bottom:var(--wp--preset--spacing--50);padding-left:var(--wp--preset--spacing--50)\">\n<div class=\"wp-block-group alignwide has-base-2-background-color has-background is-layout-flow wp-block-group-is-layout-flow\" style=\"border-radius:16px;padding-top:var(--wp--preset--spacing--50);padding-right:var(--wp--preset--spacing--50);padding-bottom:var(--wp--preset--spacing--50);padding-left:var(--wp--preset--spacing--50)\">\n<div style=\"height:var(--wp--preset--spacing--10)\" aria-hidden=\"true\" class=\"wp-block-spacer\"><\/div>\n\n\n\n<p>Une vache laiti\u00e8re (couramment appel\u00e9e boeuf dans une assiette) \u00e9met 140 kilogrammes de m\u00e9thane annuellement .Un humain, omnivore, flatule jounali\u00e8rement 1.4 litres contenant 7% de m\u00e9thane , soit 25 grammes de CH4 par an . Les di\u00e9t\u00e9ticiens recommandent de manger, pour les omnivores, au maximum 500 grammes de viande par semaine , soit 1\/10 de boeuf par an, ce qui soulage la terre de 14 kilogrammes de m\u00e9thane, pour n&rsquo;en restituer que 25 grammes \u00e0 l&rsquo;environnement. Les v\u00e9gans et v\u00e9g\u00e9tariens ont des flatulence 1.5 fois plus abondantes et 2 fois plus toxiques que les omnivores.<\/p>\n<\/div>\n\n\n\n<p><\/p>\n<\/div>\n\n\n\n<div class=\"wp-block-group alignfull has-base-color has-contrast-background-color has-text-color has-background has-link-color wp-elements-f6749b8ac2005c77d3a12586d48f6b3b has-global-padding is-layout-constrained wp-container-core-group-is-layout-d89aad35 wp-block-group-is-layout-constrained\" style=\"margin-top:0;margin-bottom:0;padding-top:var(--wp--preset--spacing--50);padding-right:var(--wp--preset--spacing--50);padding-bottom:var(--wp--preset--spacing--50);padding-left:var(--wp--preset--spacing--50)\">\n<h2 class=\"wp-block-heading alignwide has-base-color has-text-color has-link-color wp-elements-b71345aeb08afb4aaccbbc809ec95ec7\" style=\"font-size:clamp(2.375rem, 2.375rem + ((1vw - 0.2rem) * 3.375), 4.4rem);letter-spacing:-0.02em\">La Synth\u00e8se TBB<\/h2>\n\n\n\n<hr class=\"wp-block-separator has-text-color has-base-color has-alpha-channel-opacity has-base-background-color has-background is-style-wide\" style=\"margin-top:var(--wp--preset--spacing--30);margin-bottom:var(--wp--preset--spacing--30)\"\/>\n\n\n\n<div class=\"wp-block-group alignwide is-layout-flow wp-block-group-is-layout-flow\">\n<h3 class=\"wp-block-heading alignwide has-base-2-color has-text-color has-link-color wp-elements-85aaa584c417dce0f2296547ac4c128b\"><em>Bravo aux omnivores qui, avec leurs habitudes alimentaires , font passer les \u00e9missions de m\u00e9thane de 14 kilogrammes a 25 grammes annuellement.<br>Pas terrible pour les v\u00e9gans et v\u00e9g\u00e9tariens , qui ne contribuent a aucune am\u00e9lioration sur le climat, et dispersent des flatulences douteuses.<br> <strong>En conclusion:<\/strong> la proportion de v\u00e9gans et v\u00e9g\u00e9tariens dans le monde, et leur faible efficience nocive, malgr\u00e9 tout,  font qu&rsquo;ils disposent encore d&rsquo;un peu de temps pour empoisonner l&rsquo;humanit\u00e9, et faire stopper la pol\u00e9mique alimentaire.<\/em><\/h3>\n\n\n\n<p class=\"has-contrast-1-color has-text-color has-link-color wp-elements-8a6244d0256af1d148be9c6f8727b5fe\"><\/p>\n\n\n\n<p class=\"has-contrast-1-color has-text-color has-link-color wp-elements-8a6244d0256af1d148be9c6f8727b5fe\"><\/p>\n\n\n\n<div style=\"margin-top:var(--wp--preset--spacing--10);margin-bottom:0;height:var(--wp--preset--spacing--10)\" aria-hidden=\"true\" class=\"wp-block-spacer\"><\/div>\n<\/div>\n<\/div>\n\n\n\n<div class=\"wp-block-group alignfull has-global-padding is-layout-constrained wp-container-core-group-is-layout-d89aad35 wp-block-group-is-layout-constrained\" style=\"margin-top:0;margin-bottom:0;padding-top:var(--wp--preset--spacing--50);padding-right:var(--wp--preset--spacing--50);padding-bottom:var(--wp--preset--spacing--50);padding-left:var(--wp--preset--spacing--50)\">\n<div class=\"wp-block-columns alignwide are-vertically-aligned-center is-layout-flex wp-container-core-columns-is-layout-47c06fe3 wp-block-columns-is-layout-flex\">\n<div class=\"wp-block-column is-vertically-aligned-center is-layout-flow wp-block-column-is-layout-flow\" style=\"flex-basis:50%\">\n<p><\/p>\n<\/div>\n\n\n\n<div class=\"wp-block-column is-vertically-aligned-center is-layout-flow wp-block-column-is-layout-flow\" style=\"flex-basis:50%\"><\/div>\n<\/div>\n<\/div>\n","protected":false},"excerpt":{"rendered":"<p>Trop de conseils fatigants apport\u00e9s par les v\u00e9g\u00e9tariens et\/ou des v\u00e9gans dans votre famille ?prouvez leur que le vrai civisme est dans votre comportement omnivore Le m\u00e9thane , avec son pouvoir \u00e0 effet de serre 56 fois plus important que celui du dioxyde de carbone a interpell\u00e9 l \u00e9quipe de TBB: comment l&rsquo;humanit\u00e9 peut-elle , [&hellip;]<\/p>\n","protected":false},"author":1,"featured_media":0,"parent":0,"menu_order":0,"comment_status":"closed","ping_status":"closed","template":"","meta":{"footnotes":""},"class_list":["post-75","page","type-page","status-publish","hentry"],"_links":{"self":[{"href":"https:\/\/neuroleak.fr\/index.php?rest_route=\/wp\/v2\/pages\/75","targetHints":{"allow":["GET"]}}],"collection":[{"href":"https:\/\/neuroleak.fr\/index.php?rest_route=\/wp\/v2\/pages"}],"about":[{"href":"https:\/\/neuroleak.fr\/index.php?rest_route=\/wp\/v2\/types\/page"}],"author":[{"embeddable":true,"href":"https:\/\/neuroleak.fr\/index.php?rest_route=\/wp\/v2\/users\/1"}],"replies":[{"embeddable":true,"href":"https:\/\/neuroleak.fr\/index.php?rest_route=%2Fwp%2Fv2%2Fcomments&post=75"}],"version-history":[{"count":8,"href":"https:\/\/neuroleak.fr\/index.php?rest_route=\/wp\/v2\/pages\/75\/revisions"}],"predecessor-version":[{"id":978,"href":"https:\/\/neuroleak.fr\/index.php?rest_route=\/wp\/v2\/pages\/75\/revisions\/978"}],"wp:attachment":[{"href":"https:\/\/neuroleak.fr\/index.php?rest_route=%2Fwp%2Fv2%2Fmedia&parent=75"}],"curies":[{"name":"wp","href":"https:\/\/api.w.org\/{rel}","templated":true}]}}