{"id":793,"date":"2024-12-21T10:58:18","date_gmt":"2024-12-21T09:58:18","guid":{"rendered":"https:\/\/neuroleak.fr\/?page_id=793"},"modified":"2025-12-11T09:56:11","modified_gmt":"2025-12-11T08:56:11","slug":"elu-cerebral","status":"publish","type":"page","link":"https:\/\/neuroleak.fr\/?page_id=793","title":{"rendered":"ELUS-Elu C\u00e9r\u00e9bral"},"content":{"rendered":"\n<p><br><br><strong>R\u00e9flexions sur l&nbsp;\u00e2ge et les capacit\u00e9s c\u00e9r\u00e9brales, en prenant pour exemples fortuits, l\u2019assembl\u00e9e et le gouvernement<\/strong><\/p>\n\n\n\n<div class=\"wp-block-group alignfull has-accent-background-color has-background has-global-padding is-layout-constrained wp-container-core-group-is-layout-669513ed wp-block-group-is-layout-constrained\" style=\"margin-top:0;margin-bottom:0;padding-top:var(--wp--preset--spacing--50);padding-right:var(--wp--preset--spacing--50);padding-bottom:var(--wp--preset--spacing--50);padding-left:var(--wp--preset--spacing--50)\">\n<div class=\"wp-block-columns alignwide is-layout-flex wp-container-core-columns-is-layout-1da03c2a wp-block-columns-is-layout-flex\">\n<div class=\"wp-block-column is-vertically-aligned-stretch is-layout-flow wp-block-column-is-layout-flow\" style=\"flex-basis:50%\">\n<div class=\"wp-block-group is-vertical is-content-justification-stretch is-layout-flex wp-container-core-group-is-layout-444d5ee8 wp-block-group-is-layout-flex\" style=\"min-height:100%\">\n<p class=\"has-heading-font-family has-x-large-font-size\" style=\"line-height:1.2\"><br>Le processus de vieillissement&nbsp;<strong>c\u00e9r\u00e9bral<\/strong>&nbsp;commence d\u00e8s 25 ans, s&rsquo;acc\u00e9l\u00e9rant apr\u00e8s 50 ans avec une r\u00e9duction de la densit\u00e9 du cerveau.<br>Les processus c\u00e9r\u00e9braux en jeu dans l\u2019oubli ont longtemps \u00e9t\u00e9 n\u00e9glig\u00e9s ,pas chez les politiques.<\/p>\n\n\n\n<p class=\"has-heading-font-family has-x-large-font-size\" style=\"line-height:1.2\"><br><\/p>\n\n\n\n<div class=\"wp-block-group has-global-padding is-content-justification-left is-layout-constrained wp-container-core-group-is-layout-9fe8ed88 wp-block-group-is-layout-constrained\">\n<div class=\"wp-block-buttons is-layout-flex wp-block-buttons-is-layout-flex\"><\/div>\n<\/div>\n<\/div>\n<\/div>\n\n\n\n<div class=\"wp-block-column is-vertically-aligned-center is-layout-flow wp-block-column-is-layout-flow\" style=\"flex-basis:50%\">\n<figure class=\"wp-block-image size-full is-style-default\"><img loading=\"lazy\" decoding=\"async\" width=\"848\" height=\"853\" src=\"https:\/\/neuroleak.fr\/wp-content\/uploads\/2024\/12\/OURS001.jpg\" alt=\"\" class=\"wp-image-795\" style=\"aspect-ratio:3\/4;object-fit:cover\" srcset=\"https:\/\/neuroleak.fr\/wp-content\/uploads\/2024\/12\/OURS001.jpg 848w, https:\/\/neuroleak.fr\/wp-content\/uploads\/2024\/12\/OURS001-298x300.jpg 298w, https:\/\/neuroleak.fr\/wp-content\/uploads\/2024\/12\/OURS001-150x150.jpg 150w, https:\/\/neuroleak.fr\/wp-content\/uploads\/2024\/12\/OURS001-768x773.jpg 768w\" sizes=\"auto, (max-width: 848px) 100vw, 848px\" \/><\/figure>\n<\/div>\n<\/div>\n<\/div>\n\n\n\n<div class=\"wp-block-group alignfull has-global-padding is-layout-constrained wp-container-core-group-is-layout-d89aad35 wp-block-group-is-layout-constrained\" style=\"margin-top:0;margin-bottom:0;padding-top:var(--wp--preset--spacing--50);padding-right:var(--wp--preset--spacing--50);padding-bottom:var(--wp--preset--spacing--50);padding-left:var(--wp--preset--spacing--50)\">\n<div class=\"wp-block-group alignwide has-base-2-background-color has-background is-layout-flow wp-block-group-is-layout-flow\" style=\"border-radius:16px;padding-top:var(--wp--preset--spacing--50);padding-right:var(--wp--preset--spacing--50);padding-bottom:var(--wp--preset--spacing--50);padding-left:var(--wp--preset--spacing--50)\">\n<div style=\"height:var(--wp--preset--spacing--10)\" aria-hidden=\"true\" class=\"wp-block-spacer\"><\/div>\n\n\n\n<p><strong>Les personnes jeunes, qui apprennent et forment beaucoup de nouveaux neurones, oublient facilement. Nos dirigeants politiques \u00e2g\u00e9s n\u2019oublient rien , et entrainent dans leur sillage des plus jeunes qui ambitionnent leurs successions.<br>Ceci explique en partie, l&rsquo;int\u00e9grisme politique de notre assembl\u00e9e et de notre gouvernement qui fait osciller les \u00ab\u00a0d\u00e9bats\u00a0\u00bb entre la cour d\u2019\u00e9cole et la maison de retraite sans jamais trouver l\u2019 \u00e9quilibre. Heureusement encore aucun aspect religieux pour le moment<\/strong>, <strong>rien qu&rsquo;un peu de cupidit\u00e9.<\/strong><\/p>\n<\/div>\n\n\n\n<p><\/p>\n<\/div>\n\n\n\n<div class=\"wp-block-group alignfull has-base-color has-contrast-background-color has-text-color has-background has-link-color wp-elements-395756a96d717e7fd19e2db2c49f5eba has-global-padding is-layout-constrained wp-container-core-group-is-layout-d89aad35 wp-block-group-is-layout-constrained\" style=\"margin-top:0;margin-bottom:0;padding-top:var(--wp--preset--spacing--50);padding-right:var(--wp--preset--spacing--50);padding-bottom:var(--wp--preset--spacing--50);padding-left:var(--wp--preset--spacing--50)\">\n<h2 class=\"wp-block-heading alignwide has-base-color has-text-color has-link-color wp-elements-37e1e6fd8b36339923b16c050026f989\" style=\"font-size:clamp(2.375rem, 2.375rem + ((1vw - 0.2rem) * 3.375), 4.4rem);letter-spacing:-0.02em\"><br><em>Les suggestions TBB<\/em><\/h2>\n\n\n\n<hr class=\"wp-block-separator has-text-color has-base-color has-alpha-channel-opacity has-base-background-color has-background is-style-wide\" style=\"margin-top:var(--wp--preset--spacing--30);margin-bottom:var(--wp--preset--spacing--30)\"\/>\n\n\n\n<div class=\"wp-block-group alignwide is-layout-flow wp-block-group-is-layout-flow\">\n<h3 class=\"wp-block-heading alignwide has-base-2-color has-text-color has-link-color wp-elements-0e6b6f8f0645c4a60c62f1ed602fb3fc\"><em>Comme d\u00e9cid\u00e9 par la loi , pour le \u00e9lus et autres, la retraite \u00e0 62 ou 64 ans , sans cumul de retraites , mais uniquement possibilit\u00e9 d\u2019emploi-retraite pour les professions suivantes&nbsp;: magn\u00e9tiseurs, fabricants d\u2019\u00e9lixirs, rebouteux, chamanes, fabricants d\u2019onguents et philtres magiques, druides et sorciers, ceci afin de continuer \u00e0 faire r\u00eaver le peuple<\/em><br><br><em>Pour les plus jeunes \u00e9lus, l\u2019obligation de pr\u00e9senter un certificat de fin d\u2019\u00e9tude primaire, sign\u00e9 de l\u2019instituteur\/rice en charge des CM2, les grands dipl\u00f4mes ne certifient jamais la connaissance des bases du calcul.<\/em><\/h3>\n\n\n\n<p class=\"has-contrast-1-color has-text-color has-link-color wp-elements-8a6244d0256af1d148be9c6f8727b5fe\"><\/p>\n\n\n\n<div style=\"margin-top:var(--wp--preset--spacing--10);margin-bottom:0;height:var(--wp--preset--spacing--10)\" aria-hidden=\"true\" class=\"wp-block-spacer\"><\/div>\n<\/div>\n<\/div>\n\n\n\n<div class=\"wp-block-group alignfull has-global-padding is-layout-constrained wp-container-core-group-is-layout-d89aad35 wp-block-group-is-layout-constrained\" style=\"margin-top:0;margin-bottom:0;padding-top:var(--wp--preset--spacing--50);padding-right:var(--wp--preset--spacing--50);padding-bottom:var(--wp--preset--spacing--50);padding-left:var(--wp--preset--spacing--50)\">\n<div class=\"wp-block-columns alignwide are-vertically-aligned-center is-layout-flex wp-container-core-columns-is-layout-47c06fe3 wp-block-columns-is-layout-flex\">\n<div class=\"wp-block-column is-vertically-aligned-center is-layout-flow wp-block-column-is-layout-flow\" style=\"flex-basis:50%\">\n<p><\/p>\n<\/div>\n\n\n\n<div class=\"wp-block-column is-vertically-aligned-center is-layout-flow wp-block-column-is-layout-flow\" style=\"flex-basis:50%\"><\/div>\n<\/div>\n<\/div>\n\n\n\n<p><\/p>\n","protected":false},"excerpt":{"rendered":"<p>R\u00e9flexions sur l&nbsp;\u00e2ge et les capacit\u00e9s c\u00e9r\u00e9brales, en prenant pour exemples fortuits, l\u2019assembl\u00e9e et le gouvernement Le processus de vieillissement&nbsp;c\u00e9r\u00e9bral&nbsp;commence d\u00e8s 25 ans, s&rsquo;acc\u00e9l\u00e9rant apr\u00e8s 50 ans avec une r\u00e9duction de la densit\u00e9 du cerveau.Les processus c\u00e9r\u00e9braux en jeu dans l\u2019oubli ont longtemps \u00e9t\u00e9 n\u00e9glig\u00e9s ,pas chez les politiques. Les personnes jeunes, qui apprennent et [&hellip;]<\/p>\n","protected":false},"author":1,"featured_media":0,"parent":0,"menu_order":0,"comment_status":"closed","ping_status":"closed","template":"","meta":{"footnotes":""},"class_list":["post-793","page","type-page","status-publish","hentry"],"_links":{"self":[{"href":"https:\/\/neuroleak.fr\/index.php?rest_route=\/wp\/v2\/pages\/793","targetHints":{"allow":["GET"]}}],"collection":[{"href":"https:\/\/neuroleak.fr\/index.php?rest_route=\/wp\/v2\/pages"}],"about":[{"href":"https:\/\/neuroleak.fr\/index.php?rest_route=\/wp\/v2\/types\/page"}],"author":[{"embeddable":true,"href":"https:\/\/neuroleak.fr\/index.php?rest_route=\/wp\/v2\/users\/1"}],"replies":[{"embeddable":true,"href":"https:\/\/neuroleak.fr\/index.php?rest_route=%2Fwp%2Fv2%2Fcomments&post=793"}],"version-history":[{"count":6,"href":"https:\/\/neuroleak.fr\/index.php?rest_route=\/wp\/v2\/pages\/793\/revisions"}],"predecessor-version":[{"id":964,"href":"https:\/\/neuroleak.fr\/index.php?rest_route=\/wp\/v2\/pages\/793\/revisions\/964"}],"wp:attachment":[{"href":"https:\/\/neuroleak.fr\/index.php?rest_route=%2Fwp%2Fv2%2Fmedia&parent=793"}],"curies":[{"name":"wp","href":"https:\/\/api.w.org\/{rel}","templated":true}]}}