{"id":838,"date":"2025-01-21T17:25:34","date_gmt":"2025-01-21T16:25:34","guid":{"rendered":"https:\/\/neuroleak.fr\/?page_id=838"},"modified":"2025-12-11T10:00:42","modified_gmt":"2025-12-11T09:00:42","slug":"ecology-back-downtown","status":"publish","type":"page","link":"https:\/\/neuroleak.fr\/?page_id=838","title":{"rendered":"ECOLO-Ecology Back Downtown"},"content":{"rendered":"\n<p><br><strong>NOS VEHICULES ELECTRIQUES&nbsp;, ECOLOGIE EN 2040:<\/strong><br><sup>(En ne consid\u00e9rant que les voitures particuli\u00e8res, camions, autobus et autres motoris\u00e9s)<\/sup><br><strong>En 2022<\/strong> en France: <strong>40 millions<\/strong> de v\u00e9hicules, dans le monde <strong>1.34 milliards<\/strong><br><strong>En 2040<\/strong> en France: <strong>59 millions<\/strong> de v\u00e9hicules, dans le monde <strong>2 milliards<\/strong> ,\u00e9lectriques principalement<br>Un v\u00e9hicule moyen en 2040 p\u00e8se 1 tonne de mati\u00e8re , roule 12000 km\/an et consomme 1800 kWh\/an<br><strong>En 2040<\/strong> il faudra pr\u00e9voir mondialement en <strong>renouvellement annuel 285 millions <\/strong>de v\u00e9hicules (7 ans de vie), pour cela 1.25 Millions de GWh (mati\u00e8re et montage)<br>Ces 2 milliards de v\u00e9hicules vont consommer annuellement <strong>3.6 Millions de GWh <\/strong>pour se d\u00e9placer, dont <strong>0.884<\/strong> pour le seul parc Fran\u00e7ais<\/p>\n\n\n\n<div class=\"wp-block-group alignfull has-accent-background-color has-background has-global-padding is-layout-constrained wp-container-core-group-is-layout-669513ed wp-block-group-is-layout-constrained\" style=\"margin-top:0;margin-bottom:0;padding-top:var(--wp--preset--spacing--50);padding-right:var(--wp--preset--spacing--50);padding-bottom:var(--wp--preset--spacing--50);padding-left:var(--wp--preset--spacing--50)\">\n<div class=\"wp-block-columns alignwide is-layout-flex wp-container-core-columns-is-layout-1da03c2a wp-block-columns-is-layout-flex\">\n<div class=\"wp-block-column is-vertically-aligned-stretch is-layout-flow wp-block-column-is-layout-flow\" style=\"flex-basis:50%\">\n<div class=\"wp-block-group is-vertical is-content-justification-stretch is-layout-flex wp-container-core-group-is-layout-444d5ee8 wp-block-group-is-layout-flex\" style=\"min-height:100%\">\n<p class=\"has-heading-font-family has-x-large-font-size\" style=\"line-height:1.2\"><strong>ENERGIE, LES SOURCES :<\/strong><br>Le r\u00e9acteur nucleaire moyen produit annuellement <strong>7880 GWh<\/strong> (Nb=56 en France)<br>L\u2019\u00e9olienne terrestre grande (100m) produit annuellement <strong>13 GWh<\/strong><br>1 km\u00b2 de sol sous emprise de panneaux solaires produit <strong>0.32 GWh<\/strong><\/p>\n\n\n\n<p class=\"wp-container-content-0733e5d0\">Les sources telles que charbon, p\u00e9trole, gaz, bois, utilis\u00e9es en 2040 pour g\u00e9n\u00e9rer de l&rsquo;\u00e9lectricit\u00e9 au niveau mondial, n&rsquo;on pas \u00e9t\u00e9 prises en compte ici, pour laisser r\u00eaver les \u00e9cologistes et les \u00ab\u00a0d\u00e9fenseurs\u00a0\u00bb du climat. Pour les autres: 30% de la production du r\u00e9acteur est directement d\u00e9vers\u00e9e dans l&rsquo;environnement sous forme de chaleur.<\/p>\n<\/div>\n<\/div>\n\n\n\n<div class=\"wp-block-column is-vertically-aligned-center is-layout-flow wp-block-column-is-layout-flow\" style=\"flex-basis:50%\">\n<figure class=\"wp-block-image size-full is-style-rounded is-style-rounded--1\"><img loading=\"lazy\" decoding=\"async\" width=\"569\" height=\"608\" src=\"https:\/\/neuroleak.fr\/wp-content\/uploads\/2025\/01\/OursCentrale.jpg\" alt=\"\" class=\"wp-image-841\" style=\"aspect-ratio:3\/4;object-fit:cover\" srcset=\"https:\/\/neuroleak.fr\/wp-content\/uploads\/2025\/01\/OursCentrale.jpg 569w, https:\/\/neuroleak.fr\/wp-content\/uploads\/2025\/01\/OursCentrale-281x300.jpg 281w\" sizes=\"auto, (max-width: 569px) 100vw, 569px\" \/><\/figure>\n<\/div>\n<\/div>\n<\/div>\n\n\n\n<div class=\"wp-block-group alignfull has-base-background-color has-background has-global-padding is-layout-constrained wp-container-core-group-is-layout-d89aad35 wp-block-group-is-layout-constrained\" style=\"margin-top:0;margin-bottom:0;padding-top:var(--wp--preset--spacing--50);padding-right:var(--wp--preset--spacing--50);padding-bottom:var(--wp--preset--spacing--50);padding-left:var(--wp--preset--spacing--50)\">\n<div class=\"wp-block-columns alignwide is-layout-flex wp-container-core-columns-is-layout-549b0c86 wp-block-columns-is-layout-flex\">\n<div class=\"wp-block-column is-layout-flow wp-container-core-column-is-layout-119bc444 wp-block-column-is-layout-flow\" style=\"flex-basis:100%\">\n<p class=\"has-heading-font-family has-x-large-font-size\" style=\"line-height:1.2\"><strong>CE QUI NOUS ATTEND (ou pas)&nbsp;:<\/strong><\/p>\n\n\n\n<p class=\"has-heading-font-family has-x-large-font-size\" style=\"line-height:1.2\">Dans le MONDE en 2040: la circulation monopolisera 300 r\u00e9acteurs nucl\u00e9aires, ou alors <strong>100 r\u00e9acteurs + 13500 \u00e9oliennes + 735000 km\u00b2 de sol(aire)<\/strong><br>Dans la FRANCE&nbsp;en 2040: la circulation \u00e9lectrique monopolisera 9 r\u00e9acteurs nucl\u00e9aires, ou alors <strong>3 r\u00e9acteurs + 1350 \u00e9oliennes + 73500 km\u00b2 de sol(aire)<\/strong><\/p>\n\n\n\n<p class=\"has-heading-font-family has-x-large-font-size\" style=\"line-height:1.2\"><\/p>\n<\/div>\n<\/div>\n<\/div>\n\n\n\n<h2 class=\"wp-block-heading has-text-align-center has-xx-large-font-size\"><em>TBB propose<\/em>:<\/h2>\n\n\n\n<div class=\"wp-block-group alignfull has-base-color has-contrast-background-color has-text-color has-background has-link-color wp-elements-4012b62e5dcfd33c2b1bea03a845f096 has-global-padding is-layout-constrained wp-container-core-group-is-layout-d89aad35 wp-block-group-is-layout-constrained\" style=\"margin-top:0;margin-bottom:0;padding-top:var(--wp--preset--spacing--50);padding-right:var(--wp--preset--spacing--50);padding-bottom:var(--wp--preset--spacing--50);padding-left:var(--wp--preset--spacing--50)\">\n<div class=\"wp-block-group alignwide is-layout-flow wp-block-group-is-layout-flow\">\n<hr class=\"wp-block-separator has-text-color has-base-color has-alpha-channel-opacity has-base-background-color has-background is-style-wide\" style=\"margin-top:var(--wp--preset--spacing--30);margin-bottom:var(--wp--preset--spacing--30)\"\/>\n\n\n\n<h3 class=\"wp-block-heading alignwide has-base-2-color has-text-color has-link-color wp-elements-767308d6a191c0aee1832d1075e6e694\"><em><strong>LES SOLUTIONS TBB<\/strong><br><\/em>Pour rapprocher au maximum le produit du consommateur (circuits courts obligent)<br><em><br>En 2040 , il suffirait de transformer 75% de la surface de l\u2019Ile de France en champ solaire, de l\u2019entourer de 234 \u00e9oliennes grand mod\u00e8le, et r\u00e9partir 3 r\u00e9acteurs nucl\u00e9aires a la p\u00e9riph\u00e9rie, sur les 3000km2 restants , pour alimenter sereinement les 6 millions de v\u00e9hicules de cette r\u00e9gion<br>Note&nbsp;: on peut aussi am\u00e9nager les autres grandes m\u00e9tropoles Fran\u00e7aises sur ce sch\u00e9ma<\/em><\/h3>\n\n\n\n<p>LES AVANTAGES&nbsp;: Ce principe de maillage permettrait de laisser le reste du territoire Fran\u00e7ais libre de toute empreinte \u00e9lectrique, afin que les \u00ab&nbsp;m\u00e9tropolitains&nbsp;\u00bb puissent passer de saines vacances dans la campagne Fran\u00e7aise, loin des chaudi\u00e8res, ventilateurs et autres laids panneaux. Avec un peu de chance, le nombre d\u2019oiseaux d\u00e9coup\u00e9s par les \u00e9oliennes limiteront les fientes et ceci pr\u00e9servera le rendement des panneaux solaires.<br>LES INCONVENIENTS: Les pollueurs ne seront peut \u00eatre pas d&rsquo;accord pour \u00eatre aussi les payeurs, surtout si ils sont aussi les d\u00e9cideurs.<\/p>\n\n\n\n<h3 class=\"wp-block-heading alignwide has-base-2-color has-text-color has-link-color wp-elements-6a5f02502fed4c16a832d625584ec9fc\"><br>Et si l\u2019\u00e9lectrique embarqu\u00e9e n\u2019 \u00e9tait pas une si bonne id\u00e9e ? (r\u00e9ponse en 2040)<\/h3>\n\n\n\n<p class=\"has-contrast-1-color has-text-color has-link-color wp-elements-8a6244d0256af1d148be9c6f8727b5fe\"><\/p>\n\n\n\n<div style=\"margin-top:var(--wp--preset--spacing--10);margin-bottom:0;height:var(--wp--preset--spacing--10)\" aria-hidden=\"true\" class=\"wp-block-spacer\"><\/div>\n<\/div>\n<\/div>\n\n\n\n<div class=\"wp-block-group alignfull has-global-padding is-layout-constrained wp-container-core-group-is-layout-d89aad35 wp-block-group-is-layout-constrained\" style=\"margin-top:0;margin-bottom:0;padding-top:var(--wp--preset--spacing--50);padding-right:var(--wp--preset--spacing--50);padding-bottom:var(--wp--preset--spacing--50);padding-left:var(--wp--preset--spacing--50)\"><\/div>\n\n\n\n<p><\/p>\n","protected":false},"excerpt":{"rendered":"<p>NOS VEHICULES ELECTRIQUES&nbsp;, ECOLOGIE EN 2040:(En ne consid\u00e9rant que les voitures particuli\u00e8res, camions, autobus et autres motoris\u00e9s)En 2022 en France: 40 millions de v\u00e9hicules, dans le monde 1.34 milliardsEn 2040 en France: 59 millions de v\u00e9hicules, dans le monde 2 milliards ,\u00e9lectriques principalementUn v\u00e9hicule moyen en 2040 p\u00e8se 1 tonne de mati\u00e8re , roule 12000 [&hellip;]<\/p>\n","protected":false},"author":1,"featured_media":0,"parent":0,"menu_order":0,"comment_status":"closed","ping_status":"closed","template":"","meta":{"footnotes":""},"class_list":["post-838","page","type-page","status-publish","hentry"],"_links":{"self":[{"href":"https:\/\/neuroleak.fr\/index.php?rest_route=\/wp\/v2\/pages\/838","targetHints":{"allow":["GET"]}}],"collection":[{"href":"https:\/\/neuroleak.fr\/index.php?rest_route=\/wp\/v2\/pages"}],"about":[{"href":"https:\/\/neuroleak.fr\/index.php?rest_route=\/wp\/v2\/types\/page"}],"author":[{"embeddable":true,"href":"https:\/\/neuroleak.fr\/index.php?rest_route=\/wp\/v2\/users\/1"}],"replies":[{"embeddable":true,"href":"https:\/\/neuroleak.fr\/index.php?rest_route=%2Fwp%2Fv2%2Fcomments&post=838"}],"version-history":[{"count":10,"href":"https:\/\/neuroleak.fr\/index.php?rest_route=\/wp\/v2\/pages\/838\/revisions"}],"predecessor-version":[{"id":974,"href":"https:\/\/neuroleak.fr\/index.php?rest_route=\/wp\/v2\/pages\/838\/revisions\/974"}],"wp:attachment":[{"href":"https:\/\/neuroleak.fr\/index.php?rest_route=%2Fwp%2Fv2%2Fmedia&parent=838"}],"curies":[{"name":"wp","href":"https:\/\/api.w.org\/{rel}","templated":true}]}}