{"id":861,"date":"2025-02-22T11:09:39","date_gmt":"2025-02-22T10:09:39","guid":{"rendered":"https:\/\/neuroleak.fr\/?page_id=861"},"modified":"2025-12-11T10:00:20","modified_gmt":"2025-12-11T09:00:20","slug":"allez-chauffe-chauffe-serelia","status":"publish","type":"page","link":"https:\/\/neuroleak.fr\/?page_id=861","title":{"rendered":"ECOLO-Chauffe Chauffe Serelia"},"content":{"rendered":"\n<p><br>Encore 10 Millions de r\u00e9sidences principales chauff\u00e9es au gaz en France. Combien de pannes ? quel taux de renouvellement du parc ? Un membre du TBB a utilis\u00e9 une m\u00e9thode de diagnostique originale de panne lors de son r\u00e9cent probl\u00e8me hivernal<\/p>\n\n\n\n<div class=\"wp-block-group alignfull has-accent-background-color has-background has-global-padding is-layout-constrained wp-container-core-group-is-layout-669513ed wp-block-group-is-layout-constrained\" style=\"margin-top:0;margin-bottom:0;padding-top:var(--wp--preset--spacing--50);padding-right:var(--wp--preset--spacing--50);padding-bottom:var(--wp--preset--spacing--50);padding-left:var(--wp--preset--spacing--50)\">\n<div class=\"wp-block-columns alignwide is-layout-flex wp-container-core-columns-is-layout-1da03c2a wp-block-columns-is-layout-flex\">\n<div class=\"wp-block-column is-vertically-aligned-stretch is-layout-flow wp-block-column-is-layout-flow\" style=\"flex-basis:50%\">\n<p class=\"has-heading-font-family has-xx-large-font-size\" style=\"line-height:1.2\">Se d\u00e9panner par ChatGPT et DeepSeek<\/p>\n\n\n\n<div class=\"wp-block-group is-vertical is-content-justification-stretch is-layout-flex wp-container-core-group-is-layout-444d5ee8 wp-block-group-is-layout-flex\" style=\"min-height:100%\">\n<p class=\"has-medium-font-size wp-container-content-0733e5d0\">Le contexte: depuis fin D\u00e9cembre 2024, la chaudi\u00e8re a gaz Serelia (5 ans) s&rsquo;arr\u00eate al\u00e9atoirement, et tr\u00e8s fr\u00e9quemment, jusqu&rsquo;\u00e0 8 fois par jour avec des codes 501 ou 504. Les demandes d&rsquo;intervention se<br>traduisent par des remplacements de pi\u00e8ces d&rsquo;origine par des pi\u00e8ces neuves sans aucune am\u00e9lioration . Las de ce constat, et aussi au fait que les \u00ab\u00a0r\u00e9parateurs\u00a0\u00bb ne pr\u00eate attention a ces codes d&rsquo;erreur,<br>TBB a proc\u00e9d\u00e9 \u00e0 un enregistrement chronologique s\u00e9quentiel de ces codes sur plus de 2 mois, et soumis les suites a des A.I (ChatGPT et Deepseek) pour avoir leur avis sur l&rsquo;origine al\u00e9atoire ou<br>d\u00e9terministe de ces codes g\u00e9n\u00e9r\u00e9s . <br><strong>Ces deux A.I  ont r\u00e9pondu ceci<\/strong>: <\/p>\n\n\n\n<p class=\"has-medium-font-size wp-container-content-0733e5d0\"><em><strong>\u00ab\u00a0La pr\u00e9sence de longues s\u00e9quences de 504 et de courtes s\u00e9quences de 501 sugg\u00e8re que la suite pourrait \u00eatre g\u00e9n\u00e9r\u00e9e par un processus d\u00e9terministe, comme une r\u00e8gle conditionnelle ou un algorithme\u00a0\u00bb<\/strong><\/em><br><\/p>\n\n\n\n<p class=\"has-medium-font-size wp-container-content-0733e5d0\">Donc, la prochaine \u00e9tape, comme le code ne serait pas rempla\u00e7able, est le replacement de la carte \u00e9lectronique avec des algorithmes plus secrets encore\u2026..<br>Pour soulager, mais \u00e9veiller, d&rsquo;autres malheureux propri\u00e9taires, le listing complet des pannes \u00ab\u00a0al\u00e9atoires\u00a0\u00bb subies est disponible ici.<\/p>\n\n\n\n<p class=\"has-medium-font-size wp-container-content-0733e5d0\"><\/p>\n\n\n\n<div data-wp-interactive=\"core\/file\" class=\"wp-block-file\"><object data-wp-bind--hidden=\"!state.hasPdfPreview\" hidden class=\"wp-block-file__embed\" data=\"https:\/\/neuroleak.fr\/wp-content\/uploads\/2025\/02\/testchauff.pdf\" type=\"application\/pdf\" style=\"width:100%;height:600px\" aria-label=\"Contenu embarqu\u00e9 testchauff.\"><\/object><a id=\"wp-block-file--media-05c575a4-697f-4f87-b35b-e4046b391c81\" href=\"https:\/\/neuroleak.fr\/wp-content\/uploads\/2025\/02\/testchauff.pdf\">testchauff<\/a><a href=\"https:\/\/neuroleak.fr\/wp-content\/uploads\/2025\/02\/testchauff.pdf\" class=\"wp-block-file__button wp-element-button\" download aria-describedby=\"wp-block-file--media-05c575a4-697f-4f87-b35b-e4046b391c81\">T\u00e9l\u00e9charger<\/a><\/div>\n\n\n\n<p><a href=\"https:\/\/89.159.107.11\/wordpress\/index.php\/confidentialite\/\" data-type=\"page\" data-id=\"3\">About us<\/a><\/p>\n\n\n\n<p><\/p>\n<\/div>\n\n\n\n<div class=\"wp-block-group is-vertical is-content-justification-stretch is-layout-flex wp-container-core-group-is-layout-444d5ee8 wp-block-group-is-layout-flex\" style=\"min-height:100%\">\n<div class=\"wp-block-group has-global-padding is-content-justification-left is-layout-constrained wp-container-core-group-is-layout-9fe8ed88 wp-block-group-is-layout-constrained\">\n<div class=\"wp-block-buttons is-layout-flex wp-block-buttons-is-layout-flex\">\n<div class=\"wp-block-button\"><a class=\"wp-block-button__link wp-element-button\">About us<\/a><\/div>\n<\/div>\n<\/div>\n<\/div>\n<\/div>\n\n\n\n<div class=\"wp-block-column is-vertically-aligned-center is-layout-flow wp-block-column-is-layout-flow\" style=\"flex-basis:50%\">\n<figure class=\"wp-block-image size-full is-style-default\"><img loading=\"lazy\" decoding=\"async\" width=\"200\" height=\"232\" src=\"https:\/\/neuroleak.fr\/wp-content\/uploads\/2024\/11\/Ours_rolls-3.jpg\" alt=\"\" class=\"wp-image-473\" style=\"aspect-ratio:3\/4;object-fit:cover\"\/><\/figure>\n<\/div>\n<\/div>\n<\/div>\n\n\n\n<div class=\"wp-block-group alignfull has-base-background-color has-background has-global-padding is-layout-constrained wp-container-core-group-is-layout-d89aad35 wp-block-group-is-layout-constrained\" style=\"margin-top:0;margin-bottom:0;padding-top:var(--wp--preset--spacing--50);padding-right:var(--wp--preset--spacing--50);padding-bottom:var(--wp--preset--spacing--50);padding-left:var(--wp--preset--spacing--50)\">\n<div class=\"wp-block-columns alignwide is-layout-flex wp-container-core-columns-is-layout-549b0c86 wp-block-columns-is-layout-flex\">\n<div class=\"wp-block-column is-layout-flow wp-container-core-column-is-layout-119bc444 wp-block-column-is-layout-flow\" style=\"flex-basis:60%\">\n<p class=\"has-text-align-center has-heading-font-family has-medium-font-size\" style=\"margin-top:0;margin-right:0px;margin-bottom:0;margin-left:0px;line-height:1.2\"><\/p>\n<\/div>\n<\/div>\n<\/div>\n\n\n\n<div class=\"wp-block-group alignfull has-base-color has-contrast-background-color has-text-color has-background has-link-color wp-elements-2dc774c9b707a928dc2fd1f3a07925af has-global-padding is-layout-constrained wp-container-core-group-is-layout-d89aad35 wp-block-group-is-layout-constrained\" style=\"margin-top:0;margin-bottom:0;padding-top:var(--wp--preset--spacing--50);padding-right:var(--wp--preset--spacing--50);padding-bottom:var(--wp--preset--spacing--50);padding-left:var(--wp--preset--spacing--50)\">\n<h2 class=\"wp-block-heading alignwide has-base-color has-text-color has-link-color wp-elements-d507c34f1408a20b0f1acd059b412ed6\" style=\"font-size:clamp(1.502rem, 1.502rem + ((1vw - 0.2rem) * 1.663), 2.5rem);letter-spacing:-0.02em\"><em>Pour aider les conseillers gouvernementaux a promouvoir des alternatives \u00e9conomiques et \u00e9cologiques pour le remplacement du chauffage au gaz nos suggestions:<\/em><\/h2>\n\n\n\n<p><em><strong>Promo Chauffage:<\/strong> &#8211; Refuser de s&rsquo;interroger sur l&rsquo;obsolescence programm\u00e9e par les constructeurs de chaudi\u00e8res a gaz.(ecolo+) en leur promettant le juteux march\u00e9 des  P.A.C<br><strong>Promo Electrique:<\/strong> F\u00e9liciter les propri\u00e9taires de v\u00e9hicules \u00e9lectriques avec leur 65 \u00e0 151 milligrammes de particules fines par kilom\u00e8tre (pneumatiques)<\/em><br><strong><em>Promo Ecolo<\/em><\/strong>: <em>villipender les propri\u00e9taires des anciens v\u00e9hicules diesel avec leur score ridicule de  25 mg par kilom\u00e8tre de particules fines par kilom\u00e8tre .<br><strong>Promo Nucleaire:<\/strong> &#8211; promouvoir les pompes a chaleurs m\u00eame inamortissables par les  habitants des r\u00e9gions fran\u00e7aises froides, (\u00e9cono+)<\/em><\/p>\n\n\n\n<p><\/p>\n\n\n\n<p class=\"has-large-font-size\">Note : habitat, alimentation, habillement  .. en r\u00e9serve un nombre important d&rsquo;autres suggestions.<\/p>\n<\/div>\n\n\n\n<div class=\"wp-block-group alignfull has-global-padding is-layout-constrained wp-container-core-group-is-layout-d89aad35 wp-block-group-is-layout-constrained\" style=\"margin-top:0;margin-bottom:0;padding-top:var(--wp--preset--spacing--50);padding-right:var(--wp--preset--spacing--50);padding-bottom:var(--wp--preset--spacing--50);padding-left:var(--wp--preset--spacing--50)\"><\/div>\n","protected":false},"excerpt":{"rendered":"<p>Encore 10 Millions de r\u00e9sidences principales chauff\u00e9es au gaz en France. Combien de pannes ? quel taux de renouvellement du parc ? Un membre du TBB a utilis\u00e9 une m\u00e9thode de diagnostique originale de panne lors de son r\u00e9cent probl\u00e8me hivernal Se d\u00e9panner par ChatGPT et DeepSeek Le contexte: depuis fin D\u00e9cembre 2024, la chaudi\u00e8re [&hellip;]<\/p>\n","protected":false},"author":1,"featured_media":0,"parent":0,"menu_order":0,"comment_status":"closed","ping_status":"closed","template":"","meta":{"footnotes":""},"class_list":["post-861","page","type-page","status-publish","hentry"],"_links":{"self":[{"href":"https:\/\/neuroleak.fr\/index.php?rest_route=\/wp\/v2\/pages\/861","targetHints":{"allow":["GET"]}}],"collection":[{"href":"https:\/\/neuroleak.fr\/index.php?rest_route=\/wp\/v2\/pages"}],"about":[{"href":"https:\/\/neuroleak.fr\/index.php?rest_route=\/wp\/v2\/types\/page"}],"author":[{"embeddable":true,"href":"https:\/\/neuroleak.fr\/index.php?rest_route=\/wp\/v2\/users\/1"}],"replies":[{"embeddable":true,"href":"https:\/\/neuroleak.fr\/index.php?rest_route=%2Fwp%2Fv2%2Fcomments&post=861"}],"version-history":[{"count":14,"href":"https:\/\/neuroleak.fr\/index.php?rest_route=\/wp\/v2\/pages\/861\/revisions"}],"predecessor-version":[{"id":973,"href":"https:\/\/neuroleak.fr\/index.php?rest_route=\/wp\/v2\/pages\/861\/revisions\/973"}],"wp:attachment":[{"href":"https:\/\/neuroleak.fr\/index.php?rest_route=%2Fwp%2Fv2%2Fmedia&parent=861"}],"curies":[{"name":"wp","href":"https:\/\/api.w.org\/{rel}","templated":true}]}}