{"id":899,"date":"2026-01-15T14:47:11","date_gmt":"2026-01-15T13:47:11","guid":{"rendered":"https:\/\/neuroleak.fr\/?page_id=899"},"modified":"2026-01-15T14:47:11","modified_gmt":"2026-01-15T13:47:11","slug":"elus-mires-budgetaires","status":"publish","type":"page","link":"https:\/\/neuroleak.fr\/?page_id=899","title":{"rendered":"ELUS: MIRES BUDGETAIRES"},"content":{"rendered":"\n<p><strong>Dans cette p\u00e9riode de budget, ou nos d\u00e9put\u00e9s se d\u00e9clarent \u00e9puis\u00e9s par l\u2019activit\u00e9 c\u00e9r\u00e9brale qui leur est demand\u00e9e, TBB s\u2019est pos\u00e9 la question de savoir si moins d\u2019activit\u00e9, pouvait e<\/strong><strong>tre profitable au Pays.<br>Dans quelques cas, il semblerait que OUI<\/strong><\/p>\n\n\n\n<figure class=\"wp-block-image size-full\"><img loading=\"lazy\" decoding=\"async\" width=\"575\" height=\"601\" src=\"https:\/\/neuroleak.fr\/wp-content\/uploads\/2025\/01\/oursPompeEssence1.jpg\" alt=\"\" class=\"wp-image-840\" srcset=\"https:\/\/neuroleak.fr\/wp-content\/uploads\/2025\/01\/oursPompeEssence1.jpg 575w, https:\/\/neuroleak.fr\/wp-content\/uploads\/2025\/01\/oursPompeEssence1-287x300.jpg 287w\" sizes=\"auto, (max-width: 575px) 100vw, 575px\" \/><\/figure>\n\n\n\n<p><strong>DONNEES pour 2024 et exemple d\u2019(in)activit\u00e9 \u00e0 creuser:<\/strong><\/p>\n\n\n\n<figure class=\"wp-block-table\"><table class=\"has-fixed-layout\"><tbody><tr><td><sup>SUJET<\/sup><\/td><td><sup>LICENCIES\/ADHERENTS<\/sup><\/td><td><sup>BUDGET ALLOUE<\/sup><\/td><td><sup>CHIFFRE D\u00a0\u2018AFFAIRES<\/sup><\/td><td><sup>ECONOMIE VIEILLESSE<\/sup><\/td><td>RESULTAT 2024<\/td><\/tr><tr><td>CHASSE<\/td><td>960 000<\/td><td>650 M\u20ac<\/td><td>N.A<\/td><td>0.0017 %<\/td><td>12 M\u20ac<\/td><\/tr><tr><td>ASSOC. STUPS<\/td><td>240 000<\/td><td>0 \u20ac<\/td><td>6 800 M\u20ac<\/td><td>0.086 %,<\/td><td>640 M\u20ac<\/td><\/tr><\/tbody><\/table><\/figure>\n\n\n\n<div class=\"wp-block-group alignfull has-base-background-color has-background has-global-padding is-layout-constrained wp-container-core-group-is-layout-d89aad35 wp-block-group-is-layout-constrained\" style=\"margin-top:0;margin-bottom:0;padding-top:var(--wp--preset--spacing--50);padding-right:var(--wp--preset--spacing--50);padding-bottom:var(--wp--preset--spacing--50);padding-left:var(--wp--preset--spacing--50)\">\n<div class=\"wp-block-columns alignwide is-layout-flex wp-container-core-columns-is-layout-549b0c86 wp-block-columns-is-layout-flex\">\n<div class=\"wp-block-column is-layout-flow wp-container-core-column-is-layout-119bc444 wp-block-column-is-layout-flow\" style=\"flex-basis:60%\">\n<p class=\"has-text-align-left has-heading-font-family has-medium-font-size\" style=\"line-height:1.2\">Avec UNE ligne budgetaire, l\u2019office fran\u00e7ais de la biodiversit\u00e9 (OFB) et son budget pour 2024 de plus de 650 millions d\u2019euros \u00e0 partager entre 1 million de chasseurs. Ceux ci, ont abattu en 2024 1.5 Millions de grands ongul\u00e9s. mais qui n\u2019ont contribu\u00e9 qu\u2019a la mort de 11 coll\u00e8gues, soit 0.000011 d\u00e9c\u00e8s par licenci\u00e9.<\/p>\n\n\n\n<p class=\"has-heading-font-family has-medium-font-size\" style=\"line-height:1.2\">Avec ZERO ligne budgetaire, l\u2019association Fran\u00e7aise des stup\u00e9fiants, avec un C.A en 2024 de l\u2019ordre de 6.8 Milliards \u20ac a partager entre 240000 vendeurs dont 21000 a temps plein , ont abattu en 2024 110 petits ongul\u00e9s mais contribu\u00e9 au d\u00e9c\u00e8s de 436 automobilistes, soit 0.0022 d\u00e9c\u00e8s par adh\u00e9rent.<\/p>\n\n\n\n<p class=\"has-heading-font-family has-x-large-font-size\" style=\"line-height:1.2\"><\/p>\n<\/div>\n<\/div>\n<\/div>\n\n\n\n<div class=\"wp-block-group alignfull has-base-color has-contrast-background-color has-text-color has-background has-link-color wp-elements-a85e0f9257d4dbfa2c2a0f66b84bcf00 has-global-padding is-layout-constrained wp-container-core-group-is-layout-d89aad35 wp-block-group-is-layout-constrained\" style=\"margin-top:0;margin-bottom:0;padding-top:var(--wp--preset--spacing--50);padding-right:var(--wp--preset--spacing--50);padding-bottom:var(--wp--preset--spacing--50);padding-left:var(--wp--preset--spacing--50)\">\n<h2 class=\"wp-block-heading alignwide has-base-color has-text-color has-link-color has-x-large-font-size wp-elements-7a5969fa4def827ff906d0e80cb396e5\" style=\"letter-spacing:-0.02em\"><br>Pourquoi \u00ab\u00a0BRAVO\u00a0\u00bb ici, pour l\u2019 inactivit\u00e9 de nos \u00e9lus<\/h2>\n\n\n\n<p>1-Non-voter pour une strat\u00e9gie moins rentable pour la France est un gain pour le pays : apr\u00e8s avoir observ\u00e9 que sur un total de 932 milliards d\u2019euros redistribu\u00e9s en prestations sociales en 2024, 80% sont li\u00e9s \u00e0 la vieillesse. Ce choix budg\u00e9taire malin, pour <strong>11 chasseurs<\/strong> habituellement exempt\u00e9s de prestation vieillesse, il y a de plus <strong>110 manipulateurs<\/strong> de Kalachnikov et 4<strong>36 automobilistes<\/strong> en sont exempt\u00e9s chaque ann\u00e9e<\/p>\n\n\n\n<p>2-Les perspectives \u00e9conomiques sont optimistes sur ce sujet.<\/p>\n\n\n\n<p>3-Economiser <strong>640 M\u20ac<\/strong>, rien qu\u2019en se taisant, il fallait y penser .<\/p>\n\n\n\n<p>Faut-il leur demander le silence plus souvent ?.<\/p>\n\n\n\n<p><em>TBB salue ici, le discernement \u00e9conomique de nos \u00e9lus, trop souvent critiqu\u00e9s pour des comportements dispendieux<\/em><\/p>\n<\/div>\n\n\n\n<p><\/p>\n","protected":false},"excerpt":{"rendered":"<p>Dans cette p\u00e9riode de budget, ou nos d\u00e9put\u00e9s se d\u00e9clarent \u00e9puis\u00e9s par l\u2019activit\u00e9 c\u00e9r\u00e9brale qui leur est demand\u00e9e, TBB s\u2019est pos\u00e9 la question de savoir si moins d\u2019activit\u00e9, pouvait etre profitable au Pays.Dans quelques cas, il semblerait que OUI DONNEES pour 2024 et exemple d\u2019(in)activit\u00e9 \u00e0 creuser: SUJET LICENCIES\/ADHERENTS BUDGET ALLOUE CHIFFRE D\u00a0\u2018AFFAIRES ECONOMIE VIEILLESSE [&hellip;]<\/p>\n","protected":false},"author":1,"featured_media":0,"parent":0,"menu_order":0,"comment_status":"closed","ping_status":"closed","template":"","meta":{"footnotes":""},"class_list":["post-899","page","type-page","status-publish","hentry"],"_links":{"self":[{"href":"https:\/\/neuroleak.fr\/index.php?rest_route=\/wp\/v2\/pages\/899","targetHints":{"allow":["GET"]}}],"collection":[{"href":"https:\/\/neuroleak.fr\/index.php?rest_route=\/wp\/v2\/pages"}],"about":[{"href":"https:\/\/neuroleak.fr\/index.php?rest_route=\/wp\/v2\/types\/page"}],"author":[{"embeddable":true,"href":"https:\/\/neuroleak.fr\/index.php?rest_route=\/wp\/v2\/users\/1"}],"replies":[{"embeddable":true,"href":"https:\/\/neuroleak.fr\/index.php?rest_route=%2Fwp%2Fv2%2Fcomments&post=899"}],"version-history":[{"count":7,"href":"https:\/\/neuroleak.fr\/index.php?rest_route=\/wp\/v2\/pages\/899\/revisions"}],"predecessor-version":[{"id":1004,"href":"https:\/\/neuroleak.fr\/index.php?rest_route=\/wp\/v2\/pages\/899\/revisions\/1004"}],"wp:attachment":[{"href":"https:\/\/neuroleak.fr\/index.php?rest_route=%2Fwp%2Fv2%2Fmedia&parent=899"}],"curies":[{"name":"wp","href":"https:\/\/api.w.org\/{rel}","templated":true}]}}