{"id":900,"date":"2025-06-27T16:21:52","date_gmt":"2025-06-27T14:21:52","guid":{"rendered":"https:\/\/neuroleak.fr\/?page_id=900"},"modified":"2025-12-11T10:07:35","modified_gmt":"2025-12-11T09:07:35","slug":"rechauffement-et-economie-stratospheriques","status":"publish","type":"page","link":"https:\/\/neuroleak.fr\/?page_id=900","title":{"rendered":"ECOLO-R\u00e9chauffement et Economie Stratosph\u00e9riques"},"content":{"rendered":"\n<div class=\"wp-block-group alignfull has-accent-background-color has-background has-global-padding is-layout-constrained wp-container-core-group-is-layout-669513ed wp-block-group-is-layout-constrained\" style=\"margin-top:0;margin-bottom:0;padding-top:var(--wp--preset--spacing--50);padding-right:var(--wp--preset--spacing--50);padding-bottom:var(--wp--preset--spacing--50);padding-left:var(--wp--preset--spacing--50)\">\n<div class=\"wp-block-columns alignwide is-layout-flex wp-container-core-columns-is-layout-1da03c2a wp-block-columns-is-layout-flex\">\n<div class=\"wp-block-column is-vertically-aligned-stretch is-layout-flow wp-block-column-is-layout-flow\" style=\"flex-basis:50%\">\n<div class=\"wp-block-group is-vertical is-content-justification-stretch is-layout-flex wp-container-core-group-is-layout-444d5ee8 wp-block-group-is-layout-flex\" style=\"min-height:100%\">\n<p class=\"has-heading-font-family has-x-large-font-size\" style=\"line-height:1.2\">le <a href=\"https:\/\/fr.wikipedia.org\/wiki\/Dioxyde_de_carbone\">dioxyde de carbone<\/a> (CO2) est responsable de pr\u00e8s de 65 % de l&rsquo;effet de serre anthropique, c&rsquo;est-\u00e0-dire d\u00fb aux activit\u00e9s humaines. Sa concentration dans l\u2019atmosph\u00e8re a augment\u00e9 de 36 % depuis 1950 (310ppm initialement), malgr\u00e9 tous nos efforts, nous n\u2019atteindrons jamais le 1500ppm en CO2 des serres horticoles<\/p>\n\n\n\n<p class=\"has-heading-font-family has-x-large-font-size\" style=\"line-height:1.2\"><\/p>\n\n\n\n<p class=\"has-heading-font-family has-x-large-font-size\" style=\"line-height:1.2\"><\/p>\n\n\n\n<div class=\"wp-block-group has-global-padding is-content-justification-left is-layout-constrained wp-container-core-group-is-layout-9fe8ed88 wp-block-group-is-layout-constrained\">\n<p class=\"wp-container-content-0733e5d0\"><\/p>\n\n\n\n<div class=\"wp-block-buttons is-layout-flex wp-block-buttons-is-layout-flex\"><\/div>\n<\/div>\n<\/div>\n<\/div>\n\n\n\n<div class=\"wp-block-column is-vertically-aligned-center is-layout-flow wp-block-column-is-layout-flow\" style=\"flex-basis:50%\">\n<figure class=\"wp-block-image size-full is-style-default\"><img loading=\"lazy\" decoding=\"async\" width=\"848\" height=\"853\" src=\"https:\/\/neuroleak.fr\/wp-content\/uploads\/2024\/12\/OURS001.jpg\" alt=\"\" class=\"wp-image-795\" style=\"aspect-ratio:3\/4;object-fit:cover\" srcset=\"https:\/\/neuroleak.fr\/wp-content\/uploads\/2024\/12\/OURS001.jpg 848w, https:\/\/neuroleak.fr\/wp-content\/uploads\/2024\/12\/OURS001-298x300.jpg 298w, https:\/\/neuroleak.fr\/wp-content\/uploads\/2024\/12\/OURS001-150x150.jpg 150w, https:\/\/neuroleak.fr\/wp-content\/uploads\/2024\/12\/OURS001-768x773.jpg 768w\" sizes=\"auto, (max-width: 848px) 100vw, 848px\" \/><\/figure>\n<\/div>\n<\/div>\n<\/div>\n\n\n\n<p>Nous savons que l\u2019acc\u00e9l\u00e9ration de la croissance des v\u00e9g\u00e9taux  en pr\u00e9sence de CO2 d\u00e9pend  de l\u2019eau, des nutriments du sol (azote, phosphore), de la lumi\u00e8re, de la temp\u00e9rature. Sur un sol ,\u00e0 nutriments et lumi\u00e8re constants, le r\u00e9chauffement climatique li\u00e9 au CO2 ,est un bienfait<br><br>La surface de la foret en France a augment\u00e9 naturellement de plus de 12% depuis le d\u00e9but du 20eme si\u00e8cle .(3 millions d\u2019hectares). 1 hectare de for\u00eat \u00ab\u00a0standard\u00a0\u00bb Fran\u00e7aise peut fournir 400 000 KWh  en \u00e9nergie.  Le CO2 industriel nous gratifie donc, potentiellement, de 1200 000000000 KWh (soit 1200 TW) depuis 1\/2 si\u00e8cle, (24TWh\/an)  soit 10% de la production totale EDF chaque ann\u00e9e. Dans le Nord-Est de la France, pour un pavillon standard moyen, avec isolation inchang\u00e9e et mode de vie identique, la consommation de gaz de chauffage ,  a diminu\u00e9 de 20% (en KWh, pas en \u20ac) ces 10 derni\u00e8res ann\u00e9es, gr\u00e2ce \u00e0 ce \u00ab\u00a0maudit\u00a0\u00bb changement climatique. Cette douce r\u00e9alit\u00e9  a permis aux habitant du Grand\u2019Est, d\u2019\u00e9conomiser entre autres, sur l\u2019usure des pelles \u00e0 neige, sur la TVA, sur le prix et taxes de gaz de chauffage etc <\/p>\n\n\n\n<p><\/p>\n\n\n\n<div class=\"wp-block-group alignfull has-base-color has-contrast-background-color has-text-color has-background has-link-color wp-elements-ab3168ac7e882841c57570026bf6ad99 has-global-padding is-layout-constrained wp-container-core-group-is-layout-d89aad35 wp-block-group-is-layout-constrained\" style=\"margin-top:0;margin-bottom:0;padding-top:var(--wp--preset--spacing--50);padding-right:var(--wp--preset--spacing--50);padding-bottom:var(--wp--preset--spacing--50);padding-left:var(--wp--preset--spacing--50)\">\n<h2 class=\"wp-block-heading alignwide has-base-color has-text-color has-link-color wp-elements-563bafb38254b6cf7506fad542876129\" style=\"font-size:clamp(2.375rem, 2.375rem + ((1vw - 0.2rem) * 3.375), 4.4rem);letter-spacing:-0.02em\">Que faire des profiteurs climatiques du Nord Est de la France ?<\/h2>\n\n\n\n<hr class=\"wp-block-separator has-text-color has-base-color has-alpha-channel-opacity has-base-background-color has-background is-style-wide\" style=\"margin-top:var(--wp--preset--spacing--30);margin-bottom:var(--wp--preset--spacing--30)\"\/>\n\n\n\n<div class=\"wp-block-group alignwide is-layout-flow wp-block-group-is-layout-flow\">\n<h3 class=\"wp-block-heading alignwide has-base-2-color has-text-color has-link-color wp-elements-2b48e081fa8cb2218cbd4bcc07055d1d\"><\/h3>\n\n\n\n<pre class=\"wp-block-preformatted\"><em><strong>Qu\u2019ils ne se r\u00e9jouissent pas trop vite, ces \u00e9conomies  devrait \u00eatre modul\u00e9es par une taxe solidaire pour l\u2019\u00e9quipement en climatiseurs dans les grandes villes de France et les villes baln\u00e9aires, pour le remplissage en eau des bassines ou piscines , dans l\u2019esprit de l\u2019imp\u00f4t s\u00e9cheresse de 1976 et celui \u00ab\u00a0grand froid\u00a0\u00bb de 1956 ou 1985, jamais cr\u00e9\u00e9 concernant les  aides au chauffage . . Les \u00e9conomistes de Bercy n\u2019ont pas fini de faire r\u00eaver les habitants du Nord-Est de la France de vivre a Paris et poss\u00e9der un ou plusieurs logements sur la Riviera<\/strong><\/em><\/pre>\n\n\n\n<p class=\"has-contrast-1-color has-text-color has-link-color wp-elements-8a6244d0256af1d148be9c6f8727b5fe\"><\/p>\n\n\n\n<p class=\"has-contrast-1-color has-text-color has-link-color wp-elements-8a6244d0256af1d148be9c6f8727b5fe\"><\/p>\n\n\n\n<div style=\"margin-top:var(--wp--preset--spacing--10);margin-bottom:0;height:var(--wp--preset--spacing--10)\" aria-hidden=\"true\" class=\"wp-block-spacer\"><\/div>\n<\/div>\n<\/div>\n\n\n\n<p><\/p>\n","protected":false},"excerpt":{"rendered":"<p>le dioxyde de carbone (CO2) est responsable de pr\u00e8s de 65 % de l&rsquo;effet de serre anthropique, c&rsquo;est-\u00e0-dire d\u00fb aux activit\u00e9s humaines. Sa concentration dans l\u2019atmosph\u00e8re a augment\u00e9 de 36 % depuis 1950 (310ppm initialement), malgr\u00e9 tous nos efforts, nous n\u2019atteindrons jamais le 1500ppm en CO2 des serres horticoles Nous savons que l\u2019acc\u00e9l\u00e9ration de la [&hellip;]<\/p>\n","protected":false},"author":1,"featured_media":0,"parent":0,"menu_order":0,"comment_status":"closed","ping_status":"closed","template":"","meta":{"footnotes":""},"class_list":["post-900","page","type-page","status-publish","hentry"],"_links":{"self":[{"href":"https:\/\/neuroleak.fr\/index.php?rest_route=\/wp\/v2\/pages\/900","targetHints":{"allow":["GET"]}}],"collection":[{"href":"https:\/\/neuroleak.fr\/index.php?rest_route=\/wp\/v2\/pages"}],"about":[{"href":"https:\/\/neuroleak.fr\/index.php?rest_route=\/wp\/v2\/types\/page"}],"author":[{"embeddable":true,"href":"https:\/\/neuroleak.fr\/index.php?rest_route=\/wp\/v2\/users\/1"}],"replies":[{"embeddable":true,"href":"https:\/\/neuroleak.fr\/index.php?rest_route=%2Fwp%2Fv2%2Fcomments&post=900"}],"version-history":[{"count":9,"href":"https:\/\/neuroleak.fr\/index.php?rest_route=\/wp\/v2\/pages\/900\/revisions"}],"predecessor-version":[{"id":982,"href":"https:\/\/neuroleak.fr\/index.php?rest_route=\/wp\/v2\/pages\/900\/revisions\/982"}],"wp:attachment":[{"href":"https:\/\/neuroleak.fr\/index.php?rest_route=%2Fwp%2Fv2%2Fmedia&parent=900"}],"curies":[{"name":"wp","href":"https:\/\/api.w.org\/{rel}","templated":true}]}}