{"id":927,"date":"2025-07-17T14:45:37","date_gmt":"2025-07-17T12:45:37","guid":{"rendered":"https:\/\/neuroleak.fr\/?page_id=927"},"modified":"2025-12-11T09:55:36","modified_gmt":"2025-12-11T08:55:36","slug":"budget-2026-quel-butin-de-fete","status":"publish","type":"page","link":"https:\/\/neuroleak.fr\/?page_id=927","title":{"rendered":"ELUS-Budget 2026, quel butin de f\u00eate !"},"content":{"rendered":"\n<div class=\"wp-block-group alignfull has-accent-background-color has-background has-global-padding is-layout-constrained wp-container-core-group-is-layout-669513ed wp-block-group-is-layout-constrained\" style=\"margin-top:0;margin-bottom:0;padding-top:var(--wp--preset--spacing--50);padding-right:var(--wp--preset--spacing--50);padding-bottom:var(--wp--preset--spacing--50);padding-left:var(--wp--preset--spacing--50)\">\n<div class=\"wp-block-columns alignwide is-layout-flex wp-container-core-columns-is-layout-1da03c2a wp-block-columns-is-layout-flex\">\n<div class=\"wp-block-column is-vertically-aligned-stretch is-layout-flow wp-block-column-is-layout-flow\" style=\"flex-basis:50%\">\n<div class=\"wp-block-group is-vertical is-content-justification-stretch is-layout-flex wp-container-core-group-is-layout-444d5ee8 wp-block-group-is-layout-flex\" style=\"min-height:100%\">\n<p class=\"has-heading-font-family has-x-large-font-size\" style=\"line-height:1.2\"><strong>Ce que nos \u00e9lus ne savent plus:<\/strong><\/p>\n\n\n\n<p class=\"has-heading-font-family has-x-large-font-size\" style=\"line-height:1.2\">les cotisations sociales vers\u00e9es par un employeur \u00e0 un salari\u00e9 mensualis\u00e9 ne varient pas selon que les jours f\u00e9ri\u00e9s tombent en semaine ou en week-end. Un salari\u00e9 mensualis\u00e9 per\u00e7oit un <strong>salaire fixe chaque mois<\/strong><\/p>\n\n\n\n<p class=\"has-heading-font-family has-x-large-font-size\" style=\"line-height:1.2\"><\/p>\n\n\n\n<p class=\"has-heading-font-family has-x-large-font-size\" style=\"line-height:1.2\"><strong>Certains cerveaux <\/strong><strong>\u00e9lus pensent<\/strong><strong> r<\/strong><strong>\u00e9<\/strong><strong>gl<\/strong><strong>er<\/strong><strong> une partie du d\u00e9ficit de la France, <\/strong><strong>avec des arguments li\u00e9s aux jours f\u00e9ri\u00e9s <\/strong><strong>tel<\/strong><strong>s<\/strong><strong> que:<\/strong><\/p>\n\n\n\n<p>*** <em>Pour remplir les \u00e9glises, f\u00eater le Lundi de P\u00e2ques le dimanche<br>*** Pour laisser les cort\u00e8ges reprendre de l\u2019ampleur, ne f\u00eater que les 8 Mai en 2027 et 2033 (weekend)<br>*** Pour satisfaire les Vegans f\u00eater le Mardi gras un Vendredi maigre<\/em><br><br><\/p>\n\n\n\n<div class=\"wp-block-group has-global-padding is-content-justification-left is-layout-constrained wp-container-core-group-is-layout-9fe8ed88 wp-block-group-is-layout-constrained\">\n<p class=\"wp-container-content-0733e5d0\"><\/p>\n\n\n\n<div class=\"wp-block-buttons is-layout-flex wp-block-buttons-is-layout-flex\"><\/div>\n<\/div>\n<\/div>\n<\/div>\n\n\n\n<div class=\"wp-block-column is-vertically-aligned-center is-layout-flow wp-block-column-is-layout-flow\" style=\"flex-basis:50%\">\n<figure class=\"wp-block-image size-full is-resized is-style-default\"><img loading=\"lazy\" decoding=\"async\" width=\"200\" height=\"205\" src=\"https:\/\/neuroleak.fr\/wp-content\/uploads\/2024\/11\/jeuaddiction-2.jpg\" alt=\"\" class=\"wp-image-497\" style=\"aspect-ratio:0.75;object-fit:cover;width:469px;height:auto\"\/><\/figure>\n<\/div>\n<\/div>\n<\/div>\n\n\n\n<p><strong>Le constat de TBB (avec une vieille calculatrice):<\/strong><br><strong> 2 jours de cong\u00e9s pay\u00e9s se traduisent par quelles \u00e9conomies ?<\/strong><\/p>\n\n\n\n<h2 class=\"wp-block-heading\"><strong>LES FAITS:<\/strong><\/h2>\n\n\n\n<p><strong>77% des sources de financement de la s\u00e9curit\u00e9 sociale proviennent des employeurs ,des salari\u00e9s, de la CSG\/CRDS salari\u00e9s, retrait\u00e9s \u2026. Les 23% restant \u00e9tant du reversement partiel par l\u2019\u00e9tat de taxes per\u00e7ues \u00e0 diff\u00e9rents titres<\/strong><\/p>\n\n\n\n<p>Alors , seuls les 5 a 8% d\u2019employ\u00e9s non mensualis\u00e9s vont-ils faire varier de 3 a 4 Milliards d\u2019 Euros \u00e9voqu\u00e9s sans sourcillier par les ministres, d\u00e9put\u00e9s, syndicats, partis politiques ? Ce calcul ne serait-il admis universellement uniquement pour \u00ab&nbsp;occuper&gt; un esprit citoyen d\u00e9ficient ?<\/p>\n\n\n\n<h3 class=\"wp-block-heading\"><strong>L\u2019EXPERIENCE:<\/strong><\/h3>\n\n\n\n<p>Quand une entreprise financi\u00e8rement d\u00e9ficitaire, par absence de march\u00e9s, augmente le temps de travail de ses employ\u00e9s , TBB pense qu\u2019elle perd encore plus d\u2019argent, est-ce faux ?<\/p>\n\n\n\n<p>Quand un pays est en d\u00e9ficit sur ses \u00e9changes commerciaux avec ses partenaires pour cause d\u2019inefficacit\u00e9, en augmentant le temps de pr\u00e9sence des ses inactifs en entreprise, le pays gagne t-il plus d\u2019argent ou en perd-il. ?<\/p>\n\n\n\n<h2 class=\"wp-block-heading\"><strong>LE CALCUL<\/strong><\/h2>\n\n\n\n<p>Seuls les 8% de non mensualis\u00e9s qui, au mieux ( mais rien n\u2019est impossible ) vont cotiser 2 jours de plus sur les 240 jours \u00ab&nbsp;travaill\u00e9s&nbsp;\u00bb vont rapporter : 600*0.08*2\/240 = 0.4 Md \u20ac<\/p>\n\n\n\n<p>Les mensualis\u00e9s ne seront ni impact\u00e9s sur leurs salaires ni sur leurs cotisations.<\/p>\n\n\n\n<p>Avec 2 jours de cong\u00e9s sucr\u00e9s, l&nbsp;\u2018Etat \u00e9conomisera donc 400 Millions d\u2019euros , et perdra 800 millions d\u2019Euros en journ\u00e9es de gr\u00e8ve pr\u00e9-programm\u00e9es , avec quand m\u00eame un gain: le ridicule vu par nos pays voisins.<\/p>\n\n\n\n<p><\/p>\n\n\n\n<div class=\"wp-block-group alignfull has-base-color has-contrast-background-color has-text-color has-background has-link-color wp-elements-2d3b90af4ca954fcae336faac42b7e4d has-global-padding is-layout-constrained wp-container-core-group-is-layout-d89aad35 wp-block-group-is-layout-constrained\" style=\"margin-top:0;margin-bottom:0;padding-top:var(--wp--preset--spacing--50);padding-right:var(--wp--preset--spacing--50);padding-bottom:var(--wp--preset--spacing--50);padding-left:var(--wp--preset--spacing--50)\">\n<h2 class=\"wp-block-heading alignwide has-base-color has-text-color has-link-color wp-elements-4c23cacf79c16feb9c223e5b8a22724a\" style=\"font-size:clamp(2.375rem, 2.375rem + ((1vw - 0.2rem) * 3.375), 4.4rem);letter-spacing:-0.02em\"><em><strong>TBB a t-il une suggestion ?<\/strong><\/em><\/h2>\n\n\n\n<p><strong>OUI <\/strong><strong>MALHEUREUSEMENT<\/strong><strong>:<\/strong><\/p>\n\n\n\n<hr class=\"wp-block-separator has-text-color has-base-color has-alpha-channel-opacity has-base-background-color has-background is-style-wide\" style=\"margin-top:var(--wp--preset--spacing--30);margin-bottom:var(--wp--preset--spacing--30)\"\/>\n\n\n\n<div class=\"wp-block-group alignwide is-layout-flow wp-block-group-is-layout-flow\">\n<h3 class=\"wp-block-heading alignwide has-base-2-color has-text-color has-link-color wp-elements-2b48e081fa8cb2218cbd4bcc07055d1d\"><\/h3>\n\n\n\n<pre class=\"wp-block-preformatted\">Introduire une nouvelle <strong>ligne  POSITIVE de SALAIRE<\/strong> intilul\u00e9e <strong>JFMB<\/strong> (<strong>J<\/strong>our <strong>F<\/strong>\u00e9ri\u00e9 <strong>M<\/strong>al <strong>B<\/strong>arr\u00e9) <strong>sur tous les bons de paye<\/strong> de tous les mensualis\u00e9s, qui <strong>augmentera tous les salaires bruts de 1%<\/strong> , ceci rendra les <strong>employ\u00e9s et syndicats euphoriques<\/strong>, les patrons pas vraiment plus pauvres (pr\u00e9voir quand m\u00eame une nouvelle subvention), et <strong>un gain de 4 a 6 Milllards d\u2019Euros<\/strong> pour la s\u00e9curit\u00e9 sociale (soit un gain presque \u00e9quivalent sur le budget)<br> Mais le plus important est le nombre d\u2019heures de pseudo-d\u00e9bats gagn\u00e9es par nos \u00e9lus et dirigeants, pour s\u2019occuper de sujets plus s\u00e9rieux pour le pays. (TBB esp\u00e8re sinc\u00e8rement que d\u2019autres cr\u00e2nes d\u2019oeufs y ont d\u00e9j\u00e0 pens\u00e9)<br><br>OUF !!!<br><br><br><br><\/pre>\n\n\n\n<div style=\"margin-top:var(--wp--preset--spacing--10);margin-bottom:0;height:var(--wp--preset--spacing--10)\" aria-hidden=\"true\" class=\"wp-block-spacer\"><\/div>\n<\/div>\n<\/div>\n\n\n\n<p><\/p>\n","protected":false},"excerpt":{"rendered":"<p>Ce que nos \u00e9lus ne savent plus: les cotisations sociales vers\u00e9es par un employeur \u00e0 un salari\u00e9 mensualis\u00e9 ne varient pas selon que les jours f\u00e9ri\u00e9s tombent en semaine ou en week-end. Un salari\u00e9 mensualis\u00e9 per\u00e7oit un salaire fixe chaque mois Certains cerveaux \u00e9lus pensent r\u00e9gler une partie du d\u00e9ficit de la France, avec des [&hellip;]<\/p>\n","protected":false},"author":1,"featured_media":0,"parent":0,"menu_order":0,"comment_status":"closed","ping_status":"closed","template":"","meta":{"footnotes":""},"class_list":["post-927","page","type-page","status-publish","hentry"],"_links":{"self":[{"href":"https:\/\/neuroleak.fr\/index.php?rest_route=\/wp\/v2\/pages\/927","targetHints":{"allow":["GET"]}}],"collection":[{"href":"https:\/\/neuroleak.fr\/index.php?rest_route=\/wp\/v2\/pages"}],"about":[{"href":"https:\/\/neuroleak.fr\/index.php?rest_route=\/wp\/v2\/types\/page"}],"author":[{"embeddable":true,"href":"https:\/\/neuroleak.fr\/index.php?rest_route=\/wp\/v2\/users\/1"}],"replies":[{"embeddable":true,"href":"https:\/\/neuroleak.fr\/index.php?rest_route=%2Fwp%2Fv2%2Fcomments&post=927"}],"version-history":[{"count":7,"href":"https:\/\/neuroleak.fr\/index.php?rest_route=\/wp\/v2\/pages\/927\/revisions"}],"predecessor-version":[{"id":963,"href":"https:\/\/neuroleak.fr\/index.php?rest_route=\/wp\/v2\/pages\/927\/revisions\/963"}],"wp:attachment":[{"href":"https:\/\/neuroleak.fr\/index.php?rest_route=%2Fwp%2Fv2%2Fmedia&parent=927"}],"curies":[{"name":"wp","href":"https:\/\/api.w.org\/{rel}","templated":true}]}}