{"id":935,"date":"2025-07-21T16:58:05","date_gmt":"2025-07-21T14:58:05","guid":{"rendered":"https:\/\/neuroleak.fr\/?page_id=935"},"modified":"2025-12-11T10:00:00","modified_gmt":"2025-12-11T09:00:00","slug":"betteraves-et-abeilles-au-sucre","status":"publish","type":"page","link":"https:\/\/neuroleak.fr\/?page_id=935","title":{"rendered":"ECOLO-BETTERAVES et ABEILLES au SUCRE"},"content":{"rendered":"\n<div class=\"wp-block-group alignfull has-accent-background-color has-background has-global-padding is-layout-constrained wp-container-core-group-is-layout-669513ed wp-block-group-is-layout-constrained\" style=\"margin-top:0;margin-bottom:0;padding-top:var(--wp--preset--spacing--50);padding-right:var(--wp--preset--spacing--50);padding-bottom:var(--wp--preset--spacing--50);padding-left:var(--wp--preset--spacing--50)\">\n<div class=\"wp-block-columns alignwide is-layout-flex wp-container-core-columns-is-layout-1da03c2a wp-block-columns-is-layout-flex\">\n<div class=\"wp-block-column is-vertically-aligned-stretch is-layout-flow wp-block-column-is-layout-flow\" style=\"flex-basis:50%\">\n<div class=\"wp-block-group is-vertical is-content-justification-stretch is-layout-flex wp-container-core-group-is-layout-444d5ee8 wp-block-group-is-layout-flex\" style=\"min-height:100%\">\n<p class=\"has-heading-font-family has-x-large-font-size\" style=\"line-height:1.2\">En Europe, <strong>aucun n\u00e9onicotino\u00efde n\u2019est aujourd\u2019hui autoris\u00e9 pour le traitement des semences de betterave sucri\u00e8res<\/strong>.<\/p>\n\n\n\n<p class=\"has-heading-font-family has-x-large-font-size\" style=\"line-height:1.2\">Les aides Europ\u00e9ennes de la PAC sont <strong>\u00ab d\u00e9coupl\u00e9es \u00bb<\/strong> : elles sont <strong>vers\u00e9es ind\u00e9pendamment de la culture ou de l\u2019usage final (alimentaire ou <\/strong><strong>industriel<\/strong>)<\/p>\n\n\n\n<p class=\"has-heading-font-family has-x-large-font-size\" style=\"line-height:1.2\"><\/p>\n\n\n\n<p><\/p>\n\n\n\n<div class=\"wp-block-group has-global-padding is-content-justification-left is-layout-constrained wp-container-core-group-is-layout-9fe8ed88 wp-block-group-is-layout-constrained\">\n<p class=\"wp-container-content-0733e5d0\"><\/p>\n\n\n\n<div class=\"wp-block-buttons is-layout-flex wp-block-buttons-is-layout-flex\">\n<div class=\"wp-block-button\"><a class=\"wp-block-button__link wp-element-button\">Enrobage des semences contre les ravageurs racinaires, ou pulv\u00e9risations a\u00e9riennes contre les ail\u00e9s dont les pollinisateurs ? Encapsulage avec des subventions ? Nos vaillants \u00e9lus vont devoir choisir. <\/a><\/div>\n\n\n\n<div class=\"wp-block-button\"><a class=\"wp-block-button__link wp-element-button\">POUR INFO: 100% du mais US trait\u00e9 aux n\u00e9onicotinoides (ainsi que beaucoup d&rsquo;autres fruits-l\u00e9gumes), 1.5 Md USD de march\u00e9 mondial pour ces produits chimiques, aucune cons\u00e9quences sur le cerveau aurait d\u00e9clar\u00e9 Donald Trump.<\/a><\/div>\n<\/div>\n<\/div>\n<\/div>\n<\/div>\n\n\n\n<div class=\"wp-block-column is-vertically-aligned-center is-layout-flow wp-block-column-is-layout-flow\" style=\"flex-basis:50%\">\n<figure class=\"wp-block-image size-full is-resized is-style-default\"><img loading=\"lazy\" decoding=\"async\" width=\"803\" height=\"827\" src=\"https:\/\/neuroleak.fr\/wp-content\/uploads\/2025\/07\/OURS008.jpg\" alt=\"\" class=\"wp-image-938\" style=\"aspect-ratio:0.75;object-fit:cover;width:469px;height:auto\" srcset=\"https:\/\/neuroleak.fr\/wp-content\/uploads\/2025\/07\/OURS008.jpg 803w, https:\/\/neuroleak.fr\/wp-content\/uploads\/2025\/07\/OURS008-291x300.jpg 291w, https:\/\/neuroleak.fr\/wp-content\/uploads\/2025\/07\/OURS008-768x791.jpg 768w\" sizes=\"auto, (max-width: 803px) 100vw, 803px\" \/><\/figure>\n<\/div>\n<\/div>\n<\/div>\n\n\n\n<p><\/p>\n\n\n\n<h2 class=\"wp-block-heading\"><strong>LES FAITS:<\/strong><\/h2>\n\n\n\n<p><strong>BRAVO!! la France de 2022<\/strong> des NICOTINOIDES : elle annonce qu\u2019elle n\u2019accorderait <strong>aucune nouvelle d\u00e9rogation pour le traitement des semences de betterave<\/strong>, ni pour 2023 ni pour les ann\u00e9es suivantes<\/p>\n\n\n\n<p><strong>HOU!!! :<\/strong> Les M\u00e9chants: <strong>Pologne<\/strong>, <strong>Slovaquie<\/strong> et <strong>Su\u00e8de<\/strong> disposent d\u2019une <strong>autorisation permanente<\/strong><\/p>\n\n\n\n<p><strong>BEURK!! <\/strong><strong>: Allemagne<\/strong>, <strong>Belgique<\/strong>, <strong>Italie<\/strong> et <strong>Autriche<\/strong> ont des <strong>autorisations annuelles<\/strong><\/p>\n\n\n\n<p><strong>IMPREVU 2025 ? <\/strong>La France d\u00e9tient 30 \u00e0 35 % de la production totale de l&rsquo;UE, produisant la plus grande proportion de betteraves \u00e0 usage carburant dans tout l\u2019UE, et pas beaucoup de monnaie dans la poche.<\/p>\n\n\n\n<p><strong>LES FOURNISSEURS et producteurs d\u2019ac\u00e9tamipride<\/strong> : BASF (de) , Nufarm(au), Sumitomo Chemical(jp), Adama (cn) pour l\u2019UE, frappent \u00e0 la porte?<\/p>\n\n\n\n<h3 class=\"wp-block-heading\"><strong>INTERROGATION:<\/strong><\/h3>\n\n\n\n<p>Alors, <strong>qui va se sucrer<\/strong> vraiment avec ces betteraves industrielles subventionn\u00e9es comme un produit alimentaire ?<\/p>\n\n\n\n<p>Sont ce des <strong>subventions d\u00e9tourn\u00e9es <\/strong>pour l\u2019industrie des v\u00e9hicules thermiques ? en constatant que le \u00ab&nbsp;tout \u00e9lectrique de 2030&nbsp;\u00bb,  si t\u00f4t ,c\u2019est r\u00e2p\u00e9.<\/p>\n\n\n\n<p>Est ce que l\u2019ac\u00e9tamipride est<strong> moins toxique <\/strong>pour les poll\u00e9nisateurs que d\u2019autres n\u00e9onicotino\u00efdes interdits (comme l\u2019imidaclopride, la clothianidine ou le thiam\u00e9thoxame) ou on s\u2019en <strong>tamponne le coquillard ?.<\/strong><\/p>\n\n\n\n<p>Est-ce que l\u2019ac\u00e9tamipride est meilleure pour le <strong>carburateur<\/strong> et bonne pour les <strong>nouveaux n\u00e9s?<\/strong><\/p>\n\n\n\n<h2 class=\"wp-block-heading\"><strong>REVOLTE <\/strong>DANS LA RUCHE<\/h2>\n\n\n\n<p>Vous comprenez maintenant l\u2019attaque des abeilles a Aurillac en Juillet 2025 ,<br>excit\u00e9es par une FNSEA qui ne dit pas tout et qui ne d\u00e9pose pas ses comptes.<\/p>\n\n\n\n<p><\/p>\n\n\n\n<div class=\"wp-block-group alignfull has-base-color has-contrast-background-color has-text-color has-background has-link-color wp-elements-5410e429a01da08df3d15243085f8098 has-global-padding is-layout-constrained wp-container-core-group-is-layout-d89aad35 wp-block-group-is-layout-constrained\" style=\"margin-top:0;margin-bottom:0;padding-top:var(--wp--preset--spacing--50);padding-right:var(--wp--preset--spacing--50);padding-bottom:var(--wp--preset--spacing--50);padding-left:var(--wp--preset--spacing--50)\">\n<h2 class=\"wp-block-heading alignwide has-base-color has-text-color has-link-color wp-elements-4c23cacf79c16feb9c223e5b8a22724a\" style=\"font-size:clamp(2.375rem, 2.375rem + ((1vw - 0.2rem) * 3.375), 4.4rem);letter-spacing:-0.02em\"><em><strong>TBB a t-il une suggestion ?<\/strong><\/em><\/h2>\n\n\n\n<p>NON, MAIS CE COUP CI , ON A DU BOL<strong>:<\/strong><\/p>\n\n\n\n<hr class=\"wp-block-separator has-text-color has-base-color has-alpha-channel-opacity has-base-background-color has-background is-style-wide\" style=\"margin-top:var(--wp--preset--spacing--30);margin-bottom:var(--wp--preset--spacing--30)\"\/>\n\n\n\n<div class=\"wp-block-group alignwide is-layout-flow wp-block-group-is-layout-flow\">\n<h3 class=\"wp-block-heading alignwide has-base-2-color has-text-color has-link-color wp-elements-2b48e081fa8cb2218cbd4bcc07055d1d\"><\/h3>\n\n\n\n<pre class=\"wp-block-preformatted\">Compte tenu de la faible natalit\u00e9 constat\u00e9e chez nos enfants, leur descendance ne devrait pas subir trop de pertes<br><br><br><br><\/pre>\n\n\n\n<div style=\"margin-top:var(--wp--preset--spacing--10);margin-bottom:0;height:var(--wp--preset--spacing--10)\" aria-hidden=\"true\" class=\"wp-block-spacer\"><\/div>\n<\/div>\n<\/div>\n\n\n\n<p><\/p>\n","protected":false},"excerpt":{"rendered":"<p>En Europe, aucun n\u00e9onicotino\u00efde n\u2019est aujourd\u2019hui autoris\u00e9 pour le traitement des semences de betterave sucri\u00e8res. Les aides Europ\u00e9ennes de la PAC sont \u00ab d\u00e9coupl\u00e9es \u00bb : elles sont vers\u00e9es ind\u00e9pendamment de la culture ou de l\u2019usage final (alimentaire ou industriel) LES FAITS: BRAVO!! la France de 2022 des NICOTINOIDES : elle annonce qu\u2019elle n\u2019accorderait aucune [&hellip;]<\/p>\n","protected":false},"author":1,"featured_media":0,"parent":0,"menu_order":0,"comment_status":"closed","ping_status":"closed","template":"","meta":{"footnotes":""},"class_list":["post-935","page","type-page","status-publish","hentry"],"_links":{"self":[{"href":"https:\/\/neuroleak.fr\/index.php?rest_route=\/wp\/v2\/pages\/935","targetHints":{"allow":["GET"]}}],"collection":[{"href":"https:\/\/neuroleak.fr\/index.php?rest_route=\/wp\/v2\/pages"}],"about":[{"href":"https:\/\/neuroleak.fr\/index.php?rest_route=\/wp\/v2\/types\/page"}],"author":[{"embeddable":true,"href":"https:\/\/neuroleak.fr\/index.php?rest_route=\/wp\/v2\/users\/1"}],"replies":[{"embeddable":true,"href":"https:\/\/neuroleak.fr\/index.php?rest_route=%2Fwp%2Fv2%2Fcomments&post=935"}],"version-history":[{"count":5,"href":"https:\/\/neuroleak.fr\/index.php?rest_route=\/wp\/v2\/pages\/935\/revisions"}],"predecessor-version":[{"id":972,"href":"https:\/\/neuroleak.fr\/index.php?rest_route=\/wp\/v2\/pages\/935\/revisions\/972"}],"wp:attachment":[{"href":"https:\/\/neuroleak.fr\/index.php?rest_route=%2Fwp%2Fv2%2Fmedia&parent=935"}],"curies":[{"name":"wp","href":"https:\/\/api.w.org\/{rel}","templated":true}]}}